{"id":10465,"date":"2024-08-20T18:02:45","date_gmt":"2024-08-20T16:02:45","guid":{"rendered":"https:\/\/raal.janlankas.com\/trans\/?page_id=10465"},"modified":"2025-06-07T20:25:34","modified_gmt":"2025-06-07T18:25:34","slug":"prevod-licence","status":"publish","type":"page","link":"https:\/\/raal.janlankas.com\/trans\/prevod-licence\/","title":{"rendered":"P\u0159evod licence"},"content":{"rendered":"\t\t<div data-elementor-type=\"wp-page\" data-elementor-id=\"10465\" class=\"elementor elementor-10465\">\n\t\t\t\t        <section class=\"elementor-section elementor-top-section elementor-element elementor-element-dd2e977 elementor-section-boxed elementor-section-height-default elementor-section-height-default pxl-row-scroll-none pxl-section-overflow-visible pxl-bg-color-none pxl-section-overlay-none\" data-id=\"dd2e977\" data-element_type=\"section\" data-e-type=\"section\">\n\n                \n                <div class=\"elementor-container elementor-column-gap-default \">\n                <div class=\"elementor-column elementor-col-100 elementor-top-column elementor-element elementor-element-6bd9e93 pxl-column-none pxl-column-overflow-hidden-no\" data-id=\"6bd9e93\" data-element_type=\"column\" data-e-type=\"column\">\r\n        <div class=\"elementor-widget-wrap elementor-element-populated\">\r\n                     \r\n        \t\t<div class=\"elementor-element elementor-element-5d9a48d elementor-widget elementor-widget-pxl_heading\" data-id=\"5d9a48d\" data-element_type=\"widget\" data-e-type=\"widget\" data-widget_type=\"pxl_heading.default\">\n\t\t\t\t<div class=\"elementor-widget-container\">\n\t\t\t\t\t<div id=\"pxl-pxl_heading-5d9a48d-5034\" class=\"pxl-heading pxl-heading--tcustom px-sub-title-default-style\">\n\t<div class=\"pxl-heading--inner\">\n\t\t\t\t\t\n\t<h2 class=\"pxl-item--title \" data-wow-delay=\"ms\">\n\t\u017d\u00e1dost o p\u0159evod licence\n\t\t\t\n\t<\/h2>\n\t\n<\/div>\n<\/div>\t\t\t\t<\/div>\n\t\t\t\t<\/div>\n\t\t\t\t<div class=\"elementor-element elementor-element-50a401f elementor-widget-divider--view-line elementor-widget elementor-widget-divider\" data-id=\"50a401f\" data-element_type=\"widget\" data-e-type=\"widget\" data-widget_type=\"divider.default\">\n\t\t\t\t<div class=\"elementor-widget-container\">\n\t\t\t\t\t\t\t<div class=\"elementor-divider\">\n\t\t\t<span class=\"elementor-divider-separator\">\n\t\t\t\t\t\t<\/span>\n\t\t<\/div>\n\t\t\t\t\t\t<\/div>\n\t\t\t\t<\/div>\n\t\t            <\/div>\r\n        <\/div>\r\n        \t\t\t<\/div>\n\t\t<\/section>\n\t\t        <section class=\"elementor-section elementor-top-section elementor-element elementor-element-ec53710 elementor-section-boxed elementor-section-height-default elementor-section-height-default pxl-row-scroll-none pxl-section-overflow-visible pxl-bg-color-none pxl-section-overlay-none\" data-id=\"ec53710\" data-element_type=\"section\" data-e-type=\"section\">\n\n                \n                <div class=\"elementor-container elementor-column-gap-default \">\n                <div class=\"elementor-column elementor-col-100 elementor-top-column elementor-element elementor-element-d60ba7b pxl-column-none pxl-column-overflow-hidden-no\" data-id=\"d60ba7b\" data-element_type=\"column\" data-e-type=\"column\">\r\n        <div class=\"elementor-widget-wrap elementor-element-populated\">\r\n                     \r\n        \t\t<div class=\"elementor-element elementor-element-6bb3ce3 elementor-widget elementor-widget-pxl_text_editor\" data-id=\"6bb3ce3\" data-element_type=\"widget\" data-e-type=\"widget\" data-widget_type=\"pxl_text_editor.default\">\n\t\t\t\t<div class=\"elementor-widget-container\">\n\t\t\t\t\t<div class=\"pxl-text-editor\">\n\t<div class=\"pxl-item--inner \" data-wow-delay=\"ms\">\n\t\t<p><strong>V\u00fd\u0148atek z licen\u010dn\u00edch podm\u00ednek, kter\u00e9 byly u\u017eivatelem p\u0159ijaty<\/strong><\/p><ul><li>\u00a0Pr\u00e1va k\u00a0vyu\u017e\u00edv\u00e1n\u00ed software a p\u0159\u00edstupu do databanky RAALTRANS se \u0159\u00edd\u00ed\u00a0licen\u010dn\u00edmi podm\u00ednkami, kter\u00e9 byly p\u0159ijaty potvrzen\u00edm licen\u010dn\u00ed smlouvy v\u00a0souladu se Smlouvou o poskytov\u00e1n\u00ed dopravn\u00edch informac\u00ed<\/li><\/ul><ul><li>U\u017eivatel nem\u016f\u017ee pr\u00e1va a povinnosti z t\u00e9to licence postoupit t\u0159et\u00ed osob\u011b bez p\u0159edchoz\u00edho p\u00edsemn\u00e9ho souhlasu poskytovatele a nen\u00ed opr\u00e1vn\u011bn software \u017e\u00e1dn\u00fdm zp\u016fsobem upravovat ani do n\u011bj zasahovat, ani jej u\u010dinit sou\u010d\u00e1st\u00ed jin\u00e9ho produktu..<\/li><\/ul><ul><li>P\u0159evody licenc\u00ed a u\u017eivatelsk\u00fdch k\u00f3d\u016f jsou \u0159e\u0161eny individu\u00e1ln\u011b. \u017d\u00e1dosti pos\u00edlejte volnou formou emailem. Nezapome\u0148te uv\u00e9st V\u00e1\u0161 u\u017eivatelsk\u00fd k\u00f3d, n\u00e1zev a I\u010cO a tak\u00e9 n\u00e1zev a I\u010cO nov\u00e9ho subjektu, na kter\u00fd chcete licenci p\u0159ev\u00e9st.<\/li><\/ul>\t\t\n\t<\/div>\n<\/div>\t\t\t\t<\/div>\n\t\t\t\t<\/div>\n\t\t            <\/div>\r\n        <\/div>\r\n        \t\t\t<\/div>\n\t\t<\/section>\n\t\t        <section class=\"elementor-section elementor-top-section elementor-element elementor-element-0c08fe6 elementor-section-boxed elementor-section-height-default elementor-section-height-default pxl-row-scroll-none pxl-section-overflow-visible pxl-bg-color-none pxl-section-overlay-none\" data-id=\"0c08fe6\" data-element_type=\"section\" data-e-type=\"section\">\n\n                \n                <div class=\"elementor-container elementor-column-gap-default \">\n                <div class=\"elementor-column elementor-col-100 elementor-top-column elementor-element elementor-element-0ee712d pxl-column-none pxl-column-overflow-hidden-no\" data-id=\"0ee712d\" data-element_type=\"column\" data-e-type=\"column\">\r\n        <div class=\"elementor-widget-wrap elementor-element-populated\">\r\n                     \r\n        \t\t<div class=\"elementor-element elementor-element-fc4f82d elementor-widget elementor-widget-pxl_text_editor\" data-id=\"fc4f82d\" data-element_type=\"widget\" data-e-type=\"widget\" data-widget_type=\"pxl_text_editor.default\">\n\t\t\t\t<div class=\"elementor-widget-container\">\n\t\t\t\t\t<div class=\"pxl-text-editor\">\n\t<div class=\"pxl-item--inner \" data-wow-delay=\"ms\">\n\t\t<p><strong>!! \u017d\u00e1dosti o p\u0159evod licence pos\u00edlejte emailem na info@raal.cz !!!<\/strong><\/p>\t\t\n\t<\/div>\n<\/div>\t\t\t\t<\/div>\n\t\t\t\t<\/div>\n\t\t            <\/div>\r\n        <\/div>\r\n        \t\t\t<\/div>\n\t\t<\/section>\n\t\t        <section class=\"elementor-section elementor-top-section elementor-element elementor-element-487986a elementor-section-boxed elementor-section-height-default elementor-section-height-default pxl-row-scroll-none pxl-section-overflow-visible pxl-bg-color-none pxl-section-overlay-none\" data-id=\"487986a\" data-element_type=\"section\" data-e-type=\"section\">\n\n                \n                <div class=\"elementor-container elementor-column-gap-default \">\n                <div class=\"elementor-column elementor-col-100 elementor-top-column elementor-element elementor-element-bc72981 pxl-column-none pxl-column-overflow-hidden-no\" data-id=\"bc72981\" data-element_type=\"column\" data-e-type=\"column\">\r\n        <div class=\"elementor-widget-wrap elementor-element-populated\">\r\n                     \r\n        \t\t<div class=\"elementor-element elementor-element-5079825 elementor-widget elementor-widget-pxl_text_editor\" data-id=\"5079825\" data-element_type=\"widget\" data-e-type=\"widget\" data-widget_type=\"pxl_text_editor.default\">\n\t\t\t\t<div class=\"elementor-widget-container\">\n\t\t\t\t\t<div class=\"pxl-text-editor\">\n\t<div class=\"pxl-item--inner \" data-wow-delay=\"ms\">\n\t\tPro bli\u017e\u0161\u00ed informace se obra\u0165te na telefon <a href=\"tel:+420495217481\">+420 495 217 481 <\/a> nebo na e-mail<a href=\"mailto:info@raal.cz\"> info@raal.cz<\/a>.\t\t\n\t<\/div>\n<\/div>\t\t\t\t<\/div>\n\t\t\t\t<\/div>\n\t\t            <\/div>\r\n        <\/div>\r\n        \t\t\t<\/div>\n\t\t<\/section>\n\t\t\t\t<\/div>\n\t\t","protected":false},"excerpt":{"rendered":"<p>\u017d\u00e1dost o p\u0159evod licence V\u00fd\u0148atek z licen\u010dn\u00edch podm\u00ednek, kter\u00e9 byly u\u017eivatelem p\u0159ijaty \u00a0Pr\u00e1va k\u00a0vyu\u017e\u00edv\u00e1n\u00ed software a p\u0159\u00edstupu do databanky RAALTRANS se \u0159\u00edd\u00ed\u00a0licen\u010dn\u00edmi podm\u00ednkami, kter\u00e9 byly p\u0159ijaty potvrzen\u00edm licen\u010dn\u00ed smlouvy v\u00a0souladu se Smlouvou o poskytov\u00e1n\u00ed dopravn\u00edch informac\u00ed U\u017eivatel nem\u016f\u017ee pr\u00e1va a povinnosti z t\u00e9to licence postoupit t\u0159et\u00ed osob\u011b bez p\u0159edchoz\u00edho p\u00edsemn\u00e9ho souhlasu poskytovatele a nen\u00ed opr\u00e1vn\u011bn [&hellip;]<\/p>\n","protected":false},"author":1,"featured_media":0,"parent":0,"menu_order":0,"comment_status":"closed","ping_status":"closed","template":"","meta":{"footnotes":""},"class_list":["post-10465","page","type-page","status-publish","hentry"],"rttpg_featured_image_url":null,"rttpg_author":{"display_name":"janlankas","author_link":"https:\/\/raal.janlankas.com\/trans\/author\/janlankas\/"},"rttpg_comment":0,"rttpg_category":" <a href=\"https:\/\/raal.janlankas.com\/trans\/\" rel=\"tag\">\u010ce\u0161tina<\/a>","rttpg_excerpt":"\u017d\u00e1dost o p\u0159evod licence V\u00fd\u0148atek z licen\u010dn\u00edch podm\u00ednek, kter\u00e9 byly u\u017eivatelem p\u0159ijaty \u00a0Pr\u00e1va k\u00a0vyu\u017e\u00edv\u00e1n\u00ed software a p\u0159\u00edstupu do databanky RAALTRANS se \u0159\u00edd\u00ed\u00a0licen\u010dn\u00edmi podm\u00ednkami, kter\u00e9 byly p\u0159ijaty potvrzen\u00edm licen\u010dn\u00ed smlouvy v\u00a0souladu se Smlouvou o poskytov\u00e1n\u00ed dopravn\u00edch informac\u00ed U\u017eivatel nem\u016f\u017ee pr\u00e1va a povinnosti z t\u00e9to licence postoupit t\u0159et\u00ed osob\u011b bez p\u0159edchoz\u00edho p\u00edsemn\u00e9ho souhlasu poskytovatele a nen\u00ed opr\u00e1vn\u011bn&hellip;","_links":{"self":[{"href":"https:\/\/raal.janlankas.com\/trans\/wp-json\/wp\/v2\/pages\/10465","targetHints":{"allow":["GET"]}}],"collection":[{"href":"https:\/\/raal.janlankas.com\/trans\/wp-json\/wp\/v2\/pages"}],"about":[{"href":"https:\/\/raal.janlankas.com\/trans\/wp-json\/wp\/v2\/types\/page"}],"author":[{"embeddable":true,"href":"https:\/\/raal.janlankas.com\/trans\/wp-json\/wp\/v2\/users\/1"}],"replies":[{"embeddable":true,"href":"https:\/\/raal.janlankas.com\/trans\/wp-json\/wp\/v2\/comments?post=10465"}],"version-history":[{"count":41,"href":"https:\/\/raal.janlankas.com\/trans\/wp-json\/wp\/v2\/pages\/10465\/revisions"}],"predecessor-version":[{"id":12378,"href":"https:\/\/raal.janlankas.com\/trans\/wp-json\/wp\/v2\/pages\/10465\/revisions\/12378"}],"wp:attachment":[{"href":"https:\/\/raal.janlankas.com\/trans\/wp-json\/wp\/v2\/media?parent=10465"}],"curies":[{"name":"wp","href":"https:\/\/api.w.org\/{rel}","templated":true}]}}