{"id":10474,"date":"2024-11-12T18:50:03","date_gmt":"2024-11-12T17:50:03","guid":{"rendered":"https:\/\/raal.janlankas.com\/trans\/?page_id=10474"},"modified":"2025-03-26T10:42:16","modified_gmt":"2025-03-26T09:42:16","slug":"skoleni","status":"publish","type":"page","link":"https:\/\/raal.janlankas.com\/trans\/skoleni\/","title":{"rendered":"\u0160kolen\u00ed"},"content":{"rendered":"\t\t<div data-elementor-type=\"wp-page\" data-elementor-id=\"10474\" class=\"elementor elementor-10474\">\n\t\t\t\t        <section class=\"elementor-section elementor-top-section elementor-element elementor-element-091575e elementor-section-stretched elementor-section-boxed elementor-section-height-default elementor-section-height-default pxl-row-scroll-none pxl-section-overflow-visible pxl-bg-color-none pxl-section-overlay-none\" data-id=\"091575e\" data-element_type=\"section\" data-e-type=\"section\" data-settings=\"{&quot;stretch_section&quot;:&quot;section-stretched&quot;}\">\n\n                \n                <div class=\"elementor-container elementor-column-gap-extended \">\n                <div class=\"elementor-column elementor-col-50 elementor-top-column elementor-element elementor-element-e8ba9bd pxl-column-none pxl-column-overflow-hidden-no\" data-id=\"e8ba9bd\" data-element_type=\"column\" data-e-type=\"column\">\r\n        <div class=\"elementor-widget-wrap elementor-element-populated\">\r\n                     \r\n        \t\t<div class=\"elementor-element elementor-element-b698898 elementor-widget elementor-widget-pxl_heading\" data-id=\"b698898\" data-element_type=\"widget\" data-e-type=\"widget\" data-widget_type=\"pxl_heading.default\">\n\t\t\t\t<div class=\"elementor-widget-container\">\n\t\t\t\t\t<div id=\"pxl-pxl_heading-b698898-8170\" class=\"pxl-heading pxl-heading--tcustom px-sub-title-box-style\">\n\t<div class=\"pxl-heading--inner\">\n\t\t\t\t\n\t\t<div class=\"pxl-item--subtitle px-sub-title-box \" data-wow-delay=\"ms\">\n\t\t\t<span class=\"pxl-item--subtext\">\n\t\t\t\t\t\t\t\tNA\u0160E \u0160KOLEN\u00cd\t\t\t<\/span>\n\t\t<\/div>\n\t\t\n\t<h3 class=\"pxl-item--title \" data-wow-delay=\"ms\">\n\tONLINE \u0160kolen\u00ed u\u017eivatel\u016f a z\u00e1jemc\u016f o databanku RAALTRANS\t\t\t\n\t<\/h3>\n\t\n<\/div>\n<\/div>\t\t\t\t<\/div>\n\t\t\t\t<\/div>\n\t\t        <section class=\"elementor-section elementor-inner-section elementor-element elementor-element-99dbc53 elementor-section-boxed elementor-section-height-default elementor-section-height-default pxl-row-scroll-none pxl-section-overflow-visible pxl-bg-color-none pxl-section-overlay-none\" data-id=\"99dbc53\" data-element_type=\"section\" data-e-type=\"section\">\n\n                \n                <div class=\"elementor-container elementor-column-gap-default \">\n                <div class=\"elementor-column elementor-col-100 elementor-inner-column elementor-element elementor-element-1ec0c66 pxl-column-none pxl-column-overflow-hidden-no\" data-id=\"1ec0c66\" data-element_type=\"column\" data-e-type=\"column\" data-settings=\"{&quot;background_background&quot;:&quot;classic&quot;}\">\r\n        <div class=\"elementor-widget-wrap elementor-element-populated\">\r\n                     \r\n        \t\t<div class=\"elementor-element elementor-element-8f1691c elementor-widget elementor-widget-pxl_heading\" data-id=\"8f1691c\" data-element_type=\"widget\" data-e-type=\"widget\" data-widget_type=\"pxl_heading.default\">\n\t\t\t\t<div class=\"elementor-widget-container\">\n\t\t\t\t\t<div id=\"pxl-pxl_heading-8f1691c-1333\" class=\"pxl-heading pxl-heading--tcustom px-sub-title-default-style\">\n\t<div class=\"pxl-heading--inner\">\n\t\t\t\t\t\n\t<h3 class=\"pxl-item--title \" data-wow-delay=\"ms\">\n\tNevyhovuj\u00ed V\u00e1m tyto term\u00edny?\t\t\t\n\t<\/h3>\n\t\n<\/div>\n<\/div>\t\t\t\t<\/div>\n\t\t\t\t<\/div>\n\t\t\t\t<div class=\"elementor-element elementor-element-a13ee64 elementor-widget elementor-widget-pxl_text_editor\" data-id=\"a13ee64\" data-element_type=\"widget\" data-e-type=\"widget\" data-widget_type=\"pxl_text_editor.default\">\n\t\t\t\t<div class=\"elementor-widget-container\">\n\t\t\t\t\t<div class=\"pxl-text-editor\">\n\t<div class=\"pxl-item--inner \" data-wow-delay=\"ms\">\n\t\tV p\u0159\u00edpad\u011b, \u017ee V\u00e1m nevyhovuj\u00ed \u010dasy \u0161kolen\u00ed, nab\u00edz\u00edme individu\u00e1ln\u00ed \u0161kolen\u00ed v \u010dase, kter\u00fd se hod\u00ed V\u00e1m.\t\t\n\t<\/div>\n<\/div>\t\t\t\t<\/div>\n\t\t\t\t<\/div>\n\t\t\t\t<div class=\"elementor-element elementor-element-60e555f elementor-widget__width-initial elementor-widget elementor-widget-pxl_button\" data-id=\"60e555f\" data-element_type=\"widget\" data-e-type=\"widget\" data-widget_type=\"pxl_button.default\">\n\t\t\t\t<div class=\"elementor-widget-container\">\n\t\t\t\t\t<div id=\"pxl-pxl_button-60e555f-9836\" class=\"pxl-button  full\" data-wow-delay=\"ms\">\r\n                <a href=\"https:\/\/raal.janlankas.com\/trans\/kontakt\/\" class=\"btn btn-default top-left pxl-icon-active btn-primary  pxl-icon--left\" data-wow-delay=\"ms\">\r\n                                <span class=\"pxl--btn-text\" data-text=\"Zeptat se\">\r\n                Zeptat se                <\/span>\r\n                 \r\n            <\/a>\r\n        <\/div>\t\t\t\t<\/div>\n\t\t\t\t<\/div>\n\t\t            <\/div>\r\n        <\/div>\r\n        \t\t\t<\/div>\n\t\t<\/section>\n\t\t            <\/div>\r\n        <\/div>\r\n                <div class=\"elementor-column elementor-col-50 elementor-top-column elementor-element elementor-element-2b26ba2 pxl-column-none pxl-column-overflow-hidden-no\" data-id=\"2b26ba2\" data-element_type=\"column\" data-e-type=\"column\">\r\n        <div class=\"elementor-widget-wrap elementor-element-populated\">\r\n                     \r\n        \t\t<div class=\"elementor-element elementor-element-cf40186 elementor-widget__width-initial elementor-widget-mobile__width-inherit elementor-widget elementor-widget-shortcode\" data-id=\"cf40186\" data-element_type=\"widget\" data-e-type=\"widget\" data-widget_type=\"shortcode.default\">\n\t\t\t\t<div class=\"elementor-widget-container\">\n\t\t\t\t\t\t\t<div class=\"elementor-shortcode\"><div class=\"booked-calendar-shortcode-wrap\"><div class=\"booked-calendar-wrap large\"><div class=\"booked-calendar\" data-calendar-id=\"115\" data-calendar-date=\"2026-04-01\">\n\t\t<div class=\"bc-head\">\n\n\t\t\t\n\t\t\t<div class=\"bc-row top\">\n\t\t\t\t<div class=\"bc-col\">\n\t\t\t\t\t\t\t\t\t\t<span class=\"calendarSavingState\">\n\t\t\t\t\t\t<i class=\"fa-solid fa-circle-notch fa-spin\"><\/i>\n\t\t\t\t\t<\/span>\n\t\t\t\t\t<span class=\"monthName\">\n\t\t\t\t\t\tDuben 2026\t\t\t\t\t\t\t\t\t\t\t<\/span>\n\t\t\t\t\t<a href=\"#\" data-goto=\"2026-05-01\" class=\"page-right\"><i class=\"fa-solid fa-arrow-right\"><\/i><\/a>\t\t\t\t<\/div>\n\t\t\t<\/div>\n\t\t\t<div class=\"bc-row days\">\n\t\t\t\t\t\t\t\t<div class=\"bc-col\">Po<\/div>\n\t\t\t\t<div class=\"bc-col\">\u00dat<\/div>\n\t\t\t\t<div class=\"bc-col\">St<\/div>\n\t\t\t\t<div class=\"bc-col\">\u010ct<\/div>\n\t\t\t\t<div class=\"bc-col\">P\u00e1<\/div>\n\t\t\t\t<div class=\"bc-col\">So<\/div>\t\t\t\t<div class=\"bc-col\">Ne<\/div>\t\t\t<\/div>\n\t\t<\/div>\n\t\t<div class=\"bc-body\"><div class=\"bc-row week\"><div data-date=\"2026-03-30\" class=\"bc-col prev-month prev-date\"><span class=\"date\"><span class=\"number\">30<\/span><\/span><\/div><div data-date=\"2026-03-31\" class=\"bc-col prev-month prev-date\"><span class=\"date\"><span class=\"number\">31<\/span><\/span><\/div><div data-date=\"2026-04-1\" class=\"bc-col prev-date\"><span class=\"date\"><span class=\"number\">1<\/span><\/span><\/div><div data-date=\"2026-04-2\" class=\"bc-col prev-date\"><span class=\"date\"><span class=\"number\">2<\/span><\/span><\/div><div data-date=\"2026-04-3\" class=\"bc-col prev-date\"><span class=\"date\"><span class=\"number\">3<\/span><\/span><\/div><div data-date=\"2026-04-4\" class=\"bc-col prev-date\"><span class=\"date\"><span class=\"number\">4<\/span><\/span><\/div><div data-date=\"2026-04-5\" class=\"bc-col prev-date\"><span class=\"date\"><span class=\"number\">5<\/span><\/span><\/div><\/div><div class=\"bc-row week\"><div data-date=\"2026-04-6\" class=\"bc-col prev-date\"><span class=\"date\"><span class=\"number\">6<\/span><\/span><\/div><div data-date=\"2026-04-7\" class=\"bc-col prev-date\"><span class=\"date\"><span class=\"number\">7<\/span><\/span><\/div><div data-date=\"2026-04-8\" class=\"bc-col prev-date\"><span class=\"date\"><span class=\"number\">8<\/span><\/span><\/div><div data-date=\"2026-04-9\" class=\"bc-col prev-date\"><span class=\"date\"><span class=\"number\">9<\/span><\/span><\/div><div data-date=\"2026-04-10\" class=\"bc-col prev-date\"><span class=\"date\"><span class=\"number\">10<\/span><\/span><\/div><div data-date=\"2026-04-11\" class=\"bc-col prev-date\"><span class=\"date\"><span class=\"number\">11<\/span><\/span><\/div><div data-date=\"2026-04-12\" class=\"bc-col prev-date\"><span class=\"date\"><span class=\"number\">12<\/span><\/span><\/div><\/div><div class=\"bc-row week\"><div data-date=\"2026-04-13\" class=\"bc-col prev-date\"><span class=\"date\"><span class=\"number\">13<\/span><\/span><\/div><div data-date=\"2026-04-14\" class=\"bc-col prev-date\"><span class=\"date\"><span class=\"number\">14<\/span><\/span><\/div><div data-date=\"2026-04-15\" class=\"bc-col prev-date\"><span class=\"date\"><span class=\"number\">15<\/span><\/span><\/div><div data-date=\"2026-04-16\" class=\"bc-col prev-date\"><span class=\"date\"><span class=\"number\">16<\/span><\/span><\/div><div data-date=\"2026-04-17\" class=\"bc-col prev-date\"><span class=\"date\"><span class=\"number\">17<\/span><\/span><\/div><div data-date=\"2026-04-18\" class=\"bc-col prev-date\"><span class=\"date\"><span class=\"number\">18<\/span><\/span><\/div><div data-date=\"2026-04-19\" class=\"bc-col prev-date\"><span class=\"date\"><span class=\"number\">19<\/span><\/span><\/div><\/div><div class=\"bc-row week\"><div data-date=\"2026-04-20\" class=\"bc-col prev-date\"><span class=\"date\"><span class=\"number\">20<\/span><\/span><\/div><div data-date=\"2026-04-21\" class=\"bc-col prev-date\"><span class=\"date\"><span class=\"number\">21<\/span><\/span><\/div><div data-date=\"2026-04-22\" class=\"bc-col prev-date\"><span class=\"date\"><span class=\"number\">22<\/span><\/span><\/div><div data-date=\"2026-04-23\" class=\"bc-col prev-date\"><span class=\"date\"><span class=\"number\">23<\/span><\/span><\/div><div data-date=\"2026-04-24\" class=\"bc-col prev-date\"><span class=\"date\"><span class=\"number\">24<\/span><\/span><\/div><div data-date=\"2026-04-25\" class=\"bc-col today prev-date\"><span class=\"date\"><span class=\"number\">25<\/span><\/span><\/div><div data-date=\"2026-04-26\" class=\"bc-col prev-date\"><span class=\"date\"><span class=\"number\">26<\/span><\/span><\/div><\/div><div class=\"bc-row week\"><div data-date=\"2026-04-27\" class=\"bc-col prev-date\"><span class=\"date\"><span class=\"number\">27<\/span><\/span><\/div><div data-date=\"2026-04-28\" class=\"bc-col prev-date\"><span class=\"date\"><span class=\"number\">28<\/span><\/span><\/div><div data-date=\"2026-04-29\" class=\"bc-col prev-date\"><span class=\"date\"><span class=\"number\">29<\/span><\/span><\/div><div data-date=\"2026-04-30\" class=\"bc-col prev-date\"><span class=\"date\"><span class=\"number\">30<\/span><\/span><\/div><div data-date=\"2026-05-1\" class=\"bc-col next-month prev-date\"><span class=\"date\"><span class=\"number\">1<\/span><\/span><\/div><div data-date=\"2026-05-2\" class=\"bc-col next-month prev-date\"><span class=\"date\"><span class=\"number\">2<\/span><\/span><\/div><div data-date=\"2026-05-3\" class=\"bc-col next-month prev-date\"><span class=\"date\"><span class=\"number\">3<\/span><\/span><\/div><\/div>\t\t<\/div>\n\t<\/div><\/div><\/div><\/div>\n\t\t\t\t\t\t<\/div>\n\t\t\t\t<\/div>\n\t\t            <\/div>\r\n        <\/div>\r\n        \t\t\t<\/div>\n\t\t<\/section>\n\t\t\t\t<\/div>\n\t\t","protected":false},"excerpt":{"rendered":"<p>NA\u0160E \u0160KOLEN\u00cd ONLINE \u0160kolen\u00ed u\u017eivatel\u016f a z\u00e1jemc\u016f o databanku RAALTRANS Nevyhovuj\u00ed V\u00e1m tyto term\u00edny? V p\u0159\u00edpad\u011b, \u017ee V\u00e1m nevyhovuj\u00ed \u010dasy \u0161kolen\u00ed, nab\u00edz\u00edme individu\u00e1ln\u00ed \u0161kolen\u00ed v \u010dase, kter\u00fd se hod\u00ed V\u00e1m. Zeptat se<\/p>\n","protected":false},"author":1,"featured_media":0,"parent":0,"menu_order":0,"comment_status":"closed","ping_status":"closed","template":"","meta":{"footnotes":""},"class_list":["post-10474","page","type-page","status-publish","hentry"],"rttpg_featured_image_url":null,"rttpg_author":{"display_name":"janlankas","author_link":"https:\/\/raal.janlankas.com\/trans\/author\/janlankas\/"},"rttpg_comment":0,"rttpg_category":" <a href=\"https:\/\/raal.janlankas.com\/trans\/\" rel=\"tag\">\u010ce\u0161tina<\/a>","rttpg_excerpt":"NA\u0160E \u0160KOLEN\u00cd ONLINE \u0160kolen\u00ed u\u017eivatel\u016f a z\u00e1jemc\u016f o databanku RAALTRANS Nevyhovuj\u00ed V\u00e1m tyto term\u00edny? V p\u0159\u00edpad\u011b, \u017ee V\u00e1m nevyhovuj\u00ed \u010dasy \u0161kolen\u00ed, nab\u00edz\u00edme individu\u00e1ln\u00ed \u0161kolen\u00ed v \u010dase, kter\u00fd se hod\u00ed V\u00e1m. Zeptat se","_links":{"self":[{"href":"https:\/\/raal.janlankas.com\/trans\/wp-json\/wp\/v2\/pages\/10474","targetHints":{"allow":["GET"]}}],"collection":[{"href":"https:\/\/raal.janlankas.com\/trans\/wp-json\/wp\/v2\/pages"}],"about":[{"href":"https:\/\/raal.janlankas.com\/trans\/wp-json\/wp\/v2\/types\/page"}],"author":[{"embeddable":true,"href":"https:\/\/raal.janlankas.com\/trans\/wp-json\/wp\/v2\/users\/1"}],"replies":[{"embeddable":true,"href":"https:\/\/raal.janlankas.com\/trans\/wp-json\/wp\/v2\/comments?post=10474"}],"version-history":[{"count":26,"href":"https:\/\/raal.janlankas.com\/trans\/wp-json\/wp\/v2\/pages\/10474\/revisions"}],"predecessor-version":[{"id":11796,"href":"https:\/\/raal.janlankas.com\/trans\/wp-json\/wp\/v2\/pages\/10474\/revisions\/11796"}],"wp:attachment":[{"href":"https:\/\/raal.janlankas.com\/trans\/wp-json\/wp\/v2\/media?parent=10474"}],"curies":[{"name":"wp","href":"https:\/\/api.w.org\/{rel}","templated":true}]}}