{"id":10491,"date":"2024-08-20T18:36:32","date_gmt":"2024-08-20T16:36:32","guid":{"rendered":"https:\/\/raal.janlankas.com\/trans\/?page_id=10491"},"modified":"2026-01-27T09:22:27","modified_gmt":"2026-01-27T08:22:27","slug":"cenik","status":"publish","type":"page","link":"https:\/\/raal.janlankas.com\/trans\/cenik\/","title":{"rendered":"Cen\u00edk"},"content":{"rendered":"\t\t<div data-elementor-type=\"wp-page\" data-elementor-id=\"10491\" class=\"elementor elementor-10491\">\n\t\t\t\t        <section class=\"elementor-section elementor-top-section elementor-element elementor-element-30a0602 elementor-section-stretched elementor-section-boxed elementor-section-height-default elementor-section-height-default pxl-row-scroll-none pxl-section-overflow-visible pxl-bg-color-none pxl-section-overlay-none\" data-id=\"30a0602\" data-element_type=\"section\" data-e-type=\"section\" data-settings=\"{&quot;stretch_section&quot;:&quot;section-stretched&quot;}\">\n\n                \n                <div class=\"elementor-container elementor-column-gap-extended \">\n                <div class=\"elementor-column elementor-col-100 elementor-top-column elementor-element elementor-element-e696870 pxl-column-none pxl-column-overflow-hidden-no\" data-id=\"e696870\" data-element_type=\"column\" data-e-type=\"column\">\r\n        <div class=\"elementor-widget-wrap elementor-element-populated\">\r\n                     \r\n        \t\t<div class=\"elementor-element elementor-element-9557ea8 elementor-widget elementor-widget-pxl_heading\" data-id=\"9557ea8\" data-element_type=\"widget\" data-e-type=\"widget\" data-widget_type=\"pxl_heading.default\">\n\t\t\t\t<div class=\"elementor-widget-container\">\n\t\t\t\t\t<div id=\"pxl-pxl_heading-9557ea8-8644\" class=\"pxl-heading pxl-heading--tcustom px-sub-title-box-style\">\n\t<div class=\"pxl-heading--inner\">\n\t\t\t\t\n\t\t<div class=\"pxl-item--subtitle px-sub-title-box \" data-wow-delay=\"ms\">\n\t\t\t<span class=\"pxl-item--subtext\">\n\t\t\t\t\t\t\t\tPAU\u0160ALN\u00cd PLATBY ZA SLU\u017dBY\t\t\t<\/span>\n\t\t<\/div>\n\t\t\n\t<h3 class=\"pxl-item--title \" data-wow-delay=\"ms\">\n\tCEN\u00cdK\t\t\t\n\t<\/h3>\n\t\n<\/div>\n<\/div>\t\t\t\t<\/div>\n\t\t\t\t<\/div>\n\t\t            <\/div>\r\n        <\/div>\r\n        \t\t\t<\/div>\n\t\t<\/section>\n\t\t        <section class=\"elementor-section elementor-top-section elementor-element elementor-element-16ea83e elementor-section-boxed elementor-section-height-default elementor-section-height-default pxl-row-scroll-none pxl-section-overflow-visible pxl-bg-color-none pxl-section-overlay-none\" data-id=\"16ea83e\" data-element_type=\"section\" data-e-type=\"section\">\n\n                \n                <div class=\"elementor-container elementor-column-gap-default \">\n                <div class=\"elementor-column elementor-col-50 elementor-top-column elementor-element elementor-element-99f3f55 pxl-column-none pxl-column-overflow-hidden-no\" data-id=\"99f3f55\" data-element_type=\"column\" data-e-type=\"column\">\r\n        <div class=\"elementor-widget-wrap elementor-element-populated\">\r\n                     \r\n        \t\t<div class=\"elementor-element elementor-element-b71315b elementor-widget elementor-widget-pxl_pricing\" data-id=\"b71315b\" data-element_type=\"widget\" data-e-type=\"widget\" data-widget_type=\"pxl_pricing.default\">\n\t\t\t\t<div class=\"elementor-widget-container\">\n\t\t\t\t\t<div class=\"pxl-pricing pxl-pricing1  non-popular\" data-wow-delay=\"ms\">\r\n    <div class=\"pxl-item--inner\">\r\n\r\n                \r\n                    <h5 class=\"pxl-item--title el-empty\">\u010ceskoslovensko<\/h5>\r\n                            <p class=\"pxl-item--description el-empty\"><span>Zad\u00e1vejte a vyhled\u00e1vejte nab\u00eddky p\u0159eprav a voln\u00fdch vozidel po \u010cesk\u00e9 republice, Slovensku a navz\u00e1jem mezi t\u011bmito st\u00e1ty<\/span><\/p>\r\n        \r\n        <div class=\"pxl-item--price\">\r\n            <span><\/span><span translate=\"no\">500 K\u010d<\/span><span>\/ ZA M\u011aS\u00cdC<\/span>        <\/div>\r\n\r\n                <div class=\"pxl-item--feature \">\r\n                            <div class=\"is-active \">\r\n                    <div class=\"content\">Databanka<\/div>\r\n                <\/div>\r\n                            <div class=\"is-active \">\r\n                    <div class=\"content\">Mobiln\u00ed aplikace<\/div>\r\n                <\/div>\r\n                            <div class=\"is-active \">\r\n                    <div class=\"content\">Kilometrovn\u00edk<\/div>\r\n                <\/div>\r\n                    <\/div>\r\n                <div class=\"pxl-item--button\">\r\n            <a class=\"btn-see\" href=\"https:\/\/raal.janlankas.com\/trans\/objednavka\/\">\r\n               <i class=\"flaticon flaticon-calendar\"><\/i>Objednat            <\/a>\r\n        <\/div>\r\n                <div class=\"bottom-text\">\r\n            <p>*Cena uvedena bez DPH<\/p>\r\n        <\/div>\r\n    <\/div>\r\n<\/div>\t\t\t\t<\/div>\n\t\t\t\t<\/div>\n\t\t            <\/div>\r\n        <\/div>\r\n                <div class=\"elementor-column elementor-col-50 elementor-top-column elementor-element elementor-element-efa37e9 pxl-column-none pxl-column-overflow-hidden-no\" data-id=\"efa37e9\" data-element_type=\"column\" data-e-type=\"column\">\r\n        <div class=\"elementor-widget-wrap elementor-element-populated\">\r\n                     \r\n        \t\t<div class=\"elementor-element elementor-element-c1d9789 elementor-widget elementor-widget-pxl_pricing\" data-id=\"c1d9789\" data-element_type=\"widget\" data-e-type=\"widget\" data-widget_type=\"pxl_pricing.default\">\n\t\t\t\t<div class=\"elementor-widget-container\">\n\t\t\t\t\t<div class=\"pxl-pricing pxl-pricing1  non-popular\" data-wow-delay=\"ms\">\r\n    <div class=\"pxl-item--inner\">\r\n\r\n                \r\n                    <h5 class=\"pxl-item--title el-empty\">Global<\/h5>\r\n                            <p class=\"pxl-item--description el-empty\"><span>Zad\u00e1vejte a vyhled\u00e1vejte nab\u00eddky p\u0159eprav a voln\u00fdch vozidel odkudkoliv kamkoliv. Cel\u00e1 Evropa i s p\u0159ilehl\u00fdmi oblastmi.   <\/span><\/p>\r\n        \r\n        <div class=\"pxl-item--price\">\r\n            <span><\/span><span translate=\"no\">800 K\u010d<\/span><span>\/ ZA M\u011aS\u00cdC<\/span>\n        <\/div>\r\n\r\n                <div class=\"pxl-item--feature \">\r\n                            <div class=\"is-active \">\r\n                    <div class=\"content\">Databanka<\/div>\r\n                <\/div>\r\n                            <div class=\"is-active \">\r\n                    <div class=\"content\">Mobiln\u00ed aplikace<\/div>\r\n                <\/div>\r\n                            <div class=\"is-active \">\r\n                    <div class=\"content\">Kilometrovn\u00edk<\/div>\r\n                <\/div>\r\n                    <\/div>\r\n                <div class=\"pxl-item--button\">\r\n            <a class=\"btn-see\" href=\"https:\/\/raal.janlankas.com\/trans\/objednavka\/\">\r\n               <i class=\"flaticon flaticon-calendar\"><\/i>Objednat            <\/a>\r\n        <\/div>\r\n                <div class=\"bottom-text\">\r\n            <p>*Cena uvedena bez DPH<\/p>\r\n        <\/div>\r\n    <\/div>\r\n<\/div>\t\t\t\t<\/div>\n\t\t\t\t<\/div>\n\t\t            <\/div>\r\n        <\/div>\r\n        \t\t\t<\/div>\n\t\t<\/section>\n\t\t\t\t<\/div>\n\t\t","protected":false},"excerpt":{"rendered":"<p>PAU\u0160ALN\u00cd PLATBY ZA SLU\u017dBY CEN\u00cdK \u010ceskoslovensko Zad\u00e1vejte a vyhled\u00e1vejte nab\u00eddky p\u0159eprav a voln\u00fdch vozidel po \u010cesk\u00e9 republice, Slovensku a navz\u00e1jem mezi t\u011bmito st\u00e1ty 500 K\u010d\/ ZA M\u011aS\u00cdC Databanka Mobiln\u00ed aplikace Kilometrovn\u00edk Objednat *Cena uvedena bez DPH Global Zad\u00e1vejte a vyhled\u00e1vejte nab\u00eddky p\u0159eprav a voln\u00fdch vozidel odkudkoliv kamkoliv. Cel\u00e1 Evropa i s p\u0159ilehl\u00fdmi oblastmi. 800 K\u010d\/ [&hellip;]<\/p>\n","protected":false},"author":1,"featured_media":0,"parent":0,"menu_order":0,"comment_status":"closed","ping_status":"closed","template":"","meta":{"footnotes":""},"class_list":["post-10491","page","type-page","status-publish","hentry"],"rttpg_featured_image_url":null,"rttpg_author":{"display_name":"janlankas","author_link":"https:\/\/raal.janlankas.com\/trans\/author\/janlankas\/"},"rttpg_comment":0,"rttpg_category":" <a href=\"https:\/\/raal.janlankas.com\/trans\/\" rel=\"tag\">\u010ce\u0161tina<\/a>","rttpg_excerpt":"PAU\u0160ALN\u00cd PLATBY ZA SLU\u017dBY CEN\u00cdK \u010ceskoslovensko Zad\u00e1vejte a vyhled\u00e1vejte nab\u00eddky p\u0159eprav a voln\u00fdch vozidel po \u010cesk\u00e9 republice, Slovensku a navz\u00e1jem mezi t\u011bmito st\u00e1ty 500 K\u010d\/ ZA M\u011aS\u00cdC Databanka Mobiln\u00ed aplikace Kilometrovn\u00edk Objednat *Cena uvedena bez DPH Global Zad\u00e1vejte a vyhled\u00e1vejte nab\u00eddky p\u0159eprav a voln\u00fdch vozidel odkudkoliv kamkoliv. Cel\u00e1 Evropa i s p\u0159ilehl\u00fdmi oblastmi. 800 K\u010d\/&hellip;","_links":{"self":[{"href":"https:\/\/raal.janlankas.com\/trans\/wp-json\/wp\/v2\/pages\/10491","targetHints":{"allow":["GET"]}}],"collection":[{"href":"https:\/\/raal.janlankas.com\/trans\/wp-json\/wp\/v2\/pages"}],"about":[{"href":"https:\/\/raal.janlankas.com\/trans\/wp-json\/wp\/v2\/types\/page"}],"author":[{"embeddable":true,"href":"https:\/\/raal.janlankas.com\/trans\/wp-json\/wp\/v2\/users\/1"}],"replies":[{"embeddable":true,"href":"https:\/\/raal.janlankas.com\/trans\/wp-json\/wp\/v2\/comments?post=10491"}],"version-history":[{"count":38,"href":"https:\/\/raal.janlankas.com\/trans\/wp-json\/wp\/v2\/pages\/10491\/revisions"}],"predecessor-version":[{"id":12805,"href":"https:\/\/raal.janlankas.com\/trans\/wp-json\/wp\/v2\/pages\/10491\/revisions\/12805"}],"wp:attachment":[{"href":"https:\/\/raal.janlankas.com\/trans\/wp-json\/wp\/v2\/media?parent=10491"}],"curies":[{"name":"wp","href":"https:\/\/api.w.org\/{rel}","templated":true}]}}