{"id":10720,"date":"2024-09-19T09:25:33","date_gmt":"2024-09-19T07:25:33","guid":{"rendered":"https:\/\/raal.janlankas.com\/trans\/?page_id=10720"},"modified":"2025-04-23T20:44:13","modified_gmt":"2025-04-23T18:44:13","slug":"kilometrovnik","status":"publish","type":"page","link":"https:\/\/raal.janlankas.com\/trans\/kilometrovnik\/","title":{"rendered":"Kilometrovn\u00edk"},"content":{"rendered":"\t\t<div data-elementor-type=\"wp-page\" data-elementor-id=\"10720\" class=\"elementor elementor-10720\">\n\t\t\t\t        <section class=\"elementor-section elementor-top-section elementor-element elementor-element-d52edd8 elementor-section-stretched pxl-row-scroll-fixed elementor-section-boxed elementor-section-height-default elementor-section-height-default pxl-section-overflow-visible pxl-bg-color-none pxl-section-overlay-none\" data-id=\"d52edd8\" data-element_type=\"section\" data-e-type=\"section\" data-settings=\"{&quot;stretch_section&quot;:&quot;section-stretched&quot;}\">\n\n                \n                <div class=\"elementor-container elementor-column-gap-extended \">\n                <div class=\"elementor-column elementor-col-100 elementor-top-column elementor-element elementor-element-5a0dbae pxl-column-none pxl-column-overflow-hidden-no\" data-id=\"5a0dbae\" data-element_type=\"column\" data-e-type=\"column\">\r\n        <div class=\"elementor-widget-wrap elementor-element-populated\">\r\n                     \r\n                <section class=\"elementor-section elementor-inner-section elementor-element elementor-element-163d905 elementor-section-boxed elementor-section-height-default elementor-section-height-default pxl-row-scroll-none pxl-section-overflow-visible pxl-bg-color-none pxl-section-overlay-none\" data-id=\"163d905\" data-element_type=\"section\" data-e-type=\"section\">\n\n                \n                <div class=\"elementor-container elementor-column-gap-default \">\n                <div class=\"elementor-column elementor-col-50 elementor-inner-column elementor-element elementor-element-68a685d pxl-column-none pxl-column-overflow-hidden-no\" data-id=\"68a685d\" data-element_type=\"column\" data-e-type=\"column\">\r\n        <div class=\"elementor-widget-wrap elementor-element-populated\">\r\n                     \r\n        \t\t<div class=\"elementor-element elementor-element-fbcfd12 elementor-widget elementor-widget-pxl_heading\" data-id=\"fbcfd12\" data-element_type=\"widget\" data-e-type=\"widget\" data-widget_type=\"pxl_heading.default\">\n\t\t\t\t<div class=\"elementor-widget-container\">\n\t\t\t\t\t<div id=\"pxl-pxl_heading-fbcfd12-1309\" class=\"pxl-heading pxl-heading--tcustom px-sub-title-default-style\">\n\t<div class=\"pxl-heading--inner\">\n\t\t\t\t\t\n\t<h3 class=\"pxl-item--title \" data-wow-delay=\"ms\">\n\tKilometrovn\u00edk\t\t\t\n\t<\/h3>\n\t\n<\/div>\n<\/div>\t\t\t\t<\/div>\n\t\t\t\t<\/div>\n\t\t\t\t<div class=\"elementor-element elementor-element-a63a78d elementor-widget-divider--view-line elementor-widget elementor-widget-divider\" data-id=\"a63a78d\" data-element_type=\"widget\" data-e-type=\"widget\" data-widget_type=\"divider.default\">\n\t\t\t\t<div class=\"elementor-widget-container\">\n\t\t\t\t\t\t\t<div class=\"elementor-divider\">\n\t\t\t<span class=\"elementor-divider-separator\">\n\t\t\t\t\t\t<\/span>\n\t\t<\/div>\n\t\t\t\t\t\t<\/div>\n\t\t\t\t<\/div>\n\t\t\t\t<div class=\"elementor-element elementor-element-52a9901 elementor-widget elementor-widget-pxl_text_editor\" data-id=\"52a9901\" data-element_type=\"widget\" data-e-type=\"widget\" data-widget_type=\"pxl_text_editor.default\">\n\t\t\t\t<div class=\"elementor-widget-container\">\n\t\t\t\t\t<div class=\"pxl-text-editor\">\n\t<div class=\"pxl-item--inner \" data-wow-delay=\"ms\">\n\t\t<p>Kilometrovn\u00edk slou\u017e\u00ed k v\u00fdpo\u010dtu a zobrazen\u00ed V\u00e1mi zvolen\u00e9 trasy, n\u00e1klad\u016f na trasu a m\u00fdtn\u00fdch poplatk\u016f v r\u00e1mci cel\u00e9 Evropy a p\u0159ilehl\u00fdch oblast\u00ed. Kilometrovn\u00edk obsahuje jak st\u00e1l\u00e1, tak do\u010dasn\u00e1 omezen\u00ed na pozemn\u00edch komunikac\u00edch. Optim\u00e1ln\u00ed trasa je navr\u017eena s ohledem na V\u00e1mi zvolen\u00e9 parametry vozidla (n\u00e1klady na hodinu, n\u00e1klady na kilometr, emisn\u00ed t\u0159\u00edda, emisn\u00ed typ, rozm\u011bry a v\u00e1ha vozidla, atd.).<br \/>Tyto parametry vozidla je nutno manu\u00e1ln\u011b nastavit v \u201eSEZNAMU VOZIDEL\u201c.<\/p>\t\t\n\t<\/div>\n<\/div>\t\t\t\t<\/div>\n\t\t\t\t<\/div>\n\t\t            <\/div>\r\n        <\/div>\r\n                <div class=\"elementor-column elementor-col-50 elementor-inner-column elementor-element elementor-element-556575e pxl-column-none pxl-column-overflow-hidden-no\" data-id=\"556575e\" data-element_type=\"column\" data-e-type=\"column\">\r\n        <div class=\"elementor-widget-wrap elementor-element-populated\">\r\n                     \r\n        \t\t<div class=\"elementor-element elementor-element-3104f65 elementor-widget elementor-widget-pxl_image\" data-id=\"3104f65\" data-element_type=\"widget\" data-e-type=\"widget\" data-widget_type=\"pxl_image.default\">\n\t\t\t\t<div class=\"elementor-widget-container\">\n\t\t\t\t\t<div id=\"pxl_image-3104f65-1696\" class=\"pxl-image-single  style-default \" data-wow-delay=\"ms\" >\r\n    <div class=\"pxl-item--inner \" data-wow-delay=\"120ms\">\r\n        \r\n                                <div class=\"pxl-item--image\" data-parallax-value=\"\">\r\n                                                    <img fetchpriority=\"high\" decoding=\"async\" width=\"1600\" height=\"757\" src=\"https:\/\/raal.janlankas.com\/trans\/wp-content\/uploads\/2024\/08\/kilometrovnik_obr_1.jpg\" class=\"no-lazyload attachment-full\" alt=\"\" \/>                                            <\/div>\r\n                            \r\n            <\/div>\r\n<\/div>\t\t\t\t<\/div>\n\t\t\t\t<\/div>\n\t\t            <\/div>\r\n        <\/div>\r\n        \t\t\t<\/div>\n\t\t<\/section>\n\t\t\t\t<div class=\"elementor-element elementor-element-1d86ebd elementor-widget elementor-widget-pxl_heading\" data-id=\"1d86ebd\" data-element_type=\"widget\" data-e-type=\"widget\" data-widget_type=\"pxl_heading.default\">\n\t\t\t\t<div class=\"elementor-widget-container\">\n\t\t\t\t\t<div id=\"pxl-pxl_heading-1d86ebd-1201\" class=\"pxl-heading pxl-heading--tcustom px-sub-title-default-style\">\n\t<div class=\"pxl-heading--inner\">\n\t\t\t\t\t\n\t<h3 class=\"pxl-item--title \" data-wow-delay=\"ms\">\n\tNastaven\u00ed \u0161ablony:\t\t\t\n\t<\/h3>\n\t\n<\/div>\n<\/div>\t\t\t\t<\/div>\n\t\t\t\t<\/div>\n\t\t\t\t<div class=\"elementor-element elementor-element-694eb84 elementor-widget-divider--view-line elementor-widget elementor-widget-divider\" data-id=\"694eb84\" data-element_type=\"widget\" data-e-type=\"widget\" data-widget_type=\"divider.default\">\n\t\t\t\t<div class=\"elementor-widget-container\">\n\t\t\t\t\t\t\t<div class=\"elementor-divider\">\n\t\t\t<span class=\"elementor-divider-separator\">\n\t\t\t\t\t\t<\/span>\n\t\t<\/div>\n\t\t\t\t\t\t<\/div>\n\t\t\t\t<\/div>\n\t\t\t\t<div class=\"elementor-element elementor-element-bdc95b9 elementor-widget elementor-widget-pxl_video_player\" data-id=\"bdc95b9\" data-element_type=\"widget\" data-e-type=\"widget\" data-widget_type=\"pxl_video_player.default\">\n\t\t\t\t<div class=\"elementor-widget-container\">\n\t\t\t\t\t<div class=\"pxl-video-player pxl-video-player1 pxl-video-style1 \" data-wow-delay=\"ms\">\r\n    <div class=\"pxl-video--inner\">\r\n                    <div class=\"pxl-video--holder\">\r\n                                    <div class=\"pxl-video--imagebg bg-image\" style=\"background-image: url(https:\/\/raal.janlankas.com\/trans\/wp-content\/uploads\/2024\/08\/nahled_videa.png);\"><\/div>\r\n                            <\/div>\r\n                            <div class=\"btn-video-wrap p-center\">\r\n                <a class=\"btn-video style1\" href=\"https:\/\/www.youtube.com\/watch?v=GA_pjYyPBZ0\">\r\n                                            <i class=\"caseicon-play1\"><\/i>\r\n                                    <\/a>\r\n                            <\/div>\r\n            <\/div>\r\n<\/div>\t\t\t\t<\/div>\n\t\t\t\t<\/div>\n\t\t\t\t<div class=\"elementor-element elementor-element-cb71183 elementor-widget elementor-widget-pxl_image\" data-id=\"cb71183\" data-element_type=\"widget\" data-e-type=\"widget\" data-widget_type=\"pxl_image.default\">\n\t\t\t\t<div class=\"elementor-widget-container\">\n\t\t\t\t\t<div id=\"pxl_image-cb71183-9073\" class=\"pxl-image-single  style-default \" data-wow-delay=\"ms\" >\r\n    <div class=\"pxl-item--inner \" data-wow-delay=\"120ms\">\r\n        \r\n                                <div class=\"pxl-item--image\" data-parallax-value=\"\">\r\n                                                    <img decoding=\"async\" width=\"1600\" height=\"633\" src=\"https:\/\/raal.janlankas.com\/trans\/wp-content\/uploads\/2024\/08\/kilometrovnik_obr_2.png\" class=\"no-lazyload attachment-full\" alt=\"\" \/>                                            <\/div>\r\n                            \r\n            <\/div>\r\n<\/div>\t\t\t\t<\/div>\n\t\t\t\t<\/div>\n\t\t\t\t<div class=\"elementor-element elementor-element-0aa608f elementor-widget elementor-widget-pxl_heading\" data-id=\"0aa608f\" data-element_type=\"widget\" data-e-type=\"widget\" data-widget_type=\"pxl_heading.default\">\n\t\t\t\t<div class=\"elementor-widget-container\">\n\t\t\t\t\t<div id=\"pxl-pxl_heading-0aa608f-5415\" class=\"pxl-heading pxl-heading--tcustom px-sub-title-default-style\">\n\t<div class=\"pxl-heading--inner\">\n\t\t\t\t\t\n\t<h3 class=\"pxl-item--title \" data-wow-delay=\"ms\">\n\tSeznam vozidel\t\t\t\n\t<\/h3>\n\t\n<\/div>\n<\/div>\t\t\t\t<\/div>\n\t\t\t\t<\/div>\n\t\t\t\t<div class=\"elementor-element elementor-element-5a6a9b3 elementor-widget-divider--view-line elementor-widget elementor-widget-divider\" data-id=\"5a6a9b3\" data-element_type=\"widget\" data-e-type=\"widget\" data-widget_type=\"divider.default\">\n\t\t\t\t<div class=\"elementor-widget-container\">\n\t\t\t\t\t\t\t<div class=\"elementor-divider\">\n\t\t\t<span class=\"elementor-divider-separator\">\n\t\t\t\t\t\t<\/span>\n\t\t<\/div>\n\t\t\t\t\t\t<\/div>\n\t\t\t\t<\/div>\n\t\t\t\t<div class=\"elementor-element elementor-element-5d36dc1 elementor-widget elementor-widget-pxl_text_editor\" data-id=\"5d36dc1\" data-element_type=\"widget\" data-e-type=\"widget\" data-widget_type=\"pxl_text_editor.default\">\n\t\t\t\t<div class=\"elementor-widget-container\">\n\t\t\t\t\t<div class=\"pxl-text-editor\">\n\t<div class=\"pxl-item--inner \" data-wow-delay=\"ms\">\n\t\tDo seznamu vozidel je mo\u017eno p\u0159idat libovoln\u00fd po\u010det \u0161ablon vozidel dle Va\u0161eho vozov\u00e9ho parku. D\u00e1le je mo\u017eno v seznamu vozidel vyhled\u00e1vat podle n\u00e1zvu \u0161ablony a dal\u0161\u00edch parametr\u016f a pr\u016fb\u011b\u017en\u011b je mo\u017en\u00e9 je upravovat.\t\t\n\t<\/div>\n<\/div>\t\t\t\t<\/div>\n\t\t\t\t<\/div>\n\t\t\t\t<div class=\"elementor-element elementor-element-6ee876d elementor-widget elementor-widget-pxl_image\" data-id=\"6ee876d\" data-element_type=\"widget\" data-e-type=\"widget\" data-widget_type=\"pxl_image.default\">\n\t\t\t\t<div class=\"elementor-widget-container\">\n\t\t\t\t\t<div id=\"pxl_image-6ee876d-5487\" class=\"pxl-image-single  style-default \" data-wow-delay=\"ms\" >\r\n    <div class=\"pxl-item--inner \" data-wow-delay=\"120ms\">\r\n        \r\n                                <div class=\"pxl-item--image\" data-parallax-value=\"\">\r\n                                                    <img decoding=\"async\" width=\"1600\" height=\"582\" src=\"https:\/\/raal.janlankas.com\/trans\/wp-content\/uploads\/2024\/08\/kilometrovnik_obr_3.png\" class=\"no-lazyload attachment-full\" alt=\"\" \/>                                            <\/div>\r\n                            \r\n            <\/div>\r\n<\/div>\t\t\t\t<\/div>\n\t\t\t\t<\/div>\n\t\t        <section class=\"elementor-section elementor-inner-section elementor-element elementor-element-be4ca71 elementor-section-boxed elementor-section-height-default elementor-section-height-default pxl-row-scroll-none pxl-section-overflow-visible pxl-bg-color-none pxl-section-overlay-none\" data-id=\"be4ca71\" data-element_type=\"section\" data-e-type=\"section\">\n\n                \n                <div class=\"elementor-container elementor-column-gap-no \">\n                <div class=\"elementor-column elementor-col-100 elementor-inner-column elementor-element elementor-element-fb49265 pxl-column-none pxl-column-overflow-hidden-no\" data-id=\"fb49265\" data-element_type=\"column\" data-e-type=\"column\">\r\n        <div class=\"elementor-widget-wrap elementor-element-populated\">\r\n                     \r\n        \t\t<div class=\"elementor-element elementor-element-251370c elementor-widget elementor-widget-pxl_heading\" data-id=\"251370c\" data-element_type=\"widget\" data-e-type=\"widget\" data-widget_type=\"pxl_heading.default\">\n\t\t\t\t<div class=\"elementor-widget-container\">\n\t\t\t\t\t<div id=\"pxl-pxl_heading-251370c-2961\" class=\"pxl-heading pxl-heading--tcustom px-sub-title-default-style\">\n\t<div class=\"pxl-heading--inner\">\n\t\t\t\t\t\n\t<h3 class=\"pxl-item--title \" data-wow-delay=\"ms\">\n\tKilometrovn\u00edk u dohledan\u00e9 nab\u00eddky\t\t\t\n\t<\/h3>\n\t\n<\/div>\n<\/div>\t\t\t\t<\/div>\n\t\t\t\t<\/div>\n\t\t\t\t<div class=\"elementor-element elementor-element-1718f79 elementor-widget-divider--view-line elementor-widget elementor-widget-divider\" data-id=\"1718f79\" data-element_type=\"widget\" data-e-type=\"widget\" data-widget_type=\"divider.default\">\n\t\t\t\t<div class=\"elementor-widget-container\">\n\t\t\t\t\t\t\t<div class=\"elementor-divider\">\n\t\t\t<span class=\"elementor-divider-separator\">\n\t\t\t\t\t\t<\/span>\n\t\t<\/div>\n\t\t\t\t\t\t<\/div>\n\t\t\t\t<\/div>\n\t\t\t\t<div class=\"elementor-element elementor-element-beab891 elementor-widget elementor-widget-pxl_text_editor\" data-id=\"beab891\" data-element_type=\"widget\" data-e-type=\"widget\" data-widget_type=\"pxl_text_editor.default\">\n\t\t\t\t<div class=\"elementor-widget-container\">\n\t\t\t\t\t<div class=\"pxl-text-editor\">\n\t<div class=\"pxl-item--inner \" data-wow-delay=\"ms\">\n\t\t U dohledan\u00e9 nab\u00eddky p\u0159epravy (v prohl\u00ed\u017een\u00ed, p\u0159ejezdech nebo dokl\u00e1dk\u00e1ch) je mo\u017eno si snadno dopo\u010d\u00edtat n\u00e1klady na trasu, n\u00e1klady na p\u0159epravu a m\u00fdtn\u00e9 poplatky.\t\t\n\t<\/div>\n<\/div>\t\t\t\t<\/div>\n\t\t\t\t<\/div>\n\t\t\t\t<div class=\"elementor-element elementor-element-0cf2dd4 elementor-widget elementor-widget-pxl_image\" data-id=\"0cf2dd4\" data-element_type=\"widget\" data-e-type=\"widget\" data-widget_type=\"pxl_image.default\">\n\t\t\t\t<div class=\"elementor-widget-container\">\n\t\t\t\t\t<div id=\"pxl_image-0cf2dd4-5789\" class=\"pxl-image-single  style-default \" data-wow-delay=\"ms\" >\r\n    <div class=\"pxl-item--inner \" data-wow-delay=\"120ms\">\r\n        \r\n                                <div class=\"pxl-item--image\" data-parallax-value=\"\">\r\n                                                    <img loading=\"lazy\" decoding=\"async\" width=\"1600\" height=\"820\" src=\"https:\/\/raal.janlankas.com\/trans\/wp-content\/uploads\/2024\/08\/kilometrovnik_obr_4.png\" class=\"no-lazyload attachment-full\" alt=\"\" \/>                                            <\/div>\r\n                            \r\n            <\/div>\r\n<\/div>\t\t\t\t<\/div>\n\t\t\t\t<\/div>\n\t\t            <\/div>\r\n        <\/div>\r\n        \t\t\t<\/div>\n\t\t<\/section>\n\t\t            <\/div>\r\n        <\/div>\r\n        \t\t\t<\/div>\n\t\t<\/section>\n\t\t\t\t<\/div>\n\t\t","protected":false},"excerpt":{"rendered":"<p>Kilometrovn\u00edk Kilometrovn\u00edk slou\u017e\u00ed k v\u00fdpo\u010dtu a zobrazen\u00ed V\u00e1mi zvolen\u00e9 trasy, n\u00e1klad\u016f na trasu a m\u00fdtn\u00fdch poplatk\u016f v r\u00e1mci cel\u00e9 Evropy a p\u0159ilehl\u00fdch oblast\u00ed. Kilometrovn\u00edk obsahuje jak st\u00e1l\u00e1, tak do\u010dasn\u00e1 omezen\u00ed na pozemn\u00edch komunikac\u00edch. Optim\u00e1ln\u00ed trasa je navr\u017eena s ohledem na V\u00e1mi zvolen\u00e9 parametry vozidla (n\u00e1klady na hodinu, n\u00e1klady na kilometr, emisn\u00ed t\u0159\u00edda, emisn\u00ed typ, rozm\u011bry [&hellip;]<\/p>\n","protected":false},"author":1,"featured_media":0,"parent":0,"menu_order":0,"comment_status":"closed","ping_status":"closed","template":"","meta":{"footnotes":""},"class_list":["post-10720","page","type-page","status-publish","hentry"],"rttpg_featured_image_url":null,"rttpg_author":{"display_name":"janlankas","author_link":"https:\/\/raal.janlankas.com\/trans\/author\/janlankas\/"},"rttpg_comment":0,"rttpg_category":" <a href=\"https:\/\/raal.janlankas.com\/trans\/\" rel=\"tag\">\u010ce\u0161tina<\/a>","rttpg_excerpt":"Kilometrovn\u00edk Kilometrovn\u00edk slou\u017e\u00ed k v\u00fdpo\u010dtu a zobrazen\u00ed V\u00e1mi zvolen\u00e9 trasy, n\u00e1klad\u016f na trasu a m\u00fdtn\u00fdch poplatk\u016f v r\u00e1mci cel\u00e9 Evropy a p\u0159ilehl\u00fdch oblast\u00ed. Kilometrovn\u00edk obsahuje jak st\u00e1l\u00e1, tak do\u010dasn\u00e1 omezen\u00ed na pozemn\u00edch komunikac\u00edch. Optim\u00e1ln\u00ed trasa je navr\u017eena s ohledem na V\u00e1mi zvolen\u00e9 parametry vozidla (n\u00e1klady na hodinu, n\u00e1klady na kilometr, emisn\u00ed t\u0159\u00edda, emisn\u00ed typ, rozm\u011bry&hellip;","_links":{"self":[{"href":"https:\/\/raal.janlankas.com\/trans\/wp-json\/wp\/v2\/pages\/10720","targetHints":{"allow":["GET"]}}],"collection":[{"href":"https:\/\/raal.janlankas.com\/trans\/wp-json\/wp\/v2\/pages"}],"about":[{"href":"https:\/\/raal.janlankas.com\/trans\/wp-json\/wp\/v2\/types\/page"}],"author":[{"embeddable":true,"href":"https:\/\/raal.janlankas.com\/trans\/wp-json\/wp\/v2\/users\/1"}],"replies":[{"embeddable":true,"href":"https:\/\/raal.janlankas.com\/trans\/wp-json\/wp\/v2\/comments?post=10720"}],"version-history":[{"count":40,"href":"https:\/\/raal.janlankas.com\/trans\/wp-json\/wp\/v2\/pages\/10720\/revisions"}],"predecessor-version":[{"id":12275,"href":"https:\/\/raal.janlankas.com\/trans\/wp-json\/wp\/v2\/pages\/10720\/revisions\/12275"}],"wp:attachment":[{"href":"https:\/\/raal.janlankas.com\/trans\/wp-json\/wp\/v2\/media?parent=10720"}],"curies":[{"name":"wp","href":"https:\/\/api.w.org\/{rel}","templated":true}]}}