{"id":10760,"date":"2024-09-19T10:28:21","date_gmt":"2024-09-19T08:28:21","guid":{"rendered":"https:\/\/raal.janlankas.com\/trans\/?page_id=10760"},"modified":"2025-06-07T20:27:07","modified_gmt":"2025-06-07T18:27:07","slug":"dokumenty","status":"publish","type":"page","link":"https:\/\/raal.janlankas.com\/trans\/dokumenty\/","title":{"rendered":"Dokumenty"},"content":{"rendered":"\t\t<div data-elementor-type=\"wp-page\" data-elementor-id=\"10760\" class=\"elementor elementor-10760\">\n\t\t\t\t        <section class=\"elementor-section elementor-top-section elementor-element elementor-element-dd627f3 elementor-section-boxed elementor-section-height-default elementor-section-height-default pxl-row-scroll-none pxl-section-overflow-visible pxl-bg-color-none pxl-section-overlay-none\" data-id=\"dd627f3\" data-element_type=\"section\" data-e-type=\"section\">\n\n                \n                <div class=\"elementor-container elementor-column-gap-default \">\n                <div class=\"elementor-column elementor-col-100 elementor-top-column elementor-element elementor-element-386a3ea pxl-column-none pxl-column-overflow-hidden-no\" data-id=\"386a3ea\" data-element_type=\"column\" data-e-type=\"column\">\r\n        <div class=\"elementor-widget-wrap elementor-element-populated\">\r\n                     \r\n                <section class=\"elementor-section elementor-inner-section elementor-element elementor-element-ac41ea9 elementor-section-boxed elementor-section-height-default elementor-section-height-default pxl-row-scroll-none pxl-section-overflow-visible pxl-bg-color-none pxl-section-overlay-none\" data-id=\"ac41ea9\" data-element_type=\"section\" data-e-type=\"section\">\n\n                \n                <div class=\"elementor-container elementor-column-gap-default \">\n                <div class=\"elementor-column elementor-col-100 elementor-inner-column elementor-element elementor-element-61fc6de pxl-column-none pxl-column-overflow-hidden-no\" data-id=\"61fc6de\" data-element_type=\"column\" data-e-type=\"column\">\r\n        <div class=\"elementor-widget-wrap elementor-element-populated\">\r\n                     \r\n        \t\t<div class=\"elementor-element elementor-element-083e698 elementor-widget elementor-widget-pxl_heading\" data-id=\"083e698\" data-element_type=\"widget\" data-e-type=\"widget\" data-widget_type=\"pxl_heading.default\">\n\t\t\t\t<div class=\"elementor-widget-container\">\n\t\t\t\t\t<div id=\"pxl-pxl_heading-083e698-8692\" class=\"pxl-heading pxl-heading--tcustom px-sub-title-default-style\">\n\t<div class=\"pxl-heading--inner\">\n\t\t\t\t\t\n\t<h3 class=\"pxl-item--title \" data-wow-delay=\"ms\">\n\tDokumenty\t\t\t\n\t<\/h3>\n\t\n<\/div>\n<\/div>\t\t\t\t<\/div>\n\t\t\t\t<\/div>\n\t\t\t\t<div class=\"elementor-element elementor-element-2dbf268 elementor-widget-divider--view-line elementor-widget elementor-widget-divider\" data-id=\"2dbf268\" data-element_type=\"widget\" data-e-type=\"widget\" data-widget_type=\"divider.default\">\n\t\t\t\t<div class=\"elementor-widget-container\">\n\t\t\t\t\t\t\t<div class=\"elementor-divider\">\n\t\t\t<span class=\"elementor-divider-separator\">\n\t\t\t\t\t\t<\/span>\n\t\t<\/div>\n\t\t\t\t\t\t<\/div>\n\t\t\t\t<\/div>\n\t\t\t\t<div class=\"elementor-element elementor-element-b16a152 elementor-widget elementor-widget-pxl_file_download\" data-id=\"b16a152\" data-element_type=\"widget\" data-e-type=\"widget\" data-widget_type=\"pxl_file_download.default\">\n\t\t\t\t<div class=\"elementor-widget-container\">\n\t\t\t\t\t    <div id=\"pxl-download-pxl_file_download-b16a152-2889\" class=\"pxl-download pxl-download-layout1 style-1 \" data-wow-delay=\"ms\">\r\n                        <div class=\"pxl--item pxl-pr-60\">\r\n                                            <div class=\"pxl-item--iconfile pxl-mr-14\">\r\n                            <svg xmlns=\"http:\/\/www.w3.org\/2000\/svg\" width=\"42\" height=\"46\" viewBox=\"0 0 42 46\" fill=\"none\"><g clip-path=\"url(#clip0_181_11)\"><path d=\"M41.2957 12.3435L29.5738 0.621582C29.4285 0.47627 29.1863 0.379395 28.9926 0.379395H12.0879C9.76289 0.379395 7.87383 2.26846 7.87383 4.59346V20.9169H2.88477C1.52852 20.9169 0.462891 21.9825 0.462891 23.3388V37.531C0.462891 38.8872 1.52852 39.9528 2.88477 39.9528H7.87383V41.5028C7.87383 43.8278 9.76289 45.7169 12.0879 45.7169H37.3723C39.6973 45.7169 41.5863 43.8278 41.5863 41.5028V12.9247C41.5379 12.731 41.441 12.4888 41.2957 12.3435ZM38.6316 12.1013H32.2863C30.9301 12.1013 29.7676 10.9872 29.7676 9.58252V3.23721L38.6316 12.1013ZM2.1582 37.4825V23.2903C2.1582 22.9028 2.49727 22.5638 2.88477 22.5638H27.3941C27.7816 22.5638 28.1207 22.9028 28.1207 23.2903V37.4825C28.1207 37.87 27.7816 38.2091 27.3941 38.2091H2.88477C2.49727 38.2091 2.1582 37.87 2.1582 37.4825ZM37.3723 43.9247H12.0879C10.7316 43.9247 9.56914 42.8106 9.56914 41.406V39.856H27.3457C28.702 39.856 29.7676 38.7903 29.7676 37.4341V23.2903C29.7676 21.9341 28.702 20.8685 27.3457 20.8685H9.56914V4.54502C9.56914 3.18877 10.6832 2.02627 12.0879 2.02627H28.1207V9.58252C28.1207 11.9075 30.0098 13.7966 32.3348 13.7966H39.891V41.4544C39.8426 42.8106 38.7285 43.9247 37.3723 43.9247Z\" fill=\"black\"><\/path><path d=\"M10.4887 29.2484C10.4887 27.8438 9.37461 26.875 7.87305 26.875H4.72461V33.85H6.22617V31.5734H7.87305C9.37461 31.6219 10.4887 30.6531 10.4887 29.2484ZM7.6793 30.2172H6.17774V28.2313H7.6793C8.40586 28.2313 8.93867 28.6188 8.93867 29.2C8.93867 29.7813 8.40586 30.2172 7.6793 30.2172Z\" fill=\"black\"><\/path><path d=\"M18.4824 30.3625C18.4824 28.3281 16.8355 26.875 14.4621 26.875H11.9434V33.85H14.4621C16.8355 33.8984 18.4824 32.4453 18.4824 30.3625ZM13.4934 28.2313H14.7043C15.8668 28.1344 16.884 29.0547 16.9809 30.2172C17.0777 31.525 16.0121 32.5906 14.7043 32.4937H13.4934V28.2313Z\" fill=\"black\"><\/path><path d=\"M21.6793 31.1375H25.1668V29.7812H21.6793V28.2313H25.5543V26.875H20.1777V33.8984H21.6793V31.1375Z\" fill=\"black\"><\/path><\/g><defs><clipPath id=\"clip0_181_11\"><rect width=\"42\" height=\"46\" fill=\"white\"><\/rect><\/clipPath><\/defs><\/svg>                        <\/div>\r\n                                        <div class=\"pxl-item--meta\">\r\n                        <div class=\"pxl-item--subtitle el-empty\"> Souhlas se zpracov\u00e1n\u00edm osobn\u00edch \u00fadaj\u016f<\/div>\r\n                        <h5 class=\"pxl-item--title el-empty\"><a class=\"pxl-item--link pxl-r-0\" href=\"#\">St\u00e1hnout <\/a><\/h5>\r\n                    <\/div>\r\n                <\/div>\r\n            <\/div>\r\n\t\t\t\t<\/div>\n\t\t\t\t<\/div>\n\t\t            <\/div>\r\n        <\/div>\r\n        \t\t\t<\/div>\n\t\t<\/section>\n\t\t            <\/div>\r\n        <\/div>\r\n        \t\t\t<\/div>\n\t\t<\/section>\n\t\t\t\t<\/div>\n\t\t","protected":false},"excerpt":{"rendered":"<p>Dokumenty Souhlas se zpracov\u00e1n\u00edm osobn\u00edch \u00fadaj\u016f St\u00e1hnout<\/p>\n","protected":false},"author":1,"featured_media":0,"parent":0,"menu_order":0,"comment_status":"closed","ping_status":"closed","template":"","meta":{"footnotes":""},"class_list":["post-10760","page","type-page","status-publish","hentry"],"rttpg_featured_image_url":null,"rttpg_author":{"display_name":"janlankas","author_link":"https:\/\/raal.janlankas.com\/trans\/author\/janlankas\/"},"rttpg_comment":0,"rttpg_category":" <a href=\"https:\/\/raal.janlankas.com\/trans\/\" rel=\"tag\">\u010ce\u0161tina<\/a>","rttpg_excerpt":"Dokumenty Souhlas se zpracov\u00e1n\u00edm osobn\u00edch \u00fadaj\u016f St\u00e1hnout","_links":{"self":[{"href":"https:\/\/raal.janlankas.com\/trans\/wp-json\/wp\/v2\/pages\/10760","targetHints":{"allow":["GET"]}}],"collection":[{"href":"https:\/\/raal.janlankas.com\/trans\/wp-json\/wp\/v2\/pages"}],"about":[{"href":"https:\/\/raal.janlankas.com\/trans\/wp-json\/wp\/v2\/types\/page"}],"author":[{"embeddable":true,"href":"https:\/\/raal.janlankas.com\/trans\/wp-json\/wp\/v2\/users\/1"}],"replies":[{"embeddable":true,"href":"https:\/\/raal.janlankas.com\/trans\/wp-json\/wp\/v2\/comments?post=10760"}],"version-history":[{"count":10,"href":"https:\/\/raal.janlankas.com\/trans\/wp-json\/wp\/v2\/pages\/10760\/revisions"}],"predecessor-version":[{"id":12384,"href":"https:\/\/raal.janlankas.com\/trans\/wp-json\/wp\/v2\/pages\/10760\/revisions\/12384"}],"wp:attachment":[{"href":"https:\/\/raal.janlankas.com\/trans\/wp-json\/wp\/v2\/media?parent=10760"}],"curies":[{"name":"wp","href":"https:\/\/api.w.org\/{rel}","templated":true}]}}