{"id":11078,"date":"2024-08-08T15:58:35","date_gmt":"2024-08-08T13:58:35","guid":{"rendered":"https:\/\/raal.janlankas.com\/trans\/?page_id=11078"},"modified":"2025-04-12T15:44:57","modified_gmt":"2025-04-12T13:44:57","slug":"kontakt-sk","status":"publish","type":"page","link":"https:\/\/raal.janlankas.com\/trans\/sk\/kontakt-sk\/","title":{"rendered":"Kontakt &#8211; SK"},"content":{"rendered":"\t\t<div data-elementor-type=\"wp-page\" data-elementor-id=\"11078\" class=\"elementor elementor-11078\">\n\t\t\t\t        <section class=\"elementor-section elementor-top-section elementor-element elementor-element-2f9f3a3 elementor-section-stretched elementor-section-boxed elementor-section-height-default elementor-section-height-default pxl-row-scroll-none pxl-section-overflow-visible pxl-bg-color-none pxl-section-overlay-none\" data-id=\"2f9f3a3\" data-element_type=\"section\" data-e-type=\"section\" data-settings=\"{&quot;stretch_section&quot;:&quot;section-stretched&quot;}\">\n\n                \n                <div class=\"elementor-container elementor-column-gap-extended \">\n                <div class=\"elementor-column elementor-col-50 elementor-top-column elementor-element elementor-element-d975ec1 pxl-column-none pxl-column-overflow-hidden-no\" data-id=\"d975ec1\" data-element_type=\"column\" data-e-type=\"column\">\r\n        <div class=\"elementor-widget-wrap elementor-element-populated\">\r\n                     \r\n        \t\t<div class=\"elementor-element elementor-element-f5ea369 elementor-widget elementor-widget-pxl_heading\" data-id=\"f5ea369\" data-element_type=\"widget\" data-e-type=\"widget\" data-widget_type=\"pxl_heading.default\">\n\t\t\t\t<div class=\"elementor-widget-container\">\n\t\t\t\t\t<div id=\"pxl-pxl_heading-f5ea369-5962\" class=\"pxl-heading pxl-heading--tcustom px-sub-title-default-style\">\n\t<div class=\"pxl-heading--inner\">\n\t\t\t\t\t\n\t<h3 class=\"pxl-item--title \" data-wow-delay=\"ms\">\n\tRAALTRANS s.r.o.\t\t\t\n\t<\/h3>\n\t\n<\/div>\n<\/div>\t\t\t\t<\/div>\n\t\t\t\t<\/div>\n\t\t\t\t<div class=\"elementor-element elementor-element-9bc6256 elementor-widget elementor-widget-pxl_text_editor\" data-id=\"9bc6256\" data-element_type=\"widget\" data-e-type=\"widget\" data-widget_type=\"pxl_text_editor.default\">\n\t\t\t\t<div class=\"elementor-widget-container\">\n\t\t\t\t\t<div class=\"pxl-text-editor\">\n\t<div class=\"pxl-item--inner \" data-wow-delay=\"ms\">\n\t\t<p>Mal\u00fd Cet\u00edn 151<br \/>951 07 Nitra<br \/>Slovensko<\/p><p>I\u010c: 55876528<br \/>DI\u010c: SK2122116931<\/p><p>Registr\u00e1cia u Okresn\u00fd\u00a0 \u00farad Nitra \u010d\u00edslo \u017divnostensk\u00e9ho registra: 430-67654<\/p><p><a href=\"tel:+421376581230\">+421 376 581 230<\/a><br \/><a href=\"tel:+421376581305\">+421 376 581 305 <\/a><\/p><p><a href=\"mailto:info@raal.sk\">info@raal.sk<\/a><\/p>\t\t\n\t<\/div>\n<\/div>\t\t\t\t<\/div>\n\t\t\t\t<\/div>\n\t\t\t\t<div class=\"elementor-element elementor-element-ab1c80d elementor-shape-circle e-grid-align-left elementor-grid-0 elementor-widget elementor-widget-social-icons\" data-id=\"ab1c80d\" data-element_type=\"widget\" data-e-type=\"widget\" data-widget_type=\"social-icons.default\">\n\t\t\t\t<div class=\"elementor-widget-container\">\n\t\t\t\t\t\t\t<div class=\"elementor-social-icons-wrapper elementor-grid\" role=\"list\">\n\t\t\t\t\t\t\t<span class=\"elementor-grid-item\" role=\"listitem\">\n\t\t\t\t\t<a class=\"elementor-icon elementor-social-icon elementor-social-icon-facebook elementor-repeater-item-c637a81\" href=\"https:\/\/www.facebook.com\/raaltrans\" target=\"_blank\">\n\t\t\t\t\t\t<span class=\"elementor-screen-only\">Facebook<\/span>\n\t\t\t\t\t\t<i aria-hidden=\"true\" class=\"fab fa-facebook\"><\/i>\t\t\t\t\t<\/a>\n\t\t\t\t<\/span>\n\t\t\t\t\t\t\t<span class=\"elementor-grid-item\" role=\"listitem\">\n\t\t\t\t\t<a class=\"elementor-icon elementor-social-icon elementor-social-icon-youtube elementor-repeater-item-8a4f2f4\" href=\"https:\/\/www.youtube.com\/@raaltransa.s.3794\/videos\" target=\"_blank\">\n\t\t\t\t\t\t<span class=\"elementor-screen-only\">Youtube<\/span>\n\t\t\t\t\t\t<i aria-hidden=\"true\" class=\"fab fa-youtube\"><\/i>\t\t\t\t\t<\/a>\n\t\t\t\t<\/span>\n\t\t\t\t\t\t\t<span class=\"elementor-grid-item\" role=\"listitem\">\n\t\t\t\t\t<a class=\"elementor-icon elementor-social-icon elementor-social-icon-instagram elementor-repeater-item-e9236af\" href=\"https:\/\/www.instagram.com\/raal_trans\/\" target=\"_blank\">\n\t\t\t\t\t\t<span class=\"elementor-screen-only\">Instagram<\/span>\n\t\t\t\t\t\t<i aria-hidden=\"true\" class=\"fab fa-instagram\"><\/i>\t\t\t\t\t<\/a>\n\t\t\t\t<\/span>\n\t\t\t\t\t<\/div>\n\t\t\t\t\t\t<\/div>\n\t\t\t\t<\/div>\n\t\t            <\/div>\r\n        <\/div>\r\n                <div class=\"elementor-column elementor-col-50 elementor-top-column elementor-element elementor-element-1d61cb0 pxl-column-none pxl-column-overflow-hidden-no\" data-id=\"1d61cb0\" data-element_type=\"column\" data-e-type=\"column\">\r\n        <div class=\"elementor-widget-wrap elementor-element-populated\">\r\n                     \r\n        \t\t<div class=\"elementor-element elementor-element-97d4ef8 elementor-widget__width-auto elementor-widget-tablet__width-inherit elementor-widget elementor-widget-pxl_heading\" data-id=\"97d4ef8\" data-element_type=\"widget\" data-e-type=\"widget\" data-widget_type=\"pxl_heading.default\">\n\t\t\t\t<div class=\"elementor-widget-container\">\n\t\t\t\t\t<div id=\"pxl-pxl_heading-97d4ef8-3071\" class=\"pxl-heading pxl-heading--tcustom px-sub-title-box-style\">\n\t<div class=\"pxl-heading--inner\">\n\t\t\t\t\n\t\t<div class=\"pxl-item--subtitle px-sub-title-box \" data-wow-delay=\"ms\">\n\t\t\t<span class=\"pxl-item--subtext\">\n\t\t\t\t\t\t\t\tZANECHAJTE N\u00c1M SPR\u00c1VU\t\t\t<\/span>\n\t\t<\/div>\n\t\t\n\t<h3 class=\"pxl-item--title \" data-wow-delay=\"ms\">\n\tKontaktn\u00fd formul\u00e1r\t\t\t\n\t<\/h3>\n\t\n<\/div>\n<\/div>\t\t\t\t<\/div>\n\t\t\t\t<\/div>\n\t\t\t\t<div class=\"elementor-element elementor-element-3e60bab elementor-widget elementor-widget-pxl_contact_form\" data-id=\"3e60bab\" data-element_type=\"widget\" data-e-type=\"widget\" data-widget_type=\"pxl_contact_form.default\">\n\t\t\t\t<div class=\"elementor-widget-container\">\n\t\t\t\t\t    <div class=\"pxl-contact-form pxl-contact-form1 btn-w-auto \" data-wow-delay=\"ms\">\r\n        \n<div class=\"wpcf7 no-js\" id=\"wpcf7-f11164-o1\" lang=\"\" dir=\"ltr\" data-wpcf7-id=\"11164\">\n<div class=\"screen-reader-response\"><p role=\"status\" aria-live=\"polite\" aria-atomic=\"true\"><\/p> <ul><\/ul><\/div>\n<form action=\"\/trans\/wp-json\/wp\/v2\/pages\/11078#wpcf7-f11164-o1\" method=\"post\" class=\"wpcf7-form init\" aria-label=\"Kontaktn\u00ed formul\u00e1\u0159\" novalidate=\"novalidate\" data-status=\"init\">\n<fieldset class=\"hidden-fields-container\"><input type=\"hidden\" name=\"_wpcf7\" value=\"11164\" \/><input type=\"hidden\" name=\"_wpcf7_version\" value=\"6.1.5\" \/><input type=\"hidden\" name=\"_wpcf7_locale\" value=\"\" \/><input type=\"hidden\" name=\"_wpcf7_unit_tag\" value=\"wpcf7-f11164-o1\" \/><input type=\"hidden\" name=\"_wpcf7_container_post\" value=\"0\" \/><input type=\"hidden\" name=\"_wpcf7_posted_data_hash\" value=\"\" \/><input type=\"hidden\" name=\"_wpcf7_recaptcha_response\" value=\"\" \/>\n<\/fieldset>\n<div class=\"uacf7-form-wrapper-container uacf7-form-11164  \"><div class=\"wrap-ctf5 wrap-form\">\n\t<div class=\"containter\">\n\t\t<div class=\"row\">\n\t\t\t<div class=\"input-filled col-xl-6 col-lg-6 col-md-6 col-sm-6 col-xs-12\">\n\t\t\t\t<span class=\"wpcf7-form-control-wrap your-name\">\n\t\t\t\t\t<span class=\"wpcf7-form-control-wrap\" data-name=\"your-name\"><input size=\"40\" maxlength=\"400\" class=\"wpcf7-form-control wpcf7-text wpcf7-validates-as-required\" aria-required=\"true\" aria-invalid=\"false\" placeholder=\"Va\u0161e meno\" value=\"\" type=\"text\" name=\"your-name\" \/><\/span>\n\t\t\t\t<\/span>\n\t\t\t<\/div>  \n\t\t\t<div class=\"input-filled col-xl-6 col-lg-6 col-md-6 col-sm-6 col-xs-12\">\n\t\t\t\t<span class=\"wpcf7-form-control-wrap your-email\">\n\t\t\t\t\t<span class=\"wpcf7-form-control-wrap\" data-name=\"your-email\"><input size=\"40\" maxlength=\"400\" class=\"wpcf7-form-control wpcf7-email wpcf7-validates-as-required wpcf7-text wpcf7-validates-as-email\" aria-required=\"true\" aria-invalid=\"false\" placeholder=\"E-mail\" value=\"\" type=\"email\" name=\"your-email\" \/><\/span>\n\t\t\t\t<\/span>\n\t\t\t<\/div> \n                        <div class=\"input-filled col-xl-12 col-lg-12 col-md-12 col-sm-12 col-xs-12\">\n\t\t\t\t<span class=\"wpcf7-form-control-wrap your-subject\">\n\t\t\t\t\t<span class=\"wpcf7-form-control-wrap\" data-name=\"your-subject\"><input size=\"40\" maxlength=\"400\" class=\"wpcf7-form-control wpcf7-text wpcf7-validates-as-required\" aria-required=\"true\" aria-invalid=\"false\" placeholder=\"Predmet\" value=\"\" type=\"text\" name=\"your-subject\" \/><\/span>\n\t\t\t\t<\/span>\n\t\t\t<\/div>  \n\t\t\t<div class=\"input-filled col-xl-12\">\n\t\t\t\t<span class=\"wpcf7-form-control-wrap your-message\">\n\t\t\t\t\t<span class=\"wpcf7-form-control-wrap\" data-name=\"message\"><textarea cols=\"40\" rows=\"10\" maxlength=\"2000\" class=\"wpcf7-form-control wpcf7-textarea wpcf7-validates-as-required\" aria-required=\"true\" aria-invalid=\"false\" placeholder=\"Spr\u00e1va\" name=\"message\"><\/textarea><\/span>\n\t\t\t\t<\/span>\n\t\t\t<\/div>  \n\t\t\t<div class=\"input-filled col-xl-12\"> \n\t\t\t\t<button type=\"submit\" class=\"wpcf7-submit wpcf7-btn-abs\" > Odosla\u0165 \n\t\t\t\t<\/button>\n\t\t\t<\/div>\n\t\t<\/div>\n\t<\/div>\n<\/div><\/div><div class=\"wpcf7-response-output\" aria-hidden=\"true\"><\/div>\n<\/form>\n<\/div>\n    <\/div>\r\n\t\t\t\t<\/div>\n\t\t\t\t<\/div>\n\t\t            <\/div>\r\n        <\/div>\r\n        \t\t\t<\/div>\n\t\t<\/section>\n\t\t        <section class=\"elementor-section elementor-top-section elementor-element elementor-element-51002e2 elementor-section-stretched elementor-section-boxed elementor-section-height-default elementor-section-height-default pxl-row-scroll-none pxl-section-overflow-visible pxl-bg-color-none pxl-section-overlay-none\" data-id=\"51002e2\" data-element_type=\"section\" data-e-type=\"section\" data-settings=\"{&quot;stretch_section&quot;:&quot;section-stretched&quot;}\">\n\n                \n                <div class=\"elementor-container elementor-column-gap-extended \">\n                <div class=\"elementor-column elementor-col-33 elementor-top-column elementor-element elementor-element-f097396 pxl-column-none pxl-column-overflow-hidden-no\" data-id=\"f097396\" data-element_type=\"column\" data-e-type=\"column\">\r\n        <div class=\"elementor-widget-wrap elementor-element-populated\">\r\n                     \r\n        \t\t<div class=\"elementor-element elementor-element-31f7ab2 elementor-widget elementor-widget-pxl_icon_box\" data-id=\"31f7ab2\" data-element_type=\"widget\" data-e-type=\"widget\" data-widget_type=\"pxl_icon_box.default\">\n\t\t\t\t<div class=\"elementor-widget-container\">\n\t\t\t\t\t<div class=\"pxl-icon-box pxl-icon-box3 \" data-wow-delay=\"ms\">\r\n    <div class=\"pxl-item--inner\">\r\n                                <div class=\"box-hover\" style=\"background-image: url('https:\/\/raal.janlankas.com\/trans\/wp-content\/uploads\/2024\/08\/hrnek-scaled.jpg');\"><\/div>\r\n                \r\n        <div class=\"wrap-content\">\r\n                        <div class=\"pxl-item--icon\">\r\n                            <\/div>\r\n                            <h5 class=\"pxl-item-title el-empty\">Nap\u00ed\u0161te n\u00e1m<\/h5>\r\n                            <div class=\"pxl-item--description\"><br> <a href= \"mailto:info@raal.sk\"> \n     info@raal.sk\n   <\/a> \n<\/div>\r\n                    <\/div>\r\n    <\/div>\r\n<\/div>\t\t\t\t<\/div>\n\t\t\t\t<\/div>\n\t\t            <\/div>\r\n        <\/div>\r\n                <div class=\"elementor-column elementor-col-33 elementor-top-column elementor-element elementor-element-4059b90 pxl-column-none pxl-column-overflow-hidden-no\" data-id=\"4059b90\" data-element_type=\"column\" data-e-type=\"column\">\r\n        <div class=\"elementor-widget-wrap elementor-element-populated\">\r\n                     \r\n        \t\t<div class=\"elementor-element elementor-element-941403c elementor-widget elementor-widget-pxl_icon_box\" data-id=\"941403c\" data-element_type=\"widget\" data-e-type=\"widget\" data-widget_type=\"pxl_icon_box.default\">\n\t\t\t\t<div class=\"elementor-widget-container\">\n\t\t\t\t\t<div class=\"pxl-icon-box pxl-icon-box3 \" data-wow-delay=\"ms\">\r\n    <div class=\"pxl-item--inner\">\r\n                                <div class=\"box-hover\" style=\"background-image: url('https:\/\/raal.janlankas.com\/trans\/wp-content\/uploads\/2024\/07\/2-scaled.jpg');\"><\/div>\r\n                \r\n        <div class=\"wrap-content\">\r\n                        <div class=\"pxl-item--icon\">\r\n                <i aria-hidden=\"true\" class=\"flaticon flaticon-phone\"><\/i>            <\/div>\r\n                            <h5 class=\"pxl-item-title el-empty\">Zavolajte n\u00e1m<\/h5>\r\n                            <div class=\"pxl-item--description\"><a href=\"tel:+421376581230\">+421 376 581 230<\/a> <br>\n<a href=\"tel:+421376581305\">+421 376 581 305 <\/a><\/div>\r\n                    <\/div>\r\n    <\/div>\r\n<\/div>\t\t\t\t<\/div>\n\t\t\t\t<\/div>\n\t\t            <\/div>\r\n        <\/div>\r\n                <div class=\"elementor-column elementor-col-33 elementor-top-column elementor-element elementor-element-be7640d pxl-column-none pxl-column-overflow-hidden-no\" data-id=\"be7640d\" data-element_type=\"column\" data-e-type=\"column\">\r\n        <div class=\"elementor-widget-wrap elementor-element-populated\">\r\n                     \r\n        \t\t<div class=\"elementor-element elementor-element-896fe74 elementor-widget elementor-widget-pxl_icon_box\" data-id=\"896fe74\" data-element_type=\"widget\" data-e-type=\"widget\" data-widget_type=\"pxl_icon_box.default\">\n\t\t\t\t<div class=\"elementor-widget-container\">\n\t\t\t\t\t<div class=\"pxl-icon-box pxl-icon-box3 \" data-wow-delay=\"ms\">\r\n    <div class=\"pxl-item--inner\">\r\n                                <div class=\"box-hover\" style=\"background-image: url('https:\/\/raal.janlankas.com\/trans\/wp-content\/uploads\/2024\/07\/IMG_5807-scaled.jpg');\"><\/div>\r\n                \r\n        <div class=\"wrap-content\">\r\n                        <div class=\"pxl-item--icon\">\r\n                <i aria-hidden=\"true\" class=\"flaticon flaticon-visit\"><\/i>            <\/div>\r\n                            <h5 class=\"pxl-item-title el-empty\">Nav\u0161t\u00edvte n\u00e1s<\/h5>\r\n                            <div class=\"pxl-item--description\">Mal\u00fd Cet\u00edn 151 <br>\n951 07 Nitra<\/div>\r\n                    <\/div>\r\n    <\/div>\r\n<\/div>\t\t\t\t<\/div>\n\t\t\t\t<\/div>\n\t\t            <\/div>\r\n        <\/div>\r\n        \t\t\t<\/div>\n\t\t<\/section>\n\t\t        <section class=\"elementor-section elementor-top-section elementor-element elementor-element-c9d8e86 elementor-section-boxed elementor-section-height-default elementor-section-height-default pxl-row-scroll-none pxl-section-overflow-visible pxl-bg-color-none pxl-section-overlay-none\" data-id=\"c9d8e86\" data-element_type=\"section\" data-e-type=\"section\">\n\n                \n                <div class=\"elementor-container elementor-column-gap-default \">\n                <div class=\"elementor-column elementor-col-100 elementor-top-column elementor-element elementor-element-b42cc56 pxl-column-none pxl-column-overflow-hidden-no\" data-id=\"b42cc56\" data-element_type=\"column\" data-e-type=\"column\">\r\n        <div class=\"elementor-widget-wrap elementor-element-populated\">\r\n                     \r\n        \t\t<div class=\"elementor-element elementor-element-26e264b elementor-widget elementor-widget-pxl_heading\" data-id=\"26e264b\" data-element_type=\"widget\" data-e-type=\"widget\" data-widget_type=\"pxl_heading.default\">\n\t\t\t\t<div class=\"elementor-widget-container\">\n\t\t\t\t\t<div id=\"pxl-pxl_heading-26e264b-4778\" class=\"pxl-heading pxl-heading--tcustom px-sub-title-default-style\">\n\t<div class=\"pxl-heading--inner\">\n\t\t\t\t\t\n\t<h4 class=\"pxl-item--title \" data-wow-delay=\"ms\">\n\tKontakty\t\t\t\n\t<\/h4>\n\t\n<\/div>\n<\/div>\t\t\t\t<\/div>\n\t\t\t\t<\/div>\n\t\t            <\/div>\r\n        <\/div>\r\n        \t\t\t<\/div>\n\t\t<\/section>\n\t\t        <section class=\"elementor-section elementor-top-section elementor-element elementor-element-ae27492 elementor-section-boxed elementor-section-height-default elementor-section-height-default pxl-row-scroll-none pxl-section-overflow-visible pxl-bg-color-none pxl-section-overlay-none\" data-id=\"ae27492\" data-element_type=\"section\" data-e-type=\"section\">\n\n                \n                <div class=\"elementor-container elementor-column-gap-default \">\n                <div class=\"elementor-column elementor-col-33 elementor-top-column elementor-element elementor-element-97e0257 pxl-column-none pxl-column-overflow-hidden-no\" data-id=\"97e0257\" data-element_type=\"column\" data-e-type=\"column\">\r\n        <div class=\"elementor-widget-wrap elementor-element-populated\">\r\n                     \r\n        \t\t<div class=\"elementor-element elementor-element-9e215d4 elementor-widget elementor-widget-pxl_heading\" data-id=\"9e215d4\" data-element_type=\"widget\" data-e-type=\"widget\" data-widget_type=\"pxl_heading.default\">\n\t\t\t\t<div class=\"elementor-widget-container\">\n\t\t\t\t\t<div id=\"pxl-pxl_heading-9e215d4-7138\" class=\"pxl-heading pxl-heading--tcustom px-sub-title-default-style\">\n\t<div class=\"pxl-heading--inner\">\n\t\t\t\t\t\n\t<h4 class=\"pxl-item--title \" data-wow-delay=\"ms\">\n\tZuzana Javor\u010d\u00edkov\u00e1\t\t\t\n\t<\/h4>\n\t\n<\/div>\n<\/div>\t\t\t\t<\/div>\n\t\t\t\t<\/div>\n\t\t\t\t<div class=\"elementor-element elementor-element-12ffc43 elementor-widget elementor-widget-pxl_text_editor\" data-id=\"12ffc43\" data-element_type=\"widget\" data-e-type=\"widget\" data-widget_type=\"pxl_text_editor.default\">\n\t\t\t\t<div class=\"elementor-widget-container\">\n\t\t\t\t\t<div class=\"pxl-text-editor\">\n\t<div class=\"pxl-item--inner \" data-wow-delay=\"ms\">\n\t\t<p>starostlivos\u0165 o\u00a0z\u00e1kazn\u00edkov<\/p><p><a href=\"tel:++421376581230\">+421 376 581 230<\/a><br \/><a href=\"tel:+421376581200\">+421 376 581 200<\/a><br \/><a href=\"mailto:z.javorcikova@raal.sk\">z.javorcikova@raal.sk<\/a><\/p><p>\u00a0<\/p>\t\t\n\t<\/div>\n<\/div>\t\t\t\t<\/div>\n\t\t\t\t<\/div>\n\t\t            <\/div>\r\n        <\/div>\r\n                <div class=\"elementor-column elementor-col-33 elementor-top-column elementor-element elementor-element-7b9eb1c pxl-column-none pxl-column-overflow-hidden-no\" data-id=\"7b9eb1c\" data-element_type=\"column\" data-e-type=\"column\">\r\n        <div class=\"elementor-widget-wrap elementor-element-populated\">\r\n                     \r\n        \t\t<div class=\"elementor-element elementor-element-40871da elementor-widget elementor-widget-pxl_heading\" data-id=\"40871da\" data-element_type=\"widget\" data-e-type=\"widget\" data-widget_type=\"pxl_heading.default\">\n\t\t\t\t<div class=\"elementor-widget-container\">\n\t\t\t\t\t<div id=\"pxl-pxl_heading-40871da-7872\" class=\"pxl-heading pxl-heading--tcustom px-sub-title-default-style\">\n\t<div class=\"pxl-heading--inner\">\n\t\t\t\t\t\n\t<h4 class=\"pxl-item--title \" data-wow-delay=\"ms\">\n\tTer\u00e9zia Borotov\u00e1\t\t\t\n\t<\/h4>\n\t\n<\/div>\n<\/div>\t\t\t\t<\/div>\n\t\t\t\t<\/div>\n\t\t\t\t<div class=\"elementor-element elementor-element-35267c1 elementor-widget elementor-widget-pxl_text_editor\" data-id=\"35267c1\" data-element_type=\"widget\" data-e-type=\"widget\" data-widget_type=\"pxl_text_editor.default\">\n\t\t\t\t<div class=\"elementor-widget-container\">\n\t\t\t\t\t<div class=\"pxl-text-editor\">\n\t<div class=\"pxl-item--inner \" data-wow-delay=\"ms\">\n\t\t<div class=\"col-xs-7\">\u00fa\u010dtovn\u00edctvo a\u00a0faktur\u00e1cia<\/div><div>\u00a0<\/div><div class=\"col-xs-7\"><a href=\"tel:+421376581305\">+421 376 581 305<\/a><br \/><a href=\"mailto:t.borotova@raal.sk\">t.borotova@raal.sk<\/a><\/div>\t\t\n\t<\/div>\n<\/div>\t\t\t\t<\/div>\n\t\t\t\t<\/div>\n\t\t            <\/div>\r\n        <\/div>\r\n                <div class=\"elementor-column elementor-col-33 elementor-top-column elementor-element elementor-element-41535fa pxl-column-none pxl-column-overflow-hidden-no\" data-id=\"41535fa\" data-element_type=\"column\" data-e-type=\"column\">\r\n        <div class=\"elementor-widget-wrap\">\r\n                     \r\n                    <\/div>\r\n        <\/div>\r\n        \t\t\t<\/div>\n\t\t<\/section>\n\t\t        <section class=\"elementor-section elementor-top-section elementor-element elementor-element-cdf2fb8 elementor-section-boxed elementor-section-height-default elementor-section-height-default pxl-row-scroll-none pxl-section-overflow-visible pxl-bg-color-none pxl-section-overlay-none\" data-id=\"cdf2fb8\" data-element_type=\"section\" data-e-type=\"section\">\n\n                \n                <div class=\"elementor-container elementor-column-gap-default \">\n                <div class=\"elementor-column elementor-col-100 elementor-top-column elementor-element elementor-element-b1b2f91 pxl-column-none pxl-column-overflow-hidden-no\" data-id=\"b1b2f91\" data-element_type=\"column\" data-e-type=\"column\">\r\n        <div class=\"elementor-widget-wrap elementor-element-populated\">\r\n                     \r\n        \t\t<div class=\"elementor-element elementor-element-ac9640d elementor-widget elementor-widget-shortcode\" data-id=\"ac9640d\" data-element_type=\"widget\" data-e-type=\"widget\" data-widget_type=\"shortcode.default\">\n\t\t\t\t<div class=\"elementor-widget-container\">\n\t\t\t\t\t\t\t<div class=\"elementor-shortcode\"><iframe style=\"border:none\" src=\"https:\/\/frame.mapy.cz\/s\/fetonomeha\" width=\"400\" height=\"280\" frameborder=\"0\"><\/iframe><\/div>\n\t\t\t\t\t\t<\/div>\n\t\t\t\t<\/div>\n\t\t            <\/div>\r\n        <\/div>\r\n        \t\t\t<\/div>\n\t\t<\/section>\n\t\t\t\t<\/div>\n\t\t","protected":false},"excerpt":{"rendered":"<p>RAALTRANS s.r.o. Mal\u00fd Cet\u00edn 151951 07 NitraSlovensko I\u010c: 55876528DI\u010c: SK2122116931 Registr\u00e1cia u Okresn\u00fd\u00a0 \u00farad Nitra \u010d\u00edslo \u017divnostensk\u00e9ho registra: 430-67654 +421 376 581 230+421 376 581 305 info@raal.sk Facebook Youtube Instagram ZANECHAJTE N\u00c1M SPR\u00c1VU Kontaktn\u00fd formul\u00e1r Odosla\u0165 Nap\u00ed\u0161te n\u00e1m info@raal.sk Zavolajte n\u00e1m +421 376 581 230 +421 376 581 305 Nav\u0161t\u00edvte n\u00e1s Mal\u00fd Cet\u00edn 151 951 [&hellip;]<\/p>\n","protected":false},"author":1,"featured_media":0,"parent":0,"menu_order":0,"comment_status":"closed","ping_status":"closed","template":"","meta":{"footnotes":""},"class_list":["post-11078","page","type-page","status-publish","hentry"],"rttpg_featured_image_url":null,"rttpg_author":{"display_name":"janlankas","author_link":"https:\/\/raal.janlankas.com\/trans\/author\/janlankas\/"},"rttpg_comment":0,"rttpg_category":" <a href=\"https:\/\/raal.janlankas.com\/trans\/sk\/\" rel=\"tag\">Sloven\u010dina<\/a>","rttpg_excerpt":"RAALTRANS s.r.o. Mal\u00fd Cet\u00edn 151951 07 NitraSlovensko I\u010c: 55876528DI\u010c: SK2122116931 Registr\u00e1cia u Okresn\u00fd\u00a0 \u00farad Nitra \u010d\u00edslo \u017divnostensk\u00e9ho registra: 430-67654 +421 376 581 230+421 376 581 305 info@raal.sk Facebook Youtube Instagram ZANECHAJTE N\u00c1M SPR\u00c1VU Kontaktn\u00fd formul\u00e1r Odosla\u0165 Nap\u00ed\u0161te n\u00e1m info@raal.sk Zavolajte n\u00e1m +421 376 581 230 +421 376 581 305 Nav\u0161t\u00edvte n\u00e1s Mal\u00fd Cet\u00edn 151 951&hellip;","_links":{"self":[{"href":"https:\/\/raal.janlankas.com\/trans\/wp-json\/wp\/v2\/pages\/11078","targetHints":{"allow":["GET"]}}],"collection":[{"href":"https:\/\/raal.janlankas.com\/trans\/wp-json\/wp\/v2\/pages"}],"about":[{"href":"https:\/\/raal.janlankas.com\/trans\/wp-json\/wp\/v2\/types\/page"}],"author":[{"embeddable":true,"href":"https:\/\/raal.janlankas.com\/trans\/wp-json\/wp\/v2\/users\/1"}],"replies":[{"embeddable":true,"href":"https:\/\/raal.janlankas.com\/trans\/wp-json\/wp\/v2\/comments?post=11078"}],"version-history":[{"count":34,"href":"https:\/\/raal.janlankas.com\/trans\/wp-json\/wp\/v2\/pages\/11078\/revisions"}],"predecessor-version":[{"id":11910,"href":"https:\/\/raal.janlankas.com\/trans\/wp-json\/wp\/v2\/pages\/11078\/revisions\/11910"}],"wp:attachment":[{"href":"https:\/\/raal.janlankas.com\/trans\/wp-json\/wp\/v2\/media?parent=11078"}],"curies":[{"name":"wp","href":"https:\/\/api.w.org\/{rel}","templated":true}]}}