{"id":11087,"date":"2024-08-20T18:36:32","date_gmt":"2024-08-20T16:36:32","guid":{"rendered":"https:\/\/raal.janlankas.com\/trans\/?page_id=11087"},"modified":"2025-04-12T15:43:36","modified_gmt":"2025-04-12T13:43:36","slug":"cennik","status":"publish","type":"page","link":"https:\/\/raal.janlankas.com\/trans\/sk\/cennik\/","title":{"rendered":"Cenn\u00edk"},"content":{"rendered":"\t\t<div data-elementor-type=\"wp-page\" data-elementor-id=\"11087\" class=\"elementor elementor-11087\">\n\t\t\t\t        <section class=\"elementor-section elementor-top-section elementor-element elementor-element-30a0602 elementor-section-stretched elementor-section-boxed elementor-section-height-default elementor-section-height-default pxl-row-scroll-none pxl-section-overflow-visible pxl-bg-color-none pxl-section-overlay-none\" data-id=\"30a0602\" data-element_type=\"section\" data-e-type=\"section\" data-settings=\"{&quot;stretch_section&quot;:&quot;section-stretched&quot;}\">\n\n                \n                <div class=\"elementor-container elementor-column-gap-extended \">\n                <div class=\"elementor-column elementor-col-100 elementor-top-column elementor-element elementor-element-e696870 pxl-column-none pxl-column-overflow-hidden-no\" data-id=\"e696870\" data-element_type=\"column\" data-e-type=\"column\">\r\n        <div class=\"elementor-widget-wrap elementor-element-populated\">\r\n                     \r\n        \t\t<div class=\"elementor-element elementor-element-9557ea8 elementor-widget elementor-widget-pxl_heading\" data-id=\"9557ea8\" data-element_type=\"widget\" data-e-type=\"widget\" data-widget_type=\"pxl_heading.default\">\n\t\t\t\t<div class=\"elementor-widget-container\">\n\t\t\t\t\t<div id=\"pxl-pxl_heading-9557ea8-8476\" class=\"pxl-heading pxl-heading--tcustom px-sub-title-box-style\">\n\t<div class=\"pxl-heading--inner\">\n\t\t\t\t\n\t\t<div class=\"pxl-item--subtitle px-sub-title-box \" data-wow-delay=\"ms\">\n\t\t\t<span class=\"pxl-item--subtext\">\n\t\t\t\t\t\t\t\tPAU\u0160\u00c1LNE PLATBY ZA SLU\u017dBY\t\t\t<\/span>\n\t\t<\/div>\n\t\t\n\t<h3 class=\"pxl-item--title \" data-wow-delay=\"ms\">\n\tCENN\u00cdK\t\t\t\n\t<\/h3>\n\t\n<\/div>\n<\/div>\t\t\t\t<\/div>\n\t\t\t\t<\/div>\n\t\t            <\/div>\r\n        <\/div>\r\n        \t\t\t<\/div>\n\t\t<\/section>\n\t\t        <section class=\"elementor-section elementor-top-section elementor-element elementor-element-16ea83e elementor-section-boxed elementor-section-height-default elementor-section-height-default pxl-row-scroll-none pxl-section-overflow-visible pxl-bg-color-none pxl-section-overlay-none\" data-id=\"16ea83e\" data-element_type=\"section\" data-e-type=\"section\">\n\n                \n                <div class=\"elementor-container elementor-column-gap-default \">\n                <div class=\"elementor-column elementor-col-50 elementor-top-column elementor-element elementor-element-99f3f55 pxl-column-none pxl-column-overflow-hidden-no\" data-id=\"99f3f55\" data-element_type=\"column\" data-e-type=\"column\">\r\n        <div class=\"elementor-widget-wrap elementor-element-populated\">\r\n                     \r\n        \t\t<div class=\"elementor-element elementor-element-b71315b elementor-widget elementor-widget-pxl_pricing\" data-id=\"b71315b\" data-element_type=\"widget\" data-e-type=\"widget\" data-widget_type=\"pxl_pricing.default\">\n\t\t\t\t<div class=\"elementor-widget-container\">\n\t\t\t\t\t<div class=\"pxl-pricing pxl-pricing1  non-popular\" data-wow-delay=\"ms\">\r\n    <div class=\"pxl-item--inner\">\r\n\r\n                \r\n                    <h5 class=\"pxl-item--title el-empty\">\u010ceskoslovensko<\/h5>\r\n                            <p class=\"pxl-item--description el-empty\"><span>Zadajte a vyh\u013eadajte ponuky prepravy a dostupn\u00e9 vozidl\u00e1 v \u010ceskej republike, na Slovensku a medzi t\u00fdmito krajinami<\/span><\/p>\r\n        \r\n        <div class=\"pxl-item--price\">\r\n            <span><\/span><span translate=\"no\">20 \u20ac <\/span><span>\/ ZA MESIAC<\/span>        <\/div>\r\n\r\n                <div class=\"pxl-item--feature \">\r\n                            <div class=\"is-active \">\r\n                    <div class=\"content\">Databanka<\/div>\r\n                <\/div>\r\n                            <div class=\"is-active \">\r\n                    <div class=\"content\">Mobiln\u00e9 aplik\u00e1cie<\/div>\r\n                <\/div>\r\n                            <div class=\"is-active \">\r\n                    <div class=\"content\">Kilometrovn\u00edk<\/div>\r\n                <\/div>\r\n                    <\/div>\r\n                <div class=\"pxl-item--button\">\r\n            <a class=\"btn-see\" href=\"https:\/\/raal.janlankas.com\/trans\/sk\/objednavka-sk\/\">\r\n               <i class=\"flaticon flaticon-calendar\"><\/i>Objedna\u0165            <\/a>\r\n        <\/div>\r\n                <div class=\"bottom-text\">\r\n            <p>*Cena uveden\u00e1 bez DPH<\/p>\r\n        <\/div>\r\n    <\/div>\r\n<\/div>\t\t\t\t<\/div>\n\t\t\t\t<\/div>\n\t\t            <\/div>\r\n        <\/div>\r\n                <div class=\"elementor-column elementor-col-50 elementor-top-column elementor-element elementor-element-efa37e9 pxl-column-none pxl-column-overflow-hidden-no\" data-id=\"efa37e9\" data-element_type=\"column\" data-e-type=\"column\">\r\n        <div class=\"elementor-widget-wrap elementor-element-populated\">\r\n                     \r\n        \t\t<div class=\"elementor-element elementor-element-c1d9789 elementor-widget elementor-widget-pxl_pricing\" data-id=\"c1d9789\" data-element_type=\"widget\" data-e-type=\"widget\" data-widget_type=\"pxl_pricing.default\">\n\t\t\t\t<div class=\"elementor-widget-container\">\n\t\t\t\t\t<div class=\"pxl-pricing pxl-pricing1  non-popular\" data-wow-delay=\"ms\">\r\n    <div class=\"pxl-item--inner\">\r\n\r\n                \r\n                    <h5 class=\"pxl-item--title el-empty\">Global<\/h5>\r\n                            <p class=\"pxl-item--description el-empty\"><span>Zadajte a vyh\u013eadajte ponuky prepravy a dostupn\u00e9 vozidl\u00e1 odkia\u013eko\u013evek kamko\u013evek. Cel\u00e1 Eur\u00f3pa a pri\u013eahl\u00e9 oblasti.  <\/span><\/p>\r\n        \r\n        <div class=\"pxl-item--price\">\r\n            <span><\/span><span translate=\"no\">32 \u20ac<\/span><span>\/ ZA MESIAC<\/span>\n        <\/div>\r\n\r\n                <div class=\"pxl-item--feature \">\r\n                            <div class=\"is-active \">\r\n                    <div class=\"content\">Databanka<\/div>\r\n                <\/div>\r\n                            <div class=\"is-active \">\r\n                    <div class=\"content\">Mobiln\u00e9 aplik\u00e1cie<\/div>\r\n                <\/div>\r\n                            <div class=\"is-active \">\r\n                    <div class=\"content\">Kilometrovn\u00edk<\/div>\r\n                <\/div>\r\n                    <\/div>\r\n                <div class=\"pxl-item--button\">\r\n            <a class=\"btn-see\" href=\"https:\/\/raal.janlankas.com\/trans\/sk\/objednavka-sk\/\">\r\n               <i class=\"flaticon flaticon-calendar\"><\/i>Objedna\u0165            <\/a>\r\n        <\/div>\r\n                <div class=\"bottom-text\">\r\n            <p>*Cena uveden\u00e1 bez DPH<\/p>\r\n        <\/div>\r\n    <\/div>\r\n<\/div>\t\t\t\t<\/div>\n\t\t\t\t<\/div>\n\t\t            <\/div>\r\n        <\/div>\r\n        \t\t\t<\/div>\n\t\t<\/section>\n\t\t        <section class=\"elementor-section elementor-top-section elementor-element elementor-element-5a79a3f elementor-section-boxed elementor-section-height-default elementor-section-height-default pxl-row-scroll-none pxl-section-overflow-visible pxl-bg-color-none pxl-section-overlay-none\" data-id=\"5a79a3f\" data-element_type=\"section\" data-e-type=\"section\">\n\n                \n                <div class=\"elementor-container elementor-column-gap-default \">\n                <div class=\"elementor-column elementor-col-100 elementor-top-column elementor-element elementor-element-e3692ea pxl-column-none pxl-column-overflow-hidden-no\" data-id=\"e3692ea\" data-element_type=\"column\" data-e-type=\"column\">\r\n        <div class=\"elementor-widget-wrap elementor-element-populated\">\r\n                     \r\n        \t\t<div class=\"elementor-element elementor-element-4979f52 elementor-widget elementor-widget-pxl_text_editor\" data-id=\"4979f52\" data-element_type=\"widget\" data-e-type=\"widget\" data-widget_type=\"pxl_text_editor.default\">\n\t\t\t\t<div class=\"elementor-widget-container\">\n\t\t\t\t\t<div class=\"pxl-text-editor\">\n\t<div class=\"pxl-item--inner \" data-wow-delay=\"ms\">\n\t\t<p><strong>Aktu\u00e1lne ceny s\u00fa garantovan\u00e9 do roku 2026<\/strong><\/p>\t\t\n\t<\/div>\n<\/div>\t\t\t\t<\/div>\n\t\t\t\t<\/div>\n\t\t\t\t<div class=\"elementor-element elementor-element-216e9f3 elementor-widget elementor-widget-pxl_text_editor\" data-id=\"216e9f3\" data-element_type=\"widget\" data-e-type=\"widget\" data-widget_type=\"pxl_text_editor.default\">\n\t\t\t\t<div class=\"elementor-widget-container\">\n\t\t\t\t\t<div class=\"pxl-text-editor\">\n\t<div class=\"pxl-item--inner \" data-wow-delay=\"ms\">\n\t\t<p><strong>Licen\u010dn\u00e9 poplatky, poplatky za aktualiz\u00e1ciu a prevod s\u00fa zru\u0161en\u00e9!<\/strong><\/p>\t\t\n\t<\/div>\n<\/div>\t\t\t\t<\/div>\n\t\t\t\t<\/div>\n\t\t            <\/div>\r\n        <\/div>\r\n        \t\t\t<\/div>\n\t\t<\/section>\n\t\t        <section class=\"elementor-section elementor-top-section elementor-element elementor-element-69dd99e elementor-section-boxed elementor-section-height-default elementor-section-height-default pxl-row-scroll-none pxl-section-overflow-visible pxl-bg-color-none pxl-section-overlay-none\" data-id=\"69dd99e\" data-element_type=\"section\" data-e-type=\"section\">\n\n                \n                <div class=\"elementor-container elementor-column-gap-default \">\n                <div class=\"elementor-column elementor-col-100 elementor-top-column elementor-element elementor-element-a3140a0 pxl-column-none pxl-column-overflow-hidden-no\" data-id=\"a3140a0\" data-element_type=\"column\" data-e-type=\"column\">\r\n        <div class=\"elementor-widget-wrap elementor-element-populated\">\r\n                     \r\n        \t\t<div class=\"elementor-element elementor-element-8b730a8 elementor-widget elementor-widget-pxl_text_editor\" data-id=\"8b730a8\" data-element_type=\"widget\" data-e-type=\"widget\" data-widget_type=\"pxl_text_editor.default\">\n\t\t\t\t<div class=\"elementor-widget-container\">\n\t\t\t\t\t<div class=\"pxl-text-editor\">\n\t<div class=\"pxl-item--inner \" data-wow-delay=\"ms\">\n\t\t<p><strong>Ako nov\u00fd z\u00e1kazn\u00edk m\u00e1te mo\u017enos\u0165 vyu\u017ei\u0165 30-d\u0148ov\u00fa sk\u00fa\u0161obn\u00fa verziu<\/strong>. Po uplynut\u00ed tejto lehoty sa m\u00f4\u017eete rozhodn\u00fa\u0165, \u010di chcete pokra\u010dova\u0165 v pou\u017e\u00edvan\u00ed datab\u00e1zy RAALTRANS a pokra\u010dova\u0165 v platenej prev\u00e1dzke.<\/p>\t\t\n\t<\/div>\n<\/div>\t\t\t\t<\/div>\n\t\t\t\t<\/div>\n\t\t            <\/div>\r\n        <\/div>\r\n        \t\t\t<\/div>\n\t\t<\/section>\n\t\t\t\t<\/div>\n\t\t","protected":false},"excerpt":{"rendered":"<p>PAU\u0160\u00c1LNE PLATBY ZA SLU\u017dBY CENN\u00cdK \u010ceskoslovensko Zadajte a vyh\u013eadajte ponuky prepravy a dostupn\u00e9 vozidl\u00e1 v \u010ceskej republike, na Slovensku a medzi t\u00fdmito krajinami 20 \u20ac \/ ZA MESIAC Databanka Mobiln\u00e9 aplik\u00e1cie Kilometrovn\u00edk Objedna\u0165 *Cena uveden\u00e1 bez DPH Global Zadajte a vyh\u013eadajte ponuky prepravy a dostupn\u00e9 vozidl\u00e1 odkia\u013eko\u013evek kamko\u013evek. Cel\u00e1 Eur\u00f3pa a pri\u013eahl\u00e9 oblasti. 32 \u20ac\/ [&hellip;]<\/p>\n","protected":false},"author":1,"featured_media":0,"parent":0,"menu_order":0,"comment_status":"closed","ping_status":"closed","template":"","meta":{"footnotes":""},"class_list":["post-11087","page","type-page","status-publish","hentry"],"rttpg_featured_image_url":null,"rttpg_author":{"display_name":"janlankas","author_link":"https:\/\/raal.janlankas.com\/trans\/author\/janlankas\/"},"rttpg_comment":0,"rttpg_category":" <a href=\"https:\/\/raal.janlankas.com\/trans\/sk\/\" rel=\"tag\">Sloven\u010dina<\/a>","rttpg_excerpt":"PAU\u0160\u00c1LNE PLATBY ZA SLU\u017dBY CENN\u00cdK \u010ceskoslovensko Zadajte a vyh\u013eadajte ponuky prepravy a dostupn\u00e9 vozidl\u00e1 v \u010ceskej republike, na Slovensku a medzi t\u00fdmito krajinami 20 \u20ac \/ ZA MESIAC Databanka Mobiln\u00e9 aplik\u00e1cie Kilometrovn\u00edk Objedna\u0165 *Cena uveden\u00e1 bez DPH Global Zadajte a vyh\u013eadajte ponuky prepravy a dostupn\u00e9 vozidl\u00e1 odkia\u013eko\u013evek kamko\u013evek. Cel\u00e1 Eur\u00f3pa a pri\u013eahl\u00e9 oblasti. 32 \u20ac\/&hellip;","_links":{"self":[{"href":"https:\/\/raal.janlankas.com\/trans\/wp-json\/wp\/v2\/pages\/11087","targetHints":{"allow":["GET"]}}],"collection":[{"href":"https:\/\/raal.janlankas.com\/trans\/wp-json\/wp\/v2\/pages"}],"about":[{"href":"https:\/\/raal.janlankas.com\/trans\/wp-json\/wp\/v2\/types\/page"}],"author":[{"embeddable":true,"href":"https:\/\/raal.janlankas.com\/trans\/wp-json\/wp\/v2\/users\/1"}],"replies":[{"embeddable":true,"href":"https:\/\/raal.janlankas.com\/trans\/wp-json\/wp\/v2\/comments?post=11087"}],"version-history":[{"count":20,"href":"https:\/\/raal.janlankas.com\/trans\/wp-json\/wp\/v2\/pages\/11087\/revisions"}],"predecessor-version":[{"id":11904,"href":"https:\/\/raal.janlankas.com\/trans\/wp-json\/wp\/v2\/pages\/11087\/revisions\/11904"}],"wp:attachment":[{"href":"https:\/\/raal.janlankas.com\/trans\/wp-json\/wp\/v2\/media?parent=11087"}],"curies":[{"name":"wp","href":"https:\/\/api.w.org\/{rel}","templated":true}]}}