{"id":11115,"date":"2024-08-20T18:02:45","date_gmt":"2024-08-20T16:02:45","guid":{"rendered":"https:\/\/raal.janlankas.com\/trans\/?page_id=11115"},"modified":"2025-04-16T00:45:43","modified_gmt":"2025-04-15T22:45:43","slug":"prevod-licence-sk","status":"publish","type":"page","link":"https:\/\/raal.janlankas.com\/trans\/sk\/prevod-licence-sk\/","title":{"rendered":"Prevod licence"},"content":{"rendered":"\t\t<div data-elementor-type=\"wp-page\" data-elementor-id=\"11115\" class=\"elementor elementor-11115\">\n\t\t\t\t        <section class=\"elementor-section elementor-top-section elementor-element elementor-element-dd2e977 elementor-section-boxed elementor-section-height-default elementor-section-height-default pxl-row-scroll-none pxl-section-overflow-visible pxl-bg-color-none pxl-section-overlay-none\" data-id=\"dd2e977\" data-element_type=\"section\" data-e-type=\"section\">\n\n                \n                <div class=\"elementor-container elementor-column-gap-default \">\n                <div class=\"elementor-column elementor-col-100 elementor-top-column elementor-element elementor-element-6bd9e93 pxl-column-none pxl-column-overflow-hidden-no\" data-id=\"6bd9e93\" data-element_type=\"column\" data-e-type=\"column\">\r\n        <div class=\"elementor-widget-wrap elementor-element-populated\">\r\n                     \r\n        \t\t<div class=\"elementor-element elementor-element-5d9a48d elementor-widget elementor-widget-pxl_heading\" data-id=\"5d9a48d\" data-element_type=\"widget\" data-e-type=\"widget\" data-widget_type=\"pxl_heading.default\">\n\t\t\t\t<div class=\"elementor-widget-container\">\n\t\t\t\t\t<div id=\"pxl-pxl_heading-5d9a48d-6020\" class=\"pxl-heading pxl-heading--tcustom px-sub-title-default-style\">\n\t<div class=\"pxl-heading--inner\">\n\t\t\t\t\t\n\t<h2 class=\"pxl-item--title \" data-wow-delay=\"ms\">\n\t\u017diados\u0165 o prevod licencie\n\t\t\t\n\t<\/h2>\n\t\n<\/div>\n<\/div>\t\t\t\t<\/div>\n\t\t\t\t<\/div>\n\t\t\t\t<div class=\"elementor-element elementor-element-50a401f elementor-widget-divider--view-line elementor-widget elementor-widget-divider\" data-id=\"50a401f\" data-element_type=\"widget\" data-e-type=\"widget\" data-widget_type=\"divider.default\">\n\t\t\t\t<div class=\"elementor-widget-container\">\n\t\t\t\t\t\t\t<div class=\"elementor-divider\">\n\t\t\t<span class=\"elementor-divider-separator\">\n\t\t\t\t\t\t<\/span>\n\t\t<\/div>\n\t\t\t\t\t\t<\/div>\n\t\t\t\t<\/div>\n\t\t            <\/div>\r\n        <\/div>\r\n        \t\t\t<\/div>\n\t\t<\/section>\n\t\t        <section class=\"elementor-section elementor-top-section elementor-element elementor-element-ec53710 elementor-section-boxed elementor-section-height-default elementor-section-height-default pxl-row-scroll-none pxl-section-overflow-visible pxl-bg-color-none pxl-section-overlay-none\" data-id=\"ec53710\" data-element_type=\"section\" data-e-type=\"section\">\n\n                \n                <div class=\"elementor-container elementor-column-gap-default \">\n                <div class=\"elementor-column elementor-col-100 elementor-top-column elementor-element elementor-element-d60ba7b pxl-column-none pxl-column-overflow-hidden-no\" data-id=\"d60ba7b\" data-element_type=\"column\" data-e-type=\"column\">\r\n        <div class=\"elementor-widget-wrap elementor-element-populated\">\r\n                     \r\n        \t\t<div class=\"elementor-element elementor-element-6bb3ce3 elementor-widget elementor-widget-pxl_text_editor\" data-id=\"6bb3ce3\" data-element_type=\"widget\" data-e-type=\"widget\" data-widget_type=\"pxl_text_editor.default\">\n\t\t\t\t<div class=\"elementor-widget-container\">\n\t\t\t\t\t<div class=\"pxl-text-editor\">\n\t<div class=\"pxl-item--inner \" data-wow-delay=\"ms\">\n\t\t<p><strong>V\u00fd\u0148atok z licen\u010dn\u00fdch podmienok, ktor\u00e9 boli u\u017e\u00edvate\u013eom prijat\u00e9<\/strong><\/p><ul><li>Pr\u00e1va na vyu\u017e\u00edvanie softv\u00e9ru a pr\u00edstup do databanky RAALTRANS sa riadia licen\u010dn\u00fdmi podmienkami, ktor\u00e9 boli prijat\u00e9 potvrden\u00edm licen\u010dnej zmluvy v s\u00falade so Zmluvou o poskytovan\u00ed dopravn\u00fdch inform\u00e1ci\u00ed<\/li><\/ul><ul><li>U\u017e\u00edvate\u013e nem\u00f4\u017ee pr\u00e1va a povinnosti z tejto licencie post\u00fapi\u0165 tretej osobe bez predch\u00e1dzaj\u00faceho p\u00edsomn\u00e9ho s\u00fahlasu poskytovate\u013ea a nie je opr\u00e1vnen\u00fd softv\u00e9r \u017eiadnym sp\u00f4sobom upravova\u0165 ani do neho zasahova\u0165, ani ho urobi\u0165 s\u00fa\u010das\u0165ou in\u00e9ho produktu.<\/li><\/ul><ul><li>Prevody licenci\u00ed a u\u017e\u00edvate\u013esk\u00fdch k\u00f3dov s\u00fa rie\u0161en\u00e9 individu\u00e1lne. \u017diadosti posielajte vo\u013enou formou emailom. Nezabudnite uvies\u0165 V\u00e1\u0161 u\u017e\u00edvate\u013esk\u00fd k\u00f3d, n\u00e1zov a I\u010cO a tie\u017e n\u00e1zov a I\u010cO nov\u00e9ho subjektu, na ktor\u00fd chcete licenciu previes\u0165.<\/li><\/ul><p>\u00a0<\/p>\t\t\n\t<\/div>\n<\/div>\t\t\t\t<\/div>\n\t\t\t\t<\/div>\n\t\t            <\/div>\r\n        <\/div>\r\n        \t\t\t<\/div>\n\t\t<\/section>\n\t\t        <section class=\"elementor-section elementor-top-section elementor-element elementor-element-0c08fe6 elementor-section-boxed elementor-section-height-default elementor-section-height-default pxl-row-scroll-none pxl-section-overflow-visible pxl-bg-color-none pxl-section-overlay-none\" data-id=\"0c08fe6\" data-element_type=\"section\" data-e-type=\"section\">\n\n                \n                <div class=\"elementor-container elementor-column-gap-default \">\n                <div class=\"elementor-column elementor-col-100 elementor-top-column elementor-element elementor-element-0ee712d pxl-column-none pxl-column-overflow-hidden-no\" data-id=\"0ee712d\" data-element_type=\"column\" data-e-type=\"column\">\r\n        <div class=\"elementor-widget-wrap elementor-element-populated\">\r\n                     \r\n        \t\t<div class=\"elementor-element elementor-element-fc4f82d elementor-widget elementor-widget-pxl_text_editor\" data-id=\"fc4f82d\" data-element_type=\"widget\" data-e-type=\"widget\" data-widget_type=\"pxl_text_editor.default\">\n\t\t\t\t<div class=\"elementor-widget-container\">\n\t\t\t\t\t<div class=\"pxl-text-editor\">\n\t<div class=\"pxl-item--inner \" data-wow-delay=\"ms\">\n\t\t<p><strong>!!<\/strong> <strong>\u017diadosti o prevod licencie posielajte e-mailom na adresu info@raal.cz !!!<\/strong><\/p>\t\t\n\t<\/div>\n<\/div>\t\t\t\t<\/div>\n\t\t\t\t<\/div>\n\t\t            <\/div>\r\n        <\/div>\r\n        \t\t\t<\/div>\n\t\t<\/section>\n\t\t        <section class=\"elementor-section elementor-top-section elementor-element elementor-element-487986a elementor-section-boxed elementor-section-height-default elementor-section-height-default pxl-row-scroll-none pxl-section-overflow-visible pxl-bg-color-none pxl-section-overlay-none\" data-id=\"487986a\" data-element_type=\"section\" data-e-type=\"section\">\n\n                \n                <div class=\"elementor-container elementor-column-gap-default \">\n                <div class=\"elementor-column elementor-col-100 elementor-top-column elementor-element elementor-element-bc72981 pxl-column-none pxl-column-overflow-hidden-no\" data-id=\"bc72981\" data-element_type=\"column\" data-e-type=\"column\">\r\n        <div class=\"elementor-widget-wrap elementor-element-populated\">\r\n                     \r\n        \t\t<div class=\"elementor-element elementor-element-5079825 elementor-widget elementor-widget-pxl_text_editor\" data-id=\"5079825\" data-element_type=\"widget\" data-e-type=\"widget\" data-widget_type=\"pxl_text_editor.default\">\n\t\t\t\t<div class=\"elementor-widget-container\">\n\t\t\t\t\t<div class=\"pxl-text-editor\">\n\t<div class=\"pxl-item--inner \" data-wow-delay=\"ms\">\n\t\t\u010eal\u0161ie inform\u00e1cie z\u00edskate na telef\u00f3nnom \u010d\u00edsle <a href=\"tel:+420495217481\">+420 495 217 481<\/a> alebo na e-mail<a href=\"mailto:info@raal.cz\"> info@raal.cz.\n<\/a>\t\t\n\t<\/div>\n<\/div>\t\t\t\t<\/div>\n\t\t\t\t<\/div>\n\t\t            <\/div>\r\n        <\/div>\r\n        \t\t\t<\/div>\n\t\t<\/section>\n\t\t\t\t<\/div>\n\t\t","protected":false},"excerpt":{"rendered":"<p>\u017diados\u0165 o prevod licencie V\u00fd\u0148atok z licen\u010dn\u00fdch podmienok, ktor\u00e9 boli u\u017e\u00edvate\u013eom prijat\u00e9 Pr\u00e1va na vyu\u017e\u00edvanie softv\u00e9ru a pr\u00edstup do databanky RAALTRANS sa riadia licen\u010dn\u00fdmi podmienkami, ktor\u00e9 boli prijat\u00e9 potvrden\u00edm licen\u010dnej zmluvy v s\u00falade so Zmluvou o poskytovan\u00ed dopravn\u00fdch inform\u00e1ci\u00ed U\u017e\u00edvate\u013e nem\u00f4\u017ee pr\u00e1va a povinnosti z tejto licencie post\u00fapi\u0165 tretej osobe bez predch\u00e1dzaj\u00faceho p\u00edsomn\u00e9ho s\u00fahlasu poskytovate\u013ea [&hellip;]<\/p>\n","protected":false},"author":1,"featured_media":0,"parent":0,"menu_order":0,"comment_status":"closed","ping_status":"closed","template":"","meta":{"footnotes":""},"class_list":["post-11115","page","type-page","status-publish","hentry"],"rttpg_featured_image_url":null,"rttpg_author":{"display_name":"janlankas","author_link":"https:\/\/raal.janlankas.com\/trans\/author\/janlankas\/"},"rttpg_comment":0,"rttpg_category":" <a href=\"https:\/\/raal.janlankas.com\/trans\/sk\/\" rel=\"tag\">Sloven\u010dina<\/a>","rttpg_excerpt":"\u017diados\u0165 o prevod licencie V\u00fd\u0148atok z licen\u010dn\u00fdch podmienok, ktor\u00e9 boli u\u017e\u00edvate\u013eom prijat\u00e9 Pr\u00e1va na vyu\u017e\u00edvanie softv\u00e9ru a pr\u00edstup do databanky RAALTRANS sa riadia licen\u010dn\u00fdmi podmienkami, ktor\u00e9 boli prijat\u00e9 potvrden\u00edm licen\u010dnej zmluvy v s\u00falade so Zmluvou o poskytovan\u00ed dopravn\u00fdch inform\u00e1ci\u00ed U\u017e\u00edvate\u013e nem\u00f4\u017ee pr\u00e1va a povinnosti z tejto licencie post\u00fapi\u0165 tretej osobe bez predch\u00e1dzaj\u00faceho p\u00edsomn\u00e9ho s\u00fahlasu poskytovate\u013ea&hellip;","_links":{"self":[{"href":"https:\/\/raal.janlankas.com\/trans\/wp-json\/wp\/v2\/pages\/11115","targetHints":{"allow":["GET"]}}],"collection":[{"href":"https:\/\/raal.janlankas.com\/trans\/wp-json\/wp\/v2\/pages"}],"about":[{"href":"https:\/\/raal.janlankas.com\/trans\/wp-json\/wp\/v2\/types\/page"}],"author":[{"embeddable":true,"href":"https:\/\/raal.janlankas.com\/trans\/wp-json\/wp\/v2\/users\/1"}],"replies":[{"embeddable":true,"href":"https:\/\/raal.janlankas.com\/trans\/wp-json\/wp\/v2\/comments?post=11115"}],"version-history":[{"count":19,"href":"https:\/\/raal.janlankas.com\/trans\/wp-json\/wp\/v2\/pages\/11115\/revisions"}],"predecessor-version":[{"id":12077,"href":"https:\/\/raal.janlankas.com\/trans\/wp-json\/wp\/v2\/pages\/11115\/revisions\/12077"}],"wp:attachment":[{"href":"https:\/\/raal.janlankas.com\/trans\/wp-json\/wp\/v2\/media?parent=11115"}],"curies":[{"name":"wp","href":"https:\/\/api.w.org\/{rel}","templated":true}]}}