{"id":11127,"date":"2024-09-19T09:25:33","date_gmt":"2024-09-19T07:25:33","guid":{"rendered":"https:\/\/raal.janlankas.com\/trans\/?page_id=11127"},"modified":"2025-04-23T20:57:14","modified_gmt":"2025-04-23T18:57:14","slug":"kilometrovnik-sk","status":"publish","type":"page","link":"https:\/\/raal.janlankas.com\/trans\/sk\/kilometrovnik-sk\/","title":{"rendered":"Kilometrovn\u00edk"},"content":{"rendered":"\t\t<div data-elementor-type=\"wp-page\" data-elementor-id=\"11127\" class=\"elementor elementor-11127\">\n\t\t\t\t        <section class=\"elementor-section elementor-top-section elementor-element elementor-element-d52edd8 elementor-section-stretched pxl-row-scroll-fixed elementor-section-boxed elementor-section-height-default elementor-section-height-default pxl-section-overflow-visible pxl-bg-color-none pxl-section-overlay-none\" data-id=\"d52edd8\" data-element_type=\"section\" data-e-type=\"section\" data-settings=\"{&quot;stretch_section&quot;:&quot;section-stretched&quot;}\">\n\n                \n                <div class=\"elementor-container elementor-column-gap-extended \">\n                <div class=\"elementor-column elementor-col-100 elementor-top-column elementor-element elementor-element-5a0dbae pxl-column-none pxl-column-overflow-hidden-no\" data-id=\"5a0dbae\" data-element_type=\"column\" data-e-type=\"column\">\r\n        <div class=\"elementor-widget-wrap elementor-element-populated\">\r\n                     \r\n                <section class=\"elementor-section elementor-inner-section elementor-element elementor-element-bf96086 elementor-section-boxed elementor-section-height-default elementor-section-height-default pxl-row-scroll-none pxl-section-overflow-visible pxl-bg-color-none pxl-section-overlay-none\" data-id=\"bf96086\" data-element_type=\"section\" data-e-type=\"section\">\n\n                \n                <div class=\"elementor-container elementor-column-gap-default \">\n                <div class=\"elementor-column elementor-col-50 elementor-inner-column elementor-element elementor-element-0e0a916 pxl-column-none pxl-column-overflow-hidden-no\" data-id=\"0e0a916\" data-element_type=\"column\" data-e-type=\"column\">\r\n        <div class=\"elementor-widget-wrap elementor-element-populated\">\r\n                     \r\n        \t\t<div class=\"elementor-element elementor-element-12ede94 elementor-widget elementor-widget-pxl_heading\" data-id=\"12ede94\" data-element_type=\"widget\" data-e-type=\"widget\" data-widget_type=\"pxl_heading.default\">\n\t\t\t\t<div class=\"elementor-widget-container\">\n\t\t\t\t\t<div id=\"pxl-pxl_heading-12ede94-9165\" class=\"pxl-heading pxl-heading--tcustom px-sub-title-default-style\">\n\t<div class=\"pxl-heading--inner\">\n\t\t\t\t\t\n\t<h3 class=\"pxl-item--title \" data-wow-delay=\"ms\">\n\tKilometrovn\u00edk\t\t\t\n\t<\/h3>\n\t\n<\/div>\n<\/div>\t\t\t\t<\/div>\n\t\t\t\t<\/div>\n\t\t\t\t<div class=\"elementor-element elementor-element-399b584 elementor-widget-divider--view-line elementor-widget elementor-widget-divider\" data-id=\"399b584\" data-element_type=\"widget\" data-e-type=\"widget\" data-widget_type=\"divider.default\">\n\t\t\t\t<div class=\"elementor-widget-container\">\n\t\t\t\t\t\t\t<div class=\"elementor-divider\">\n\t\t\t<span class=\"elementor-divider-separator\">\n\t\t\t\t\t\t<\/span>\n\t\t<\/div>\n\t\t\t\t\t\t<\/div>\n\t\t\t\t<\/div>\n\t\t\t\t<div class=\"elementor-element elementor-element-994ee76 elementor-widget elementor-widget-pxl_text_editor\" data-id=\"994ee76\" data-element_type=\"widget\" data-e-type=\"widget\" data-widget_type=\"pxl_text_editor.default\">\n\t\t\t\t<div class=\"elementor-widget-container\">\n\t\t\t\t\t<div class=\"pxl-text-editor\">\n\t<div class=\"pxl-item--inner \" data-wow-delay=\"ms\">\n\t\t<p>Kilometrovn\u00edk sa pou\u017e\u00edva na v\u00fdpo\u010det a zobrazenie zvolenej trasy, n\u00e1kladov na trasu a m\u00fdta v celej Eur\u00f3pe a pri\u013eahl\u00fdch oblastiach. Kilometrovn\u00edk obsahuje trval\u00e9 aj do\u010dasn\u00e9 obmedzenia na cest\u00e1ch. Optim\u00e1lna trasa je navrhnut\u00e1 s oh\u013eadom na vami zvolen\u00e9 parametre vozidla (n\u00e1klady na hodinu, n\u00e1klady na kilometer, emisn\u00e1 trieda, typ emisi\u00ed, rozmery a hmotnos\u0165 vozidla at\u010f.)<br \/>Tieto parametre vozidla je potrebn\u00e9 manu\u00e1lne nastavi\u0165 v \u201eZOZNAME VOZIDIEL\u201c.<\/p>\t\t\n\t<\/div>\n<\/div>\t\t\t\t<\/div>\n\t\t\t\t<\/div>\n\t\t            <\/div>\r\n        <\/div>\r\n                <div class=\"elementor-column elementor-col-50 elementor-inner-column elementor-element elementor-element-c54586c pxl-column-none pxl-column-overflow-hidden-no\" data-id=\"c54586c\" data-element_type=\"column\" data-e-type=\"column\">\r\n        <div class=\"elementor-widget-wrap elementor-element-populated\">\r\n                     \r\n        \t\t<div class=\"elementor-element elementor-element-b39c33d elementor-widget elementor-widget-pxl_image\" data-id=\"b39c33d\" data-element_type=\"widget\" data-e-type=\"widget\" data-widget_type=\"pxl_image.default\">\n\t\t\t\t<div class=\"elementor-widget-container\">\n\t\t\t\t\t<div id=\"pxl_image-b39c33d-1392\" class=\"pxl-image-single  style-default \" data-wow-delay=\"ms\" >\r\n    <div class=\"pxl-item--inner \" data-wow-delay=\"120ms\">\r\n        \r\n                                <div class=\"pxl-item--image\" data-parallax-value=\"\">\r\n                                                    <img fetchpriority=\"high\" decoding=\"async\" width=\"1600\" height=\"757\" src=\"https:\/\/raal.janlankas.com\/trans\/wp-content\/uploads\/2024\/08\/kilometrovnik_obr_1.jpg\" class=\"no-lazyload attachment-full\" alt=\"\" \/>                                            <\/div>\r\n                            \r\n            <\/div>\r\n<\/div>\t\t\t\t<\/div>\n\t\t\t\t<\/div>\n\t\t            <\/div>\r\n        <\/div>\r\n        \t\t\t<\/div>\n\t\t<\/section>\n\t\t\t\t<div class=\"elementor-element elementor-element-1d86ebd elementor-widget elementor-widget-pxl_heading\" data-id=\"1d86ebd\" data-element_type=\"widget\" data-e-type=\"widget\" data-widget_type=\"pxl_heading.default\">\n\t\t\t\t<div class=\"elementor-widget-container\">\n\t\t\t\t\t<div id=\"pxl-pxl_heading-1d86ebd-9815\" class=\"pxl-heading pxl-heading--tcustom px-sub-title-default-style\">\n\t<div class=\"pxl-heading--inner\">\n\t\t\t\t\t\n\t<h3 class=\"pxl-item--title \" data-wow-delay=\"ms\">\n\tNastavenie \u0161ablony:\t\t\t\n\t<\/h3>\n\t\n<\/div>\n<\/div>\t\t\t\t<\/div>\n\t\t\t\t<\/div>\n\t\t\t\t<div class=\"elementor-element elementor-element-694eb84 elementor-widget-divider--view-line elementor-widget elementor-widget-divider\" data-id=\"694eb84\" data-element_type=\"widget\" data-e-type=\"widget\" data-widget_type=\"divider.default\">\n\t\t\t\t<div class=\"elementor-widget-container\">\n\t\t\t\t\t\t\t<div class=\"elementor-divider\">\n\t\t\t<span class=\"elementor-divider-separator\">\n\t\t\t\t\t\t<\/span>\n\t\t<\/div>\n\t\t\t\t\t\t<\/div>\n\t\t\t\t<\/div>\n\t\t\t\t<div class=\"elementor-element elementor-element-bdc95b9 elementor-widget elementor-widget-pxl_video_player\" data-id=\"bdc95b9\" data-element_type=\"widget\" data-e-type=\"widget\" data-widget_type=\"pxl_video_player.default\">\n\t\t\t\t<div class=\"elementor-widget-container\">\n\t\t\t\t\t<div class=\"pxl-video-player pxl-video-player1 pxl-video-style1 \" data-wow-delay=\"ms\">\r\n    <div class=\"pxl-video--inner\">\r\n                    <div class=\"pxl-video--holder\">\r\n                                    <div class=\"pxl-video--imagebg bg-image\" style=\"background-image: url(https:\/\/raal.janlankas.com\/trans\/wp-content\/uploads\/2024\/08\/nahled_videa.png);\"><\/div>\r\n                            <\/div>\r\n                            <div class=\"btn-video-wrap p-center\">\r\n                <a class=\"btn-video style1\" href=\"https:\/\/www.youtube.com\/watch?v=GA_pjYyPBZ0\">\r\n                                            <i class=\"caseicon-play1\"><\/i>\r\n                                    <\/a>\r\n                            <\/div>\r\n            <\/div>\r\n<\/div>\t\t\t\t<\/div>\n\t\t\t\t<\/div>\n\t\t\t\t<div class=\"elementor-element elementor-element-cb71183 elementor-widget elementor-widget-pxl_image\" data-id=\"cb71183\" data-element_type=\"widget\" data-e-type=\"widget\" data-widget_type=\"pxl_image.default\">\n\t\t\t\t<div class=\"elementor-widget-container\">\n\t\t\t\t\t<div id=\"pxl_image-cb71183-8303\" class=\"pxl-image-single  style-default \" data-wow-delay=\"ms\" >\r\n    <div class=\"pxl-item--inner \" data-wow-delay=\"120ms\">\r\n        \r\n                                <div class=\"pxl-item--image\" data-parallax-value=\"\">\r\n                                                    <img decoding=\"async\" width=\"1600\" height=\"633\" src=\"https:\/\/raal.janlankas.com\/trans\/wp-content\/uploads\/2024\/08\/kilometrovnik_obr_2.png\" class=\"no-lazyload attachment-full\" alt=\"\" \/>                                            <\/div>\r\n                            \r\n            <\/div>\r\n<\/div>\t\t\t\t<\/div>\n\t\t\t\t<\/div>\n\t\t\t\t<div class=\"elementor-element elementor-element-0aa608f elementor-widget elementor-widget-pxl_heading\" data-id=\"0aa608f\" data-element_type=\"widget\" data-e-type=\"widget\" data-widget_type=\"pxl_heading.default\">\n\t\t\t\t<div class=\"elementor-widget-container\">\n\t\t\t\t\t<div id=\"pxl-pxl_heading-0aa608f-5250\" class=\"pxl-heading pxl-heading--tcustom px-sub-title-default-style\">\n\t<div class=\"pxl-heading--inner\">\n\t\t\t\t\t\n\t<h3 class=\"pxl-item--title \" data-wow-delay=\"ms\">\n\tZoznam vozidiel\t\t\t\n\t<\/h3>\n\t\n<\/div>\n<\/div>\t\t\t\t<\/div>\n\t\t\t\t<\/div>\n\t\t\t\t<div class=\"elementor-element elementor-element-5a6a9b3 elementor-widget-divider--view-line elementor-widget elementor-widget-divider\" data-id=\"5a6a9b3\" data-element_type=\"widget\" data-e-type=\"widget\" data-widget_type=\"divider.default\">\n\t\t\t\t<div class=\"elementor-widget-container\">\n\t\t\t\t\t\t\t<div class=\"elementor-divider\">\n\t\t\t<span class=\"elementor-divider-separator\">\n\t\t\t\t\t\t<\/span>\n\t\t<\/div>\n\t\t\t\t\t\t<\/div>\n\t\t\t\t<\/div>\n\t\t\t\t<div class=\"elementor-element elementor-element-5d36dc1 elementor-widget elementor-widget-pxl_text_editor\" data-id=\"5d36dc1\" data-element_type=\"widget\" data-e-type=\"widget\" data-widget_type=\"pxl_text_editor.default\">\n\t\t\t\t<div class=\"elementor-widget-container\">\n\t\t\t\t\t<div class=\"pxl-text-editor\">\n\t<div class=\"pxl-item--inner \" data-wow-delay=\"ms\">\n\t\t<p>Do zoznamu vozidiel je mo\u017en\u00e9 prida\u0165 \u013eubovoln\u00fd po\u010det \u0161abl\u00f3n vozidiel pod\u013ea v\u00e1\u0161ho vozov\u00e9ho parku. \u010ealej je mo\u017en\u00e9 v zozname vozidiel vyh\u013ead\u00e1va\u0165 pod\u013ea n\u00e1zvu \u0161abl\u00f3ny a \u010fal\u0161\u00edch parametrov a priebe\u017ene je mo\u017eno ich aj upravova\u0165.<\/p>\t\t\n\t<\/div>\n<\/div>\t\t\t\t<\/div>\n\t\t\t\t<\/div>\n\t\t\t\t<div class=\"elementor-element elementor-element-6ee876d elementor-widget elementor-widget-pxl_image\" data-id=\"6ee876d\" data-element_type=\"widget\" data-e-type=\"widget\" data-widget_type=\"pxl_image.default\">\n\t\t\t\t<div class=\"elementor-widget-container\">\n\t\t\t\t\t<div id=\"pxl_image-6ee876d-4241\" class=\"pxl-image-single  style-default \" data-wow-delay=\"ms\" >\r\n    <div class=\"pxl-item--inner \" data-wow-delay=\"120ms\">\r\n        \r\n                                <div class=\"pxl-item--image\" data-parallax-value=\"\">\r\n                                                    <img decoding=\"async\" width=\"1600\" height=\"582\" src=\"https:\/\/raal.janlankas.com\/trans\/wp-content\/uploads\/2024\/08\/kilometrovnik_obr_3.png\" class=\"no-lazyload attachment-full\" alt=\"\" \/>                                            <\/div>\r\n                            \r\n            <\/div>\r\n<\/div>\t\t\t\t<\/div>\n\t\t\t\t<\/div>\n\t\t        <section class=\"elementor-section elementor-inner-section elementor-element elementor-element-be4ca71 elementor-section-boxed elementor-section-height-default elementor-section-height-default pxl-row-scroll-none pxl-section-overflow-visible pxl-bg-color-none pxl-section-overlay-none\" data-id=\"be4ca71\" data-element_type=\"section\" data-e-type=\"section\">\n\n                \n                <div class=\"elementor-container elementor-column-gap-no \">\n                <div class=\"elementor-column elementor-col-100 elementor-inner-column elementor-element elementor-element-fb49265 pxl-column-none pxl-column-overflow-hidden-no\" data-id=\"fb49265\" data-element_type=\"column\" data-e-type=\"column\">\r\n        <div class=\"elementor-widget-wrap elementor-element-populated\">\r\n                     \r\n        \t\t<div class=\"elementor-element elementor-element-251370c elementor-widget elementor-widget-pxl_heading\" data-id=\"251370c\" data-element_type=\"widget\" data-e-type=\"widget\" data-widget_type=\"pxl_heading.default\">\n\t\t\t\t<div class=\"elementor-widget-container\">\n\t\t\t\t\t<div id=\"pxl-pxl_heading-251370c-3055\" class=\"pxl-heading pxl-heading--tcustom px-sub-title-default-style\">\n\t<div class=\"pxl-heading--inner\">\n\t\t\t\t\t\n\t<h3 class=\"pxl-item--title \" data-wow-delay=\"ms\">\n\tKilometrovn\u00edk pri doh\u013eadanej ponuke\t\t\t\n\t<\/h3>\n\t\n<\/div>\n<\/div>\t\t\t\t<\/div>\n\t\t\t\t<\/div>\n\t\t\t\t<div class=\"elementor-element elementor-element-1718f79 elementor-widget-divider--view-line elementor-widget elementor-widget-divider\" data-id=\"1718f79\" data-element_type=\"widget\" data-e-type=\"widget\" data-widget_type=\"divider.default\">\n\t\t\t\t<div class=\"elementor-widget-container\">\n\t\t\t\t\t\t\t<div class=\"elementor-divider\">\n\t\t\t<span class=\"elementor-divider-separator\">\n\t\t\t\t\t\t<\/span>\n\t\t<\/div>\n\t\t\t\t\t\t<\/div>\n\t\t\t\t<\/div>\n\t\t\t\t<div class=\"elementor-element elementor-element-beab891 elementor-widget elementor-widget-pxl_text_editor\" data-id=\"beab891\" data-element_type=\"widget\" data-e-type=\"widget\" data-widget_type=\"pxl_text_editor.default\">\n\t\t\t\t<div class=\"elementor-widget-container\">\n\t\t\t\t\t<div class=\"pxl-text-editor\">\n\t<div class=\"pxl-item--inner \" data-wow-delay=\"ms\">\n\t\t<p>\u00a0V doh\u013eadanej ponuke prepravy ( v prezeran\u00ed, v prejazdoch alebo v dokl\u00e1dkach) je mo\u017en\u00e9 si \u013eahko vyr\u00e1ta\u0165 n\u00e1klady na trasu, n\u00e1klady na prepravu a m\u00fdtne poplatky.<\/p>\t\t\n\t<\/div>\n<\/div>\t\t\t\t<\/div>\n\t\t\t\t<\/div>\n\t\t\t\t<div class=\"elementor-element elementor-element-0cf2dd4 elementor-widget elementor-widget-pxl_image\" data-id=\"0cf2dd4\" data-element_type=\"widget\" data-e-type=\"widget\" data-widget_type=\"pxl_image.default\">\n\t\t\t\t<div class=\"elementor-widget-container\">\n\t\t\t\t\t<div id=\"pxl_image-0cf2dd4-2987\" class=\"pxl-image-single  style-default \" data-wow-delay=\"ms\" >\r\n    <div class=\"pxl-item--inner \" data-wow-delay=\"120ms\">\r\n        \r\n                                <div class=\"pxl-item--image\" data-parallax-value=\"\">\r\n                                                    <img loading=\"lazy\" decoding=\"async\" width=\"1600\" height=\"820\" src=\"https:\/\/raal.janlankas.com\/trans\/wp-content\/uploads\/2024\/08\/kilometrovnik_obr_4.png\" class=\"no-lazyload attachment-full\" alt=\"\" \/>                                            <\/div>\r\n                            \r\n            <\/div>\r\n<\/div>\t\t\t\t<\/div>\n\t\t\t\t<\/div>\n\t\t            <\/div>\r\n        <\/div>\r\n        \t\t\t<\/div>\n\t\t<\/section>\n\t\t            <\/div>\r\n        <\/div>\r\n        \t\t\t<\/div>\n\t\t<\/section>\n\t\t\t\t<\/div>\n\t\t","protected":false},"excerpt":{"rendered":"<p>Kilometrovn\u00edk Kilometrovn\u00edk sa pou\u017e\u00edva na v\u00fdpo\u010det a zobrazenie zvolenej trasy, n\u00e1kladov na trasu a m\u00fdta v celej Eur\u00f3pe a pri\u013eahl\u00fdch oblastiach. Kilometrovn\u00edk obsahuje trval\u00e9 aj do\u010dasn\u00e9 obmedzenia na cest\u00e1ch. Optim\u00e1lna trasa je navrhnut\u00e1 s oh\u013eadom na vami zvolen\u00e9 parametre vozidla (n\u00e1klady na hodinu, n\u00e1klady na kilometer, emisn\u00e1 trieda, typ emisi\u00ed, rozmery a hmotnos\u0165 vozidla at\u010f.)Tieto [&hellip;]<\/p>\n","protected":false},"author":1,"featured_media":0,"parent":0,"menu_order":0,"comment_status":"closed","ping_status":"closed","template":"","meta":{"footnotes":""},"class_list":["post-11127","page","type-page","status-publish","hentry"],"rttpg_featured_image_url":null,"rttpg_author":{"display_name":"janlankas","author_link":"https:\/\/raal.janlankas.com\/trans\/author\/janlankas\/"},"rttpg_comment":0,"rttpg_category":" <a href=\"https:\/\/raal.janlankas.com\/trans\/sk\/\" rel=\"tag\">Sloven\u010dina<\/a>","rttpg_excerpt":"Kilometrovn\u00edk Kilometrovn\u00edk sa pou\u017e\u00edva na v\u00fdpo\u010det a zobrazenie zvolenej trasy, n\u00e1kladov na trasu a m\u00fdta v celej Eur\u00f3pe a pri\u013eahl\u00fdch oblastiach. Kilometrovn\u00edk obsahuje trval\u00e9 aj do\u010dasn\u00e9 obmedzenia na cest\u00e1ch. Optim\u00e1lna trasa je navrhnut\u00e1 s oh\u013eadom na vami zvolen\u00e9 parametre vozidla (n\u00e1klady na hodinu, n\u00e1klady na kilometer, emisn\u00e1 trieda, typ emisi\u00ed, rozmery a hmotnos\u0165 vozidla at\u010f.)Tieto&hellip;","_links":{"self":[{"href":"https:\/\/raal.janlankas.com\/trans\/wp-json\/wp\/v2\/pages\/11127","targetHints":{"allow":["GET"]}}],"collection":[{"href":"https:\/\/raal.janlankas.com\/trans\/wp-json\/wp\/v2\/pages"}],"about":[{"href":"https:\/\/raal.janlankas.com\/trans\/wp-json\/wp\/v2\/types\/page"}],"author":[{"embeddable":true,"href":"https:\/\/raal.janlankas.com\/trans\/wp-json\/wp\/v2\/users\/1"}],"replies":[{"embeddable":true,"href":"https:\/\/raal.janlankas.com\/trans\/wp-json\/wp\/v2\/comments?post=11127"}],"version-history":[{"count":20,"href":"https:\/\/raal.janlankas.com\/trans\/wp-json\/wp\/v2\/pages\/11127\/revisions"}],"predecessor-version":[{"id":12284,"href":"https:\/\/raal.janlankas.com\/trans\/wp-json\/wp\/v2\/pages\/11127\/revisions\/12284"}],"wp:attachment":[{"href":"https:\/\/raal.janlankas.com\/trans\/wp-json\/wp\/v2\/media?parent=11127"}],"curies":[{"name":"wp","href":"https:\/\/api.w.org\/{rel}","templated":true}]}}