{"id":11132,"date":"2024-09-19T09:21:58","date_gmt":"2024-09-19T07:21:58","guid":{"rendered":"https:\/\/raal.janlankas.com\/trans\/?page_id=11132"},"modified":"2025-06-07T19:57:02","modified_gmt":"2025-06-07T17:57:02","slug":"mobilni-aplikacia","status":"publish","type":"page","link":"https:\/\/raal.janlankas.com\/trans\/sk\/mobilni-aplikacia\/","title":{"rendered":"Mobiln\u00ed aplik\u00e1cia"},"content":{"rendered":"\t\t<div data-elementor-type=\"wp-page\" data-elementor-id=\"11132\" class=\"elementor elementor-11132\">\n\t\t\t\t        <section class=\"elementor-section elementor-top-section elementor-element elementor-element-d52edd8 elementor-section-stretched pxl-row-scroll-fixed elementor-section-boxed elementor-section-height-default elementor-section-height-default pxl-section-overflow-visible pxl-bg-color-none pxl-section-overlay-none\" data-id=\"d52edd8\" data-element_type=\"section\" data-e-type=\"section\" data-settings=\"{&quot;stretch_section&quot;:&quot;section-stretched&quot;}\">\n\n                \n                <div class=\"elementor-container elementor-column-gap-extended \">\n                <div class=\"elementor-column elementor-col-100 elementor-top-column elementor-element elementor-element-4e9c651 pxl-column-none pxl-column-overflow-hidden-no\" data-id=\"4e9c651\" data-element_type=\"column\" data-e-type=\"column\">\r\n        <div class=\"elementor-widget-wrap elementor-element-populated\">\r\n                     \r\n                <section class=\"elementor-section elementor-inner-section elementor-element elementor-element-e76716c elementor-section-boxed elementor-section-height-default elementor-section-height-default pxl-row-scroll-none pxl-section-overflow-visible pxl-bg-color-none pxl-section-overlay-none\" data-id=\"e76716c\" data-element_type=\"section\" data-e-type=\"section\">\n\n                \n                <div class=\"elementor-container elementor-column-gap-default \">\n                <div class=\"elementor-column elementor-col-50 elementor-inner-column elementor-element elementor-element-48f0629 pxl-column-none pxl-column-overflow-hidden-no\" data-id=\"48f0629\" data-element_type=\"column\" data-e-type=\"column\">\r\n        <div class=\"elementor-widget-wrap elementor-element-populated\">\r\n                     \r\n        \t\t<div class=\"elementor-element elementor-element-cc3620c elementor-widget elementor-widget-pxl_heading\" data-id=\"cc3620c\" data-element_type=\"widget\" data-e-type=\"widget\" data-widget_type=\"pxl_heading.default\">\n\t\t\t\t<div class=\"elementor-widget-container\">\n\t\t\t\t\t<div id=\"pxl-pxl_heading-cc3620c-3913\" class=\"pxl-heading pxl-heading--tcustom px-sub-title-default-style\">\n\t<div class=\"pxl-heading--inner\">\n\t\t\t\t\t\n\t<h3 class=\"pxl-item--title \" data-wow-delay=\"ms\">\n\tAplik\u00e1cie pre mobily a tablety\t\t\t\n\t<\/h3>\n\t\n<\/div>\n<\/div>\t\t\t\t<\/div>\n\t\t\t\t<\/div>\n\t\t\t\t<div class=\"elementor-element elementor-element-a205e44 elementor-widget-divider--view-line elementor-widget elementor-widget-divider\" data-id=\"a205e44\" data-element_type=\"widget\" data-e-type=\"widget\" data-widget_type=\"divider.default\">\n\t\t\t\t<div class=\"elementor-widget-container\">\n\t\t\t\t\t\t\t<div class=\"elementor-divider\">\n\t\t\t<span class=\"elementor-divider-separator\">\n\t\t\t\t\t\t<\/span>\n\t\t<\/div>\n\t\t\t\t\t\t<\/div>\n\t\t\t\t<\/div>\n\t\t\t\t<div class=\"elementor-element elementor-element-04ba86d elementor-widget elementor-widget-pxl_text_editor\" data-id=\"04ba86d\" data-element_type=\"widget\" data-e-type=\"widget\" data-widget_type=\"pxl_text_editor.default\">\n\t\t\t\t<div class=\"elementor-widget-container\">\n\t\t\t\t\t<div class=\"pxl-text-editor\">\n\t<div class=\"pxl-item--inner \" data-wow-delay=\"ms\">\n\t\t<p>Pomocou syst\u00e9mu RAAL m\u00f4\u017eu vodi\u010di n\u00e1kladn\u00fdch vozidiel, dispe\u010deri a prepravn\u00e9 spolo\u010dnosti r\u00fdchlo vyh\u013eada\u0165 vo\u013en\u00e9 n\u00e1klady a zabezpe\u010di\u0165 n\u00e1klad pre svoje vozidlo. Aplik\u00e1cia pon\u00faka intuit\u00edvne rozhranie, ktor\u00e9 u\u013eah\u010duje vyh\u013ead\u00e1vanie potrebn\u00fdch inform\u00e1ci\u00ed o n\u00e1klade vr\u00e1tane hmotnosti, rozmerov, miesta nakl\u00e1dky a vykl\u00e1dky a \u010fal\u0161\u00edch potrebn\u00fdch inform\u00e1ci\u00ed.<\/p><p>Aplik\u00e1cia kladie d\u00f4raz na pou\u017e\u00edvate\u013esk\u00fa pr\u00edvetivos\u0165 a je \u013eahko pou\u017eite\u013en\u00e1 pre ka\u017ed\u00e9ho. Vodi\u010di sa tak m\u00f4\u017eu s\u00fastredi\u0165 na svoju pr\u00e1cu a minimalizova\u0165 po\u010det j\u00e1zd bez n\u00e1kladu.<\/p><p>V\u00fdhodou mobilnej aplik\u00e1cie je zasielanie upozornen\u00ed na nov\u00e9 ponuky prepravy a dostupn\u00e9 vozidl\u00e1 v databanke. Pou\u017e\u00edvate\u013e je tak v\u010das informovan\u00fd o nov\u00fdch ponuk\u00e1ch, ktor\u00e9 potrebuje.<\/p>\t\t\n\t<\/div>\n<\/div>\t\t\t\t<\/div>\n\t\t\t\t<\/div>\n\t\t            <\/div>\r\n        <\/div>\r\n                <div class=\"elementor-column elementor-col-50 elementor-inner-column elementor-element elementor-element-7b9641b pxl-column-none pxl-column-overflow-hidden-no\" data-id=\"7b9641b\" data-element_type=\"column\" data-e-type=\"column\">\r\n        <div class=\"elementor-widget-wrap elementor-element-populated\">\r\n                     \r\n        \t\t<div class=\"elementor-element elementor-element-65370c3 elementor-widget elementor-widget-pxl_image\" data-id=\"65370c3\" data-element_type=\"widget\" data-e-type=\"widget\" data-widget_type=\"pxl_image.default\">\n\t\t\t\t<div class=\"elementor-widget-container\">\n\t\t\t\t\t<div id=\"pxl_image-65370c3-5603\" class=\"pxl-image-single  style-default \" data-wow-delay=\"ms\" >\r\n    <div class=\"pxl-item--inner \" data-wow-delay=\"120ms\">\r\n        \r\n                                <div class=\"pxl-item--image\" data-parallax-value=\"\">\r\n                                                    <img fetchpriority=\"high\" decoding=\"async\" width=\"1750\" height=\"877\" src=\"https:\/\/raal.janlankas.com\/trans\/wp-content\/uploads\/2024\/08\/ios.jpg\" class=\"no-lazyload attachment-full\" alt=\"\" \/>                                            <\/div>\r\n                            \r\n            <\/div>\r\n<\/div>\t\t\t\t<\/div>\n\t\t\t\t<\/div>\n\t\t            <\/div>\r\n        <\/div>\r\n        \t\t\t<\/div>\n\t\t<\/section>\n\t\t\t\t<div class=\"elementor-element elementor-element-e05c064 elementor-widget elementor-widget-pxl_heading\" data-id=\"e05c064\" data-element_type=\"widget\" data-e-type=\"widget\" data-widget_type=\"pxl_heading.default\">\n\t\t\t\t<div class=\"elementor-widget-container\">\n\t\t\t\t\t<div id=\"pxl-pxl_heading-e05c064-1599\" class=\"pxl-heading pxl-heading--tcustom px-sub-title-default-style\">\n\t<div class=\"pxl-heading--inner\">\n\t\t\t\t\t\n\t<h3 class=\"pxl-item--title \" data-wow-delay=\"ms\">\n\tAplik\u00e1cia pon\u00faka:\t\t\t\n\t<\/h3>\n\t\n<\/div>\n<\/div>\t\t\t\t<\/div>\n\t\t\t\t<\/div>\n\t\t\t\t<div class=\"elementor-element elementor-element-c735f8b elementor-widget-divider--view-line elementor-widget elementor-widget-divider\" data-id=\"c735f8b\" data-element_type=\"widget\" data-e-type=\"widget\" data-widget_type=\"divider.default\">\n\t\t\t\t<div class=\"elementor-widget-container\">\n\t\t\t\t\t\t\t<div class=\"elementor-divider\">\n\t\t\t<span class=\"elementor-divider-separator\">\n\t\t\t\t\t\t<\/span>\n\t\t<\/div>\n\t\t\t\t\t\t<\/div>\n\t\t\t\t<\/div>\n\t\t        <section class=\"elementor-section elementor-inner-section elementor-element elementor-element-9d34257 elementor-section-boxed elementor-section-height-default elementor-section-height-default pxl-row-scroll-none pxl-section-overflow-visible pxl-bg-color-none pxl-section-overlay-none\" data-id=\"9d34257\" data-element_type=\"section\" data-e-type=\"section\">\n\n                \n                <div class=\"elementor-container elementor-column-gap-default \">\n                <div class=\"elementor-column elementor-col-50 elementor-inner-column elementor-element elementor-element-ddd5d70 pxl-column-none pxl-column-overflow-hidden-no\" data-id=\"ddd5d70\" data-element_type=\"column\" data-e-type=\"column\">\r\n        <div class=\"elementor-widget-wrap elementor-element-populated\">\r\n                     \r\n        \t\t<div class=\"elementor-element elementor-element-4cb0881 elementor-widget elementor-widget-pxl_list\" data-id=\"4cb0881\" data-element_type=\"widget\" data-e-type=\"widget\" data-widget_type=\"pxl_list.default\">\n\t\t\t\t<div class=\"elementor-widget-container\">\n\t\t\t\t\t    <div class=\"pxl-list pxl-list1 \" data-wow-delay=\"ms\">\r\n                    <div class=\"pxl--item\">\r\n                                    <div class=\"pxl-item--icon pxl-mr-8 \">\r\n                        <i aria-hidden=\"true\" class=\"fas fa-hand-point-right\"><\/i>                    <\/div>\r\n                                <div class=\"pxl-item--text el-empty\">zad\u00e1vanie vlastn\u00fdch nov\u00fdch prepr\u00e1v, vozov, inzer\u00e1tov a ich edit\u00e1ciu<\/div>\r\n            <\/div>\r\n                    <div class=\"pxl--item\">\r\n                                    <div class=\"pxl-item--icon pxl-mr-8 \">\r\n                        <i aria-hidden=\"true\" class=\"fas fa-hand-point-right\"><\/i>                    <\/div>\r\n                                <div class=\"pxl-item--text el-empty\">prezeranie prepr\u00e1v, vozov a inzer\u00e1tov od ostatn\u00fdch u\u017e\u00edvate\u013eov databanky<\/div>\r\n            <\/div>\r\n                    <div class=\"pxl--item\">\r\n                                    <div class=\"pxl-item--icon pxl-mr-8 \">\r\n                        <i aria-hidden=\"true\" class=\"fas fa-hand-point-right\"><\/i>                    <\/div>\r\n                                <div class=\"pxl-item--text el-empty\">zasielanie ozn\u00e1men\u00ed o nov\u00fdch ponuk\u00e1ch v databanke<\/div>\r\n            <\/div>\r\n                    <div class=\"pxl--item\">\r\n                                    <div class=\"pxl-item--icon pxl-mr-8 \">\r\n                        <i aria-hidden=\"true\" class=\"fas fa-hand-point-right\"><\/i>                    <\/div>\r\n                                <div class=\"pxl-item--text el-empty\">prepo\u010d\u00edtanie trasy doh\u013eadanej ponuky na Google maps<\/div>\r\n            <\/div>\r\n                    <div class=\"pxl--item\">\r\n                                    <div class=\"pxl-item--icon pxl-mr-8 \">\r\n                        <i aria-hidden=\"true\" class=\"fas fa-hand-point-right\"><\/i>                    <\/div>\r\n                                <div class=\"pxl-item--text el-empty\">modern\u00fd design aplik\u00e1cie<\/div>\r\n            <\/div>\r\n                    <div class=\"pxl--item\">\r\n                                    <div class=\"pxl-item--icon pxl-mr-8 \">\r\n                        <i aria-hidden=\"true\" class=\"fas fa-hand-point-right\"><\/i>                    <\/div>\r\n                                <div class=\"pxl-item--text el-empty\">edit\u00e1cia obsahu karty ponuky<\/div>\r\n            <\/div>\r\n                    <div class=\"pxl--item\">\r\n                                    <div class=\"pxl-item--icon pxl-mr-8 \">\r\n                        <i aria-hidden=\"true\" class=\"fas fa-hand-point-right\"><\/i>                    <\/div>\r\n                                <div class=\"pxl-item--text el-empty\">rychl\u00e9 vyt\u00e1\u010danie tel.\u010d\u00edsel alebo posielanie E-MAILOV a SMS spr\u00e1v priamo z aplik\u00e1cie<\/div>\r\n            <\/div>\r\n                    <div class=\"pxl--item\">\r\n                                    <div class=\"pxl-item--icon pxl-mr-8 \">\r\n                        <i aria-hidden=\"true\" class=\"fas fa-hand-point-right\"><\/i>                    <\/div>\r\n                                <div class=\"pxl-item--text el-empty\">zobrazenie u\u017e\u00edvate\u013eov so v\u0161etk\u00fdmi detailami a kontaktmi<\/div>\r\n            <\/div>\r\n                    <div class=\"pxl--item\">\r\n                                    <div class=\"pxl-item--icon pxl-mr-8 \">\r\n                        <i aria-hidden=\"true\" class=\"fas fa-hand-point-right\"><\/i>                    <\/div>\r\n                                <div class=\"pxl-item--text el-empty\">prep\u00ednanie medzi svetl\u00fdm a tmav\u00fdm re\u017eimom<\/div>\r\n            <\/div>\r\n                    <div class=\"pxl--item\">\r\n                                    <div class=\"pxl-item--icon pxl-mr-8 \">\r\n                        <i aria-hidden=\"true\" class=\"fas fa-hand-point-right\"><\/i>                    <\/div>\r\n                                <div class=\"pxl-item--text el-empty\">funguje aj ako caller=r\u00fdchle vyt\u00e1\u010danie tel.\u010d\u00edsel z desktopu (PC)<\/div>\r\n            <\/div>\r\n            <\/div>\r\n\t\t\t\t<\/div>\n\t\t\t\t<\/div>\n\t\t            <\/div>\r\n        <\/div>\r\n                <div class=\"elementor-column elementor-col-50 elementor-inner-column elementor-element elementor-element-ffc856d pxl-column-none pxl-column-overflow-hidden-no\" data-id=\"ffc856d\" data-element_type=\"column\" data-e-type=\"column\">\r\n        <div class=\"elementor-widget-wrap elementor-element-populated\">\r\n                     \r\n        \t\t<div class=\"elementor-element elementor-element-1354874 elementor-widget elementor-widget-pxl_video_player\" data-id=\"1354874\" data-element_type=\"widget\" data-e-type=\"widget\" data-widget_type=\"pxl_video_player.default\">\n\t\t\t\t<div class=\"elementor-widget-container\">\n\t\t\t\t\t<div class=\"pxl-video-player pxl-video-player1 pxl-video-style1 \" data-wow-delay=\"ms\">\r\n    <div class=\"pxl-video--inner\">\r\n                    <div class=\"pxl-video--holder\">\r\n                                    <div class=\"pxl-video--imagebg bg-image\" style=\"background-image: url(https:\/\/raal.janlankas.com\/trans\/wp-content\/uploads\/2024\/07\/2-scaled.jpg);\"><\/div>\r\n                            <\/div>\r\n                            <div class=\"btn-video-wrap p-center\">\r\n                <a class=\"btn-video style1\" href=\"https:\/\/www.youtube.com\/watch?v=3KywzE3-EXE\">\r\n                                            <i class=\"caseicon-play1\"><\/i>\r\n                                    <\/a>\r\n                            <\/div>\r\n            <\/div>\r\n<\/div>\t\t\t\t<\/div>\n\t\t\t\t<\/div>\n\t\t\t\t<div class=\"elementor-element elementor-element-352103b elementor-widget__width-auto elementor-widget elementor-widget-pxl_image\" data-id=\"352103b\" data-element_type=\"widget\" data-e-type=\"widget\" data-widget_type=\"pxl_image.default\">\n\t\t\t\t<div class=\"elementor-widget-container\">\n\t\t\t\t\t<div id=\"pxl_image-352103b-5757\" class=\"pxl-image-single  style-default \" data-wow-delay=\"ms\" >\r\n    <div class=\"pxl-item--inner \" data-wow-delay=\"120ms\">\r\n        \r\n                                <div class=\"pxl-item--image\" data-parallax-value=\"\">\r\n                        <a href=\"https:\/\/apps.apple.com\/cz\/app\/raaltrans\/id6476616118?l=cs\">                            <img decoding=\"async\" width=\"1915\" height=\"641\" src=\"https:\/\/raal.janlankas.com\/trans\/wp-content\/uploads\/2024\/09\/apple.png\" class=\"no-lazyload attachment-full\" alt=\"\" \/>                        <\/a>                    <\/div>\r\n                            \r\n            <\/div>\r\n<\/div>\t\t\t\t<\/div>\n\t\t\t\t<\/div>\n\t\t\t\t<div class=\"elementor-element elementor-element-4852107 elementor-widget__width-initial elementor-widget elementor-widget-pxl_image\" data-id=\"4852107\" data-element_type=\"widget\" data-e-type=\"widget\" data-widget_type=\"pxl_image.default\">\n\t\t\t\t<div class=\"elementor-widget-container\">\n\t\t\t\t\t<div id=\"pxl_image-4852107-2155\" class=\"pxl-image-single  style-default \" data-wow-delay=\"ms\" >\r\n    <div class=\"pxl-item--inner \" data-wow-delay=\"120ms\">\r\n        \r\n                                <div class=\"pxl-item--image\" data-parallax-value=\"\">\r\n                        <a href=\"https:\/\/play.google.com\/store\/apps\/details?id=com.raaltrans.www.twa&amp;hl=cs&amp;pli=1\" target=\"_blank\">                            <img decoding=\"async\" width=\"646\" height=\"250\" src=\"https:\/\/raal.janlankas.com\/trans\/wp-content\/uploads\/2024\/09\/google-play.png\" class=\"no-lazyload attachment-full\" alt=\"\" \/>                        <\/a>                    <\/div>\r\n                            \r\n            <\/div>\r\n<\/div>\t\t\t\t<\/div>\n\t\t\t\t<\/div>\n\t\t            <\/div>\r\n        <\/div>\r\n        \t\t\t<\/div>\n\t\t<\/section>\n\t\t            <\/div>\r\n        <\/div>\r\n        \t\t\t<\/div>\n\t\t<\/section>\n\t\t        <section class=\"elementor-section elementor-top-section elementor-element elementor-element-f136c08 elementor-section-boxed elementor-section-height-default elementor-section-height-default pxl-row-scroll-none pxl-section-overflow-visible pxl-bg-color-none pxl-section-overlay-none\" data-id=\"f136c08\" data-element_type=\"section\" data-e-type=\"section\">\n\n                \n                <div class=\"elementor-container elementor-column-gap-default \">\n                <div class=\"elementor-column elementor-col-33 elementor-top-column elementor-element elementor-element-094ded7 pxl-column-none pxl-column-overflow-hidden-no\" data-id=\"094ded7\" data-element_type=\"column\" data-e-type=\"column\">\r\n        <div class=\"elementor-widget-wrap elementor-element-populated\">\r\n                     \r\n        \t\t<div class=\"elementor-element elementor-element-22e1a9b elementor-widget elementor-widget-image\" data-id=\"22e1a9b\" data-element_type=\"widget\" data-e-type=\"widget\" data-widget_type=\"image.default\">\n\t\t\t\t<div class=\"elementor-widget-container\">\n\t\t\t\t\t\t\t\t\t\t\t\t\t\t\t<img loading=\"lazy\" decoding=\"async\" width=\"576\" height=\"1024\" src=\"https:\/\/raal.janlankas.com\/trans\/wp-content\/uploads\/2025\/04\/mobil_obrazek_1-576x1024.png\" class=\"attachment-large size-large wp-image-11839\" alt=\"\" srcset=\"https:\/\/raal.janlankas.com\/trans\/wp-content\/uploads\/2025\/04\/mobil_obrazek_1-576x1024.png 576w, https:\/\/raal.janlankas.com\/trans\/wp-content\/uploads\/2025\/04\/mobil_obrazek_1-169x300.png 169w, https:\/\/raal.janlankas.com\/trans\/wp-content\/uploads\/2025\/04\/mobil_obrazek_1-768x1365.png 768w, https:\/\/raal.janlankas.com\/trans\/wp-content\/uploads\/2025\/04\/mobil_obrazek_1-864x1536.png 864w, https:\/\/raal.janlankas.com\/trans\/wp-content\/uploads\/2025\/04\/mobil_obrazek_1-399x710.png 399w, https:\/\/raal.janlankas.com\/trans\/wp-content\/uploads\/2025\/04\/mobil_obrazek_1.png 1080w\" sizes=\"(max-width: 576px) 100vw, 576px\" \/>\t\t\t\t\t\t\t\t\t\t\t\t\t\t\t<\/div>\n\t\t\t\t<\/div>\n\t\t            <\/div>\r\n        <\/div>\r\n                <div class=\"elementor-column elementor-col-33 elementor-top-column elementor-element elementor-element-f2e039b pxl-column-none pxl-column-overflow-hidden-no\" data-id=\"f2e039b\" data-element_type=\"column\" data-e-type=\"column\">\r\n        <div class=\"elementor-widget-wrap elementor-element-populated\">\r\n                     \r\n        \t\t<div class=\"elementor-element elementor-element-46ada12 elementor-widget elementor-widget-image\" data-id=\"46ada12\" data-element_type=\"widget\" data-e-type=\"widget\" data-widget_type=\"image.default\">\n\t\t\t\t<div class=\"elementor-widget-container\">\n\t\t\t\t\t\t\t\t\t\t\t\t\t\t\t<img loading=\"lazy\" decoding=\"async\" width=\"576\" height=\"1024\" src=\"https:\/\/raal.janlankas.com\/trans\/wp-content\/uploads\/2025\/04\/mobil_obrazek_2-576x1024.png\" class=\"attachment-large size-large wp-image-11840\" alt=\"\" srcset=\"https:\/\/raal.janlankas.com\/trans\/wp-content\/uploads\/2025\/04\/mobil_obrazek_2-576x1024.png 576w, https:\/\/raal.janlankas.com\/trans\/wp-content\/uploads\/2025\/04\/mobil_obrazek_2-169x300.png 169w, https:\/\/raal.janlankas.com\/trans\/wp-content\/uploads\/2025\/04\/mobil_obrazek_2-768x1365.png 768w, https:\/\/raal.janlankas.com\/trans\/wp-content\/uploads\/2025\/04\/mobil_obrazek_2-864x1536.png 864w, https:\/\/raal.janlankas.com\/trans\/wp-content\/uploads\/2025\/04\/mobil_obrazek_2-399x710.png 399w, https:\/\/raal.janlankas.com\/trans\/wp-content\/uploads\/2025\/04\/mobil_obrazek_2.png 1080w\" sizes=\"(max-width: 576px) 100vw, 576px\" \/>\t\t\t\t\t\t\t\t\t\t\t\t\t\t\t<\/div>\n\t\t\t\t<\/div>\n\t\t            <\/div>\r\n        <\/div>\r\n                <div class=\"elementor-column elementor-col-33 elementor-top-column elementor-element elementor-element-3fefed1 pxl-column-none pxl-column-overflow-hidden-no\" data-id=\"3fefed1\" data-element_type=\"column\" data-e-type=\"column\">\r\n        <div class=\"elementor-widget-wrap elementor-element-populated\">\r\n                     \r\n        \t\t<div class=\"elementor-element elementor-element-2d0ddea elementor-widget elementor-widget-image\" data-id=\"2d0ddea\" data-element_type=\"widget\" data-e-type=\"widget\" data-widget_type=\"image.default\">\n\t\t\t\t<div class=\"elementor-widget-container\">\n\t\t\t\t\t\t\t\t\t\t\t\t\t\t\t<img loading=\"lazy\" decoding=\"async\" width=\"576\" height=\"1024\" src=\"https:\/\/raal.janlankas.com\/trans\/wp-content\/uploads\/2025\/04\/obrazek_mobilka_3_opraveno-576x1024.png\" class=\"attachment-large size-large wp-image-11841\" alt=\"\" srcset=\"https:\/\/raal.janlankas.com\/trans\/wp-content\/uploads\/2025\/04\/obrazek_mobilka_3_opraveno-576x1024.png 576w, https:\/\/raal.janlankas.com\/trans\/wp-content\/uploads\/2025\/04\/obrazek_mobilka_3_opraveno-169x300.png 169w, https:\/\/raal.janlankas.com\/trans\/wp-content\/uploads\/2025\/04\/obrazek_mobilka_3_opraveno-768x1365.png 768w, https:\/\/raal.janlankas.com\/trans\/wp-content\/uploads\/2025\/04\/obrazek_mobilka_3_opraveno-864x1536.png 864w, https:\/\/raal.janlankas.com\/trans\/wp-content\/uploads\/2025\/04\/obrazek_mobilka_3_opraveno-399x710.png 399w, https:\/\/raal.janlankas.com\/trans\/wp-content\/uploads\/2025\/04\/obrazek_mobilka_3_opraveno.png 1080w\" sizes=\"(max-width: 576px) 100vw, 576px\" \/>\t\t\t\t\t\t\t\t\t\t\t\t\t\t\t<\/div>\n\t\t\t\t<\/div>\n\t\t            <\/div>\r\n        <\/div>\r\n        \t\t\t<\/div>\n\t\t<\/section>\n\t\t\t\t<\/div>\n\t\t","protected":false},"excerpt":{"rendered":"<p>Aplik\u00e1cie pre mobily a tablety Pomocou syst\u00e9mu RAAL m\u00f4\u017eu vodi\u010di n\u00e1kladn\u00fdch vozidiel, dispe\u010deri a prepravn\u00e9 spolo\u010dnosti r\u00fdchlo vyh\u013eada\u0165 vo\u013en\u00e9 n\u00e1klady a zabezpe\u010di\u0165 n\u00e1klad pre svoje vozidlo. Aplik\u00e1cia pon\u00faka intuit\u00edvne rozhranie, ktor\u00e9 u\u013eah\u010duje vyh\u013ead\u00e1vanie potrebn\u00fdch inform\u00e1ci\u00ed o n\u00e1klade vr\u00e1tane hmotnosti, rozmerov, miesta nakl\u00e1dky a vykl\u00e1dky a \u010fal\u0161\u00edch potrebn\u00fdch inform\u00e1ci\u00ed. Aplik\u00e1cia kladie d\u00f4raz na pou\u017e\u00edvate\u013esk\u00fa pr\u00edvetivos\u0165 a [&hellip;]<\/p>\n","protected":false},"author":1,"featured_media":0,"parent":0,"menu_order":0,"comment_status":"closed","ping_status":"closed","template":"","meta":{"footnotes":""},"class_list":["post-11132","page","type-page","status-publish","hentry"],"rttpg_featured_image_url":null,"rttpg_author":{"display_name":"janlankas","author_link":"https:\/\/raal.janlankas.com\/trans\/author\/janlankas\/"},"rttpg_comment":0,"rttpg_category":" <a href=\"https:\/\/raal.janlankas.com\/trans\/sk\/\" rel=\"tag\">Sloven\u010dina<\/a>","rttpg_excerpt":"Aplik\u00e1cie pre mobily a tablety Pomocou syst\u00e9mu RAAL m\u00f4\u017eu vodi\u010di n\u00e1kladn\u00fdch vozidiel, dispe\u010deri a prepravn\u00e9 spolo\u010dnosti r\u00fdchlo vyh\u013eada\u0165 vo\u013en\u00e9 n\u00e1klady a zabezpe\u010di\u0165 n\u00e1klad pre svoje vozidlo. Aplik\u00e1cia pon\u00faka intuit\u00edvne rozhranie, ktor\u00e9 u\u013eah\u010duje vyh\u013ead\u00e1vanie potrebn\u00fdch inform\u00e1ci\u00ed o n\u00e1klade vr\u00e1tane hmotnosti, rozmerov, miesta nakl\u00e1dky a vykl\u00e1dky a \u010fal\u0161\u00edch potrebn\u00fdch inform\u00e1ci\u00ed. Aplik\u00e1cia kladie d\u00f4raz na pou\u017e\u00edvate\u013esk\u00fa pr\u00edvetivos\u0165 a&hellip;","_links":{"self":[{"href":"https:\/\/raal.janlankas.com\/trans\/wp-json\/wp\/v2\/pages\/11132","targetHints":{"allow":["GET"]}}],"collection":[{"href":"https:\/\/raal.janlankas.com\/trans\/wp-json\/wp\/v2\/pages"}],"about":[{"href":"https:\/\/raal.janlankas.com\/trans\/wp-json\/wp\/v2\/types\/page"}],"author":[{"embeddable":true,"href":"https:\/\/raal.janlankas.com\/trans\/wp-json\/wp\/v2\/users\/1"}],"replies":[{"embeddable":true,"href":"https:\/\/raal.janlankas.com\/trans\/wp-json\/wp\/v2\/comments?post=11132"}],"version-history":[{"count":34,"href":"https:\/\/raal.janlankas.com\/trans\/wp-json\/wp\/v2\/pages\/11132\/revisions"}],"predecessor-version":[{"id":12372,"href":"https:\/\/raal.janlankas.com\/trans\/wp-json\/wp\/v2\/pages\/11132\/revisions\/12372"}],"wp:attachment":[{"href":"https:\/\/raal.janlankas.com\/trans\/wp-json\/wp\/v2\/media?parent=11132"}],"curies":[{"name":"wp","href":"https:\/\/api.w.org\/{rel}","templated":true}]}}