{"id":12708,"date":"2025-11-30T17:29:53","date_gmt":"2025-11-30T16:29:53","guid":{"rendered":"https:\/\/raal.janlankas.com\/trans\/?page_id=12708"},"modified":"2026-02-28T22:32:30","modified_gmt":"2026-02-28T21:32:30","slug":"blog-prispevky","status":"publish","type":"page","link":"https:\/\/raal.janlankas.com\/trans\/blog-prispevky\/","title":{"rendered":"Blog p\u0159\u00edspevky"},"content":{"rendered":"\t\t<div data-elementor-type=\"wp-page\" data-elementor-id=\"12708\" class=\"elementor elementor-12708\">\n\t\t\t\t        <section class=\"elementor-section elementor-top-section elementor-element elementor-element-6b29c97 elementor-section-boxed elementor-section-height-default elementor-section-height-default pxl-row-scroll-none pxl-section-overflow-visible pxl-bg-color-none pxl-section-overlay-none\" data-id=\"6b29c97\" data-element_type=\"section\" data-e-type=\"section\">\n\n                \n                <div class=\"elementor-container elementor-column-gap-default \">\n                <div class=\"elementor-column elementor-col-100 elementor-top-column elementor-element elementor-element-6b4037b pxl-column-none pxl-column-overflow-hidden-no\" data-id=\"6b4037b\" data-element_type=\"column\" data-e-type=\"column\">\r\n        <div class=\"elementor-widget-wrap elementor-element-populated\">\r\n                     \r\n        \t\t<div class=\"elementor-element elementor-element-5a3b99a elementor-widget elementor-widget-pxl_heading\" data-id=\"5a3b99a\" data-element_type=\"widget\" data-e-type=\"widget\" data-widget_type=\"pxl_heading.default\">\n\t\t\t\t<div class=\"elementor-widget-container\">\n\t\t\t\t\t<div id=\"pxl-pxl_heading-5a3b99a-2876\" class=\"pxl-heading pxl-heading--tcustom px-sub-title-default-style\">\n\t<div class=\"pxl-heading--inner\">\n\t\t\t\t\t\n\t<h1 class=\"pxl-item--title \" data-wow-delay=\"ms\">\n\tBlog \t\t\t\n\t<\/h1>\n\t\n<\/div>\n<\/div>\t\t\t\t<\/div>\n\t\t\t\t<\/div>\n\t\t\t\t<div class=\"elementor-element elementor-element-a53a568 elementor-widget-divider--view-line elementor-widget elementor-widget-divider\" data-id=\"a53a568\" data-element_type=\"widget\" data-e-type=\"widget\" data-widget_type=\"divider.default\">\n\t\t\t\t<div class=\"elementor-widget-container\">\n\t\t\t\t\t\t\t<div class=\"elementor-divider\">\n\t\t\t<span class=\"elementor-divider-separator\">\n\t\t\t\t\t\t<\/span>\n\t\t<\/div>\n\t\t\t\t\t\t<\/div>\n\t\t\t\t<\/div>\n\t\t            <\/div>\r\n        <\/div>\r\n        \t\t\t<\/div>\n\t\t<\/section>\n\t\t        <section class=\"elementor-section elementor-top-section elementor-element elementor-element-9bec830 elementor-section-boxed elementor-section-height-default elementor-section-height-default pxl-row-scroll-none pxl-section-overflow-visible pxl-bg-color-none pxl-section-overlay-none\" data-id=\"9bec830\" data-element_type=\"section\" data-e-type=\"section\">\n\n                \n                <div class=\"elementor-container elementor-column-gap-default \">\n                <div class=\"elementor-column elementor-col-100 elementor-top-column elementor-element elementor-element-78a2574 pxl-column-none pxl-column-overflow-hidden-no\" data-id=\"78a2574\" data-element_type=\"column\" data-e-type=\"column\">\r\n        <div class=\"elementor-widget-wrap elementor-element-populated\">\r\n                     \r\n        \t\t<div class=\"elementor-element elementor-element-1c773dc tpg-wrapper-align-left readmore-btn-only-text tpg-border-bottom-enable meta-visibility-show title_position_default title_hover_border_default title-default img_hover_animation_default meta_position_default grid-hover-overlay-type-always tpg-el-box-border-enable elementor-widget elementor-widget-tpg-grid-layout\" data-id=\"1c773dc\" data-element_type=\"widget\" data-e-type=\"widget\" data-widget_type=\"tpg-grid-layout.default\">\n\t\t\t\t<div class=\"elementor-widget-container\">\n\t\t\t\t\t\t\t<div class=\"rt-container-fluid rt-tpg-container tpg-el-main-wrapper clearfix grid-layout1-main \"\n\t\t\t id=\"rt-tpg-container-2680428870\"\n\t\t\t data-layout=\"grid-layout1\"\n\t\t\t data-grid-style=\"tpg-full-height\"\n\t\t\t data-sc-id=\"elementor\"\n\t\t\t data-el-settings=''\n\t\t\t data-el-query=''\n\t\t\t data-el-path=''\n\t\t>\n\t\t\t\t\t\t\t<div id=\"bottom-script-loader\" class=\"bottom-script-loader\">\n\t\t\t\t\t<div class=\"rt-ball-clip-rotate\">\n\t\t\t\t\t\t<div><\/div>\n\t\t\t\t\t<\/div>\n\t\t\t\t<\/div>\n\t\t\t\t\t\t\t<div class='tpg-header-wrapper '>\n\t\t\t\t\t\t\t<\/div>\n\n\t\t\t<div data-title=\"Loading ...\" class=\"rt-row rt-content-loader grid-layout1 grid-behaviour tpg-full-height grid_layout_wrapper\">\n\t\t\t\t<div class=\"rt-col-md-4 rt-col-sm-6 rt-col-xs-12 default rt-grid-item post-12775 post type-post status-publish format-standard has-post-thumbnail hentry category-business\"        data-id=\"12775\">\n    <div class=\"rt-holder tpg-post-holder \">\n        <div class=\"rt-detail rt-el-content-wrapper\">\n\t\t\t                <div class=\"rt-img-holder tpg-el-image-wrap has-thumbnail\">\n\t\t\t\t\t<a data-id=\"12775\" href=\"https:\/\/raal.janlankas.com\/trans\/zadani-objednavek-v-databance-raaltrans-2\/\" class=\"tpg-post-link\" target=\"_self\">                        <img fetchpriority=\"high\" decoding=\"async\" src=\"https:\/\/raal.janlankas.com\/trans\/wp-content\/uploads\/2024\/07\/IMG_5765-2-768x576.jpg\"\n                             class=\"rt-img-responsive\"\n                             width=\"768\"\n                             height=\"576\"\n                             alt=\"Budoucnost na kolech: elektrick\u00e1 n\u00e1kladn\u00ed doprava p\u0159ich\u00e1z\u00ed i do \u010ceska\">\n\t\t\t\t\t\t\n\t\t\t\t\t\t\t\n\t\t<\/a>\n\t\t        <div class=\"overlay grid-hover-content\"><\/div>\n\t\t                <\/div>\n\t\t\t\n\t\t\t<div class=\"entry-title-wrapper\"><h3 class=\"entry-title\"><a data-id=\"12775\" href=\"https:\/\/raal.janlankas.com\/trans\/zadani-objednavek-v-databance-raaltrans-2\/\" class=\"tpg-post-link\" target=\"_self\">Budoucnost na kolech: elektrick\u00e1 n\u00e1kladn\u00ed doprava p\u0159ich\u00e1z\u00ed i do \u010ceska<\/a><\/h3><\/div>\n\t\t\t                <div class=\"post-meta-tags rt-el-post-meta\">\n\t\t\t\t\t            <span class='date'>\n\t\t\t\t<i class='flaticon-calendar '><\/i>\t\t\t\t                    <a href=\"https:\/\/raal.janlankas.com\/trans\/2025\/12\/02\/\">\n\t\t\t\t\t2 prosince, 2025\t\t\t\t<\/a>\n\t\t\t\t\t\t\t<\/span>\n\t\t\t                <\/div>\n\t\t\t\n\n\t\t\t\n\t\t\t        <div class=\"post-footer\">\n            <div class=\"post-footer\">\n                <div class=\"read-more\">\n\t\t\t\t\t<a data-id=\"12775\" href=\"https:\/\/raal.janlankas.com\/trans\/zadani-objednavek-v-databance-raaltrans-2\/\" class=\"tpg-post-link\" target=\"_self\">\u010c\u00edst v\u00edce<\/a>                <\/div>\n            <\/div>\n        <\/div>\n\t\t        <\/div>\n    <\/div>\n<\/div>\n<div class=\"rt-col-md-4 rt-col-sm-6 rt-col-xs-12 default rt-grid-item post-12733 post type-post status-publish format-standard has-post-thumbnail hentry category-business\"        data-id=\"12733\">\n    <div class=\"rt-holder tpg-post-holder \">\n        <div class=\"rt-detail rt-el-content-wrapper\">\n\t\t\t                <div class=\"rt-img-holder tpg-el-image-wrap has-thumbnail\">\n\t\t\t\t\t<a data-id=\"12733\" href=\"https:\/\/raal.janlankas.com\/trans\/kilometrovnik-ve-webove-aplikaci\/\" class=\"tpg-post-link\" target=\"_self\">                        <img decoding=\"async\" src=\"https:\/\/raal.janlankas.com\/trans\/wp-content\/uploads\/2024\/08\/hrnek-768x576.jpg\"\n                             class=\"rt-img-responsive\"\n                             width=\"768\"\n                             height=\"576\"\n                             alt=\"Jak m\u016f\u017ee RAALTRANS p\u0159isp\u011bt k napln\u011bn\u00ed Koncepce n\u00e1kladn\u00ed dopravy pro obdob\u00ed 2024-2035\">\n\t\t\t\t\t\t\n\t\t\t\t\t\t\t\n\t\t<\/a>\n\t\t        <div class=\"overlay grid-hover-content\"><\/div>\n\t\t                <\/div>\n\t\t\t\n\t\t\t<div class=\"entry-title-wrapper\"><h3 class=\"entry-title\"><a data-id=\"12733\" href=\"https:\/\/raal.janlankas.com\/trans\/kilometrovnik-ve-webove-aplikaci\/\" class=\"tpg-post-link\" target=\"_self\">Jak m\u016f\u017ee RAALTRANS p\u0159isp\u011bt k napln\u011bn\u00ed Koncepce n\u00e1kladn\u00ed dopravy pro obdob\u00ed 2024-2035<\/a><\/h3><\/div>\n\t\t\t                <div class=\"post-meta-tags rt-el-post-meta\">\n\t\t\t\t\t            <span class='date'>\n\t\t\t\t<i class='flaticon-calendar '><\/i>\t\t\t\t                    <a href=\"https:\/\/raal.janlankas.com\/trans\/2025\/12\/02\/\">\n\t\t\t\t\t2 prosince, 2025\t\t\t\t<\/a>\n\t\t\t\t\t\t\t<\/span>\n\t\t\t                <\/div>\n\t\t\t\n\n\t\t\t\n\t\t\t        <div class=\"post-footer\">\n            <div class=\"post-footer\">\n                <div class=\"read-more\">\n\t\t\t\t\t<a data-id=\"12733\" href=\"https:\/\/raal.janlankas.com\/trans\/kilometrovnik-ve-webove-aplikaci\/\" class=\"tpg-post-link\" target=\"_self\">\u010c\u00edst v\u00edce<\/a>                <\/div>\n            <\/div>\n        <\/div>\n\t\t        <\/div>\n    <\/div>\n<\/div>\n<div class=\"rt-col-md-4 rt-col-sm-6 rt-col-xs-12 default rt-grid-item post-12728 post type-post status-publish format-standard has-post-thumbnail hentry category-business\"        data-id=\"12728\">\n    <div class=\"rt-holder tpg-post-holder \">\n        <div class=\"rt-detail rt-el-content-wrapper\">\n\t\t\t                <div class=\"rt-img-holder tpg-el-image-wrap has-thumbnail\">\n\t\t\t\t\t<a data-id=\"12728\" href=\"https:\/\/raal.janlankas.com\/trans\/zadani-objednavek-v-databance-raaltrans\/\" class=\"tpg-post-link\" target=\"_self\">                        <img decoding=\"async\" src=\"https:\/\/raal.janlankas.com\/trans\/wp-content\/uploads\/2025\/04\/IMG_3623-768x576.jpeg\"\n                             class=\"rt-img-responsive\"\n                             width=\"768\"\n                             height=\"576\"\n                             alt=\"Zad\u00e1n\u00ed objedn\u00e1vek v databance RAALTRANS\">\n\t\t\t\t\t\t\n\t\t\t\t\t\t\t\n\t\t<\/a>\n\t\t        <div class=\"overlay grid-hover-content\"><\/div>\n\t\t                <\/div>\n\t\t\t\n\t\t\t<div class=\"entry-title-wrapper\"><h3 class=\"entry-title\"><a data-id=\"12728\" href=\"https:\/\/raal.janlankas.com\/trans\/zadani-objednavek-v-databance-raaltrans\/\" class=\"tpg-post-link\" target=\"_self\">Zad\u00e1n\u00ed objedn\u00e1vek v databance RAALTRANS<\/a><\/h3><\/div>\n\t\t\t                <div class=\"post-meta-tags rt-el-post-meta\">\n\t\t\t\t\t            <span class='date'>\n\t\t\t\t<i class='flaticon-calendar '><\/i>\t\t\t\t                    <a href=\"https:\/\/raal.janlankas.com\/trans\/2025\/12\/02\/\">\n\t\t\t\t\t2 prosince, 2025\t\t\t\t<\/a>\n\t\t\t\t\t\t\t<\/span>\n\t\t\t                <\/div>\n\t\t\t\n\n\t\t\t\n\t\t\t        <div class=\"post-footer\">\n            <div class=\"post-footer\">\n                <div class=\"read-more\">\n\t\t\t\t\t<a data-id=\"12728\" href=\"https:\/\/raal.janlankas.com\/trans\/zadani-objednavek-v-databance-raaltrans\/\" class=\"tpg-post-link\" target=\"_self\">\u010c\u00edst v\u00edce<\/a>                <\/div>\n            <\/div>\n        <\/div>\n\t\t        <\/div>\n    <\/div>\n<\/div>\n<div class=\"rt-col-md-4 rt-col-sm-6 rt-col-xs-12 default rt-grid-item post-12549 post type-post status-publish format-standard has-post-thumbnail hentry category-business\"        data-id=\"12549\">\n    <div class=\"rt-holder tpg-post-holder \">\n        <div class=\"rt-detail rt-el-content-wrapper\">\n\t\t\t                <div class=\"rt-img-holder tpg-el-image-wrap has-thumbnail\">\n\t\t\t\t\t<a data-id=\"12549\" href=\"https:\/\/raal.janlankas.com\/trans\/telefon-blog\/\" class=\"tpg-post-link\" target=\"_self\">                        <img loading=\"lazy\" decoding=\"async\" src=\"https:\/\/raal.janlankas.com\/trans\/wp-content\/uploads\/2025\/11\/1-scaled-1-768x576.webp\"\n                             class=\"rt-img-responsive\"\n                             width=\"768\"\n                             height=\"576\"\n                             alt=\"Mobiln\u00ed aplikace RAALTRANS p\u0159ich\u00e1z\u00ed s Android verz\u00ed\u00a0\">\n\t\t\t\t\t\t\n\t\t\t\t\t\t\t\n\t\t<\/a>\n\t\t        <div class=\"overlay grid-hover-content\"><\/div>\n\t\t                <\/div>\n\t\t\t\n\t\t\t<div class=\"entry-title-wrapper\"><h3 class=\"entry-title\"><a data-id=\"12549\" href=\"https:\/\/raal.janlankas.com\/trans\/telefon-blog\/\" class=\"tpg-post-link\" target=\"_self\">Mobiln\u00ed aplikace RAALTRANS p\u0159ich\u00e1z\u00ed s Android verz\u00ed\u00a0<\/a><\/h3><\/div>\n\t\t\t                <div class=\"post-meta-tags rt-el-post-meta\">\n\t\t\t\t\t            <span class='date'>\n\t\t\t\t<i class='flaticon-calendar '><\/i>\t\t\t\t                    <a href=\"https:\/\/raal.janlankas.com\/trans\/2025\/10\/28\/\">\n\t\t\t\t\t28 \u0159\u00edjna, 2025\t\t\t\t<\/a>\n\t\t\t\t\t\t\t<\/span>\n\t\t\t                <\/div>\n\t\t\t\n\n\t\t\t\n\t\t\t        <div class=\"post-footer\">\n            <div class=\"post-footer\">\n                <div class=\"read-more\">\n\t\t\t\t\t<a data-id=\"12549\" href=\"https:\/\/raal.janlankas.com\/trans\/telefon-blog\/\" class=\"tpg-post-link\" target=\"_self\">\u010c\u00edst v\u00edce<\/a>                <\/div>\n            <\/div>\n        <\/div>\n\t\t        <\/div>\n    <\/div>\n<\/div>\n\t\t\t<\/div>\n\t\t\t\n\t\t<\/div>\n\t\t\t\t\t\t<\/div>\n\t\t\t\t<\/div>\n\t\t            <\/div>\r\n        <\/div>\r\n        \t\t\t<\/div>\n\t\t<\/section>\n\t\t\t\t<\/div>\n\t\t","protected":false},"excerpt":{"rendered":"<p>Blog Budoucnost na kolech: elektrick\u00e1 n\u00e1kladn\u00ed doprava p\u0159ich\u00e1z\u00ed i do \u010ceska 2 prosince, 2025 \u010c\u00edst v\u00edce Jak m\u016f\u017ee RAALTRANS p\u0159isp\u011bt k napln\u011bn\u00ed Koncepce n\u00e1kladn\u00ed dopravy pro obdob\u00ed 2024-2035 2 prosince, 2025 \u010c\u00edst v\u00edce Zad\u00e1n\u00ed objedn\u00e1vek v databance RAALTRANS 2 prosince, 2025 \u010c\u00edst v\u00edce Mobiln\u00ed aplikace RAALTRANS p\u0159ich\u00e1z\u00ed s Android verz\u00ed\u00a0 28 \u0159\u00edjna, 2025 \u010c\u00edst v\u00edce<\/p>\n","protected":false},"author":1,"featured_media":0,"parent":0,"menu_order":0,"comment_status":"closed","ping_status":"closed","template":"","meta":{"footnotes":""},"class_list":["post-12708","page","type-page","status-publish","hentry"],"rttpg_featured_image_url":null,"rttpg_author":{"display_name":"janlankas","author_link":"https:\/\/raal.janlankas.com\/trans\/author\/janlankas\/"},"rttpg_comment":0,"rttpg_category":"","rttpg_excerpt":"Blog Budoucnost na kolech: elektrick\u00e1 n\u00e1kladn\u00ed doprava p\u0159ich\u00e1z\u00ed i do \u010ceska 2 prosince, 2025 \u010c\u00edst v\u00edce Jak m\u016f\u017ee RAALTRANS p\u0159isp\u011bt k napln\u011bn\u00ed Koncepce n\u00e1kladn\u00ed dopravy pro obdob\u00ed 2024-2035 2 prosince, 2025 \u010c\u00edst v\u00edce Zad\u00e1n\u00ed objedn\u00e1vek v databance RAALTRANS 2 prosince, 2025 \u010c\u00edst v\u00edce Mobiln\u00ed aplikace RAALTRANS p\u0159ich\u00e1z\u00ed s Android verz\u00ed\u00a0 28 \u0159\u00edjna, 2025 \u010c\u00edst v\u00edce","_links":{"self":[{"href":"https:\/\/raal.janlankas.com\/trans\/wp-json\/wp\/v2\/pages\/12708","targetHints":{"allow":["GET"]}}],"collection":[{"href":"https:\/\/raal.janlankas.com\/trans\/wp-json\/wp\/v2\/pages"}],"about":[{"href":"https:\/\/raal.janlankas.com\/trans\/wp-json\/wp\/v2\/types\/page"}],"author":[{"embeddable":true,"href":"https:\/\/raal.janlankas.com\/trans\/wp-json\/wp\/v2\/users\/1"}],"replies":[{"embeddable":true,"href":"https:\/\/raal.janlankas.com\/trans\/wp-json\/wp\/v2\/comments?post=12708"}],"version-history":[{"count":70,"href":"https:\/\/raal.janlankas.com\/trans\/wp-json\/wp\/v2\/pages\/12708\/revisions"}],"predecessor-version":[{"id":12998,"href":"https:\/\/raal.janlankas.com\/trans\/wp-json\/wp\/v2\/pages\/12708\/revisions\/12998"}],"wp:attachment":[{"href":"https:\/\/raal.janlankas.com\/trans\/wp-json\/wp\/v2\/media?parent=12708"}],"curies":[{"name":"wp","href":"https:\/\/api.w.org\/{rel}","templated":true}]}}